{"id":23532,"date":"2021-03-18T17:50:01","date_gmt":"2024-06-06T12:07:34","guid":{"rendered":"https:\/\/www.monkeysoil.com\/producto\/monkey-triko\/"},"modified":"2024-06-06T14:07:34","modified_gmt":"2024-06-06T12:07:34","slug":"monkey-triko","status":"publish","type":"product","link":"https:\/\/monkeysoil.com\/de\/produkte\/monkey-triko\/","title":{"rendered":"Monkey Triko"},"content":{"rendered":"<p class=\"p1\">Trichodermen f\u00fcr Wurzeln<\/p>\n","protected":false},"excerpt":{"rendered":"<h3>TRICHODERMEN F\u00dcR WURZELN<\/h3>\n<p><strong>Monkey Triko<\/strong> sind Trichodermen, ein n\u00fctzlicher Mikroorganismus, der die Rhizosph\u00e4re schnell besiedelt und die Entwicklung der Pflanzen verbessert, so dass kein Platz f\u00fcr andere Pilze bleibt, die der Pflanze schaden.<br \/>\nSt\u00e4rkt die Wurzeln und optimiert die Fruchtbarkeit des N\u00e4hrbodens. Sie kann in einem breiten Spektrum von Bodentemperaturen und pH-Werten gedeihen.<br \/>\nEs wird dem Bew\u00e4sserungswasser beigemischt. Empfohlene Anwendung 1 &#8211; 2 Gramm pro Pflanze.<br \/>\nDie Behandlung kann bei Pflanzen mit Mangelerscheinungen alle 30 Tage mit der H\u00e4lfte der empfohlenen Menge wiederholt werden.<\/p>\n","protected":false},"featured_media":23533,"menu_order":142,"comment_status":"closed","ping_status":"closed","template":"","meta":{"_acf_changed":false,"_et_pb_use_builder":"off","_et_pb_old_content":"","_et_gb_content_width":""},"product_brand":[],"product_cat":[532],"product_tag":[],"class_list":{"0":"post-23532","1":"product","2":"type-product","3":"status-publish","4":"has-post-thumbnail","6":"product_cat-microlife-de","8":"first","9":"instock","10":"taxable","11":"shipping-taxable","12":"purchasable","13":"product-type-simple"},"acf":[],"_links":{"self":[{"href":"https:\/\/monkeysoil.com\/de\/wp-json\/wp\/v2\/product\/23532","targetHints":{"allow":["GET"]}}],"collection":[{"href":"https:\/\/monkeysoil.com\/de\/wp-json\/wp\/v2\/product"}],"about":[{"href":"https:\/\/monkeysoil.com\/de\/wp-json\/wp\/v2\/types\/product"}],"replies":[{"embeddable":true,"href":"https:\/\/monkeysoil.com\/de\/wp-json\/wp\/v2\/comments?post=23532"}],"wp:featuredmedia":[{"embeddable":true,"href":"https:\/\/monkeysoil.com\/de\/wp-json\/wp\/v2\/media\/23533"}],"wp:attachment":[{"href":"https:\/\/monkeysoil.com\/de\/wp-json\/wp\/v2\/media?parent=23532"}],"wp:term":[{"taxonomy":"product_brand","embeddable":true,"href":"https:\/\/monkeysoil.com\/de\/wp-json\/wp\/v2\/product_brand?post=23532"},{"taxonomy":"product_cat","embeddable":true,"href":"https:\/\/monkeysoil.com\/de\/wp-json\/wp\/v2\/product_cat?post=23532"},{"taxonomy":"product_tag","embeddable":true,"href":"https:\/\/monkeysoil.com\/de\/wp-json\/wp\/v2\/product_tag?post=23532"}],"curies":[{"name":"wp","href":"https:\/\/api.w.org\/{rel}","templated":true}]}}