{"id":23530,"date":"2020-04-07T09:41:26","date_gmt":"2024-06-06T12:02:33","guid":{"rendered":"https:\/\/www.monkeysoil.com\/producto\/mykro-monkey\/"},"modified":"2024-06-06T14:02:33","modified_gmt":"2024-06-06T12:02:33","slug":"mykro-monkey","status":"publish","type":"product","link":"https:\/\/monkeysoil.com\/de\/produkte\/mykro-monkey\/","title":{"rendered":"Mykro Monkey"},"content":{"rendered":"<p>Microlife-Packung mit Bacillus und Rhizomen<\/p>\n","protected":false},"excerpt":{"rendered":"<h3>Microlife-Packung mit Bacillus und Rhizomen<\/h3>\n<p>Mykro Monkey ist ein Produkt mit einer spezifischen Wirkung auf der Basis von Mykorrhizapilzen und Rhizosph\u00e4renbakterien. Ein komplettes \u201eMikro-Leben\u201c-Paket mit Bazillen und Rhizomen, das das Enzymsystem der Pflanze stimuliert und die Bodenstruktur und die mikrobiologische Aktivit\u00e4t verbessert, so dass Ihre Pflanzen weniger D\u00fcnger zum Gedeihen ben\u00f6tigen. F\u00f6rdert die Wurzelentwicklung und die Keimung von Samen.<\/p>\n<p>Es kann als Blatt- oder Wurzelapplikation angewendet werden. Vertr\u00e4glich mit den meisten Pflanzenschutzmitteln und Blattd\u00fcngern mit Ausnahme von Mineral\u00f6len auf Kupferbasis.<\/p>\n<p>0,5-1,5 Gramm pro Liter Boden, 0,5 Gramm in Gew\u00e4chsh\u00e4usern\/Gew\u00e4chsh\u00e4usern, 1 Gramm bei der Bodensanierung und 1,5 Gramm in Innenkulturen anwenden.<\/p>\n<p>&nbsp;<\/p>\n","protected":false},"featured_media":23531,"menu_order":138,"comment_status":"closed","ping_status":"closed","template":"","meta":{"_acf_changed":false,"_et_pb_use_builder":"off","_et_pb_old_content":"","_et_gb_content_width":""},"product_brand":[],"product_cat":[532],"product_tag":[],"class_list":{"0":"post-23530","1":"product","2":"type-product","3":"status-publish","4":"has-post-thumbnail","6":"product_cat-microlife-de","8":"first","9":"instock","10":"featured","11":"taxable","12":"shipping-taxable","13":"purchasable","14":"product-type-simple"},"acf":[],"_links":{"self":[{"href":"https:\/\/monkeysoil.com\/de\/wp-json\/wp\/v2\/product\/23530","targetHints":{"allow":["GET"]}}],"collection":[{"href":"https:\/\/monkeysoil.com\/de\/wp-json\/wp\/v2\/product"}],"about":[{"href":"https:\/\/monkeysoil.com\/de\/wp-json\/wp\/v2\/types\/product"}],"replies":[{"embeddable":true,"href":"https:\/\/monkeysoil.com\/de\/wp-json\/wp\/v2\/comments?post=23530"}],"wp:featuredmedia":[{"embeddable":true,"href":"https:\/\/monkeysoil.com\/de\/wp-json\/wp\/v2\/media\/23531"}],"wp:attachment":[{"href":"https:\/\/monkeysoil.com\/de\/wp-json\/wp\/v2\/media?parent=23530"}],"wp:term":[{"taxonomy":"product_brand","embeddable":true,"href":"https:\/\/monkeysoil.com\/de\/wp-json\/wp\/v2\/product_brand?post=23530"},{"taxonomy":"product_cat","embeddable":true,"href":"https:\/\/monkeysoil.com\/de\/wp-json\/wp\/v2\/product_cat?post=23530"},{"taxonomy":"product_tag","embeddable":true,"href":"https:\/\/monkeysoil.com\/de\/wp-json\/wp\/v2\/product_tag?post=23530"}],"curies":[{"name":"wp","href":"https:\/\/api.w.org\/{rel}","templated":true}]}}