{"id":23523,"date":"2016-04-18T14:58:41","date_gmt":"2024-06-06T11:50:52","guid":{"rendered":"https:\/\/www.monkeysoil.com\/producto\/monkey-klone\/"},"modified":"2024-10-07T14:09:34","modified_gmt":"2024-10-07T12:09:34","slug":"monkey-klone","status":"publish","type":"product","link":"https:\/\/monkeysoil.com\/de\/produkte\/monkey-klone\/","title":{"rendered":"Monkey Klone"},"content":{"rendered":"<p>Steckbare Schale f\u00fcr hervorragende Keimleistung<\/p>\n","protected":false},"excerpt":{"rendered":"<h2>TRAY PLUGINS F\u00dcR HERVORRAGENDE KEIMLEISTUNG<\/h2>\n<p><strong>Monkey Klone<\/strong> <strong>Keimschalen<\/strong> sind Saatbeete mit einem Substrat aus Kokosfasern, Torf und organischem D\u00fcnger f\u00fcr die Keimung von <strong>Samen und das Klonen von Pflanzen<\/strong>.<\/p>\n<p>Die Verwendung von <strong>Monkey Klone<\/strong> bei der Geburt und in der ersten Wachstumsphase der Pflanze f\u00f6rdert eine <strong>au\u00dfergew\u00f6hnliche Wurzelentwicklung<\/strong>.<\/p>\n<p>Es gibt zwei Gr\u00f6\u00dfen von Monkey Klone: 104 und 150 Zellen. Jede Alveole wird mit einer Mischung aus Torf und N\u00e4hrstoffen vorbereitet, um hervorragende Ergebnisse beim Keimungsprozess und gesunde, starke Klone zu erzielen. Sie sind ein ausgiebig getestetes Produkt mit 100%iger Effizienz.<\/p>\n<p>Gemisch aus Kokostorf und Sphagnumtorf. Es liefert Stickstoff, NPK, Eisen und Kalziumkarbonat.<\/p>\n","protected":false},"featured_media":23524,"menu_order":53,"comment_status":"open","ping_status":"closed","template":"","meta":{"_acf_changed":false,"_et_pb_use_builder":"","_et_pb_old_content":"","_et_gb_content_width":""},"product_brand":[],"product_cat":[531],"product_tag":[],"class_list":{"0":"post-23523","1":"product","2":"type-product","3":"status-publish","4":"has-post-thumbnail","6":"product_cat-keimschalen","8":"first","9":"instock","10":"featured","11":"taxable","12":"shipping-taxable","13":"purchasable","14":"product-type-variable"},"acf":[],"_links":{"self":[{"href":"https:\/\/monkeysoil.com\/de\/wp-json\/wp\/v2\/product\/23523","targetHints":{"allow":["GET"]}}],"collection":[{"href":"https:\/\/monkeysoil.com\/de\/wp-json\/wp\/v2\/product"}],"about":[{"href":"https:\/\/monkeysoil.com\/de\/wp-json\/wp\/v2\/types\/product"}],"replies":[{"embeddable":true,"href":"https:\/\/monkeysoil.com\/de\/wp-json\/wp\/v2\/comments?post=23523"}],"wp:featuredmedia":[{"embeddable":true,"href":"https:\/\/monkeysoil.com\/de\/wp-json\/wp\/v2\/media\/23524"}],"wp:attachment":[{"href":"https:\/\/monkeysoil.com\/de\/wp-json\/wp\/v2\/media?parent=23523"}],"wp:term":[{"taxonomy":"product_brand","embeddable":true,"href":"https:\/\/monkeysoil.com\/de\/wp-json\/wp\/v2\/product_brand?post=23523"},{"taxonomy":"product_cat","embeddable":true,"href":"https:\/\/monkeysoil.com\/de\/wp-json\/wp\/v2\/product_cat?post=23523"},{"taxonomy":"product_tag","embeddable":true,"href":"https:\/\/monkeysoil.com\/de\/wp-json\/wp\/v2\/product_tag?post=23523"}],"curies":[{"name":"wp","href":"https:\/\/api.w.org\/{rel}","templated":true}]}}