{"id":23519,"date":"2016-03-09T10:33:01","date_gmt":"2024-06-06T11:35:38","guid":{"rendered":"https:\/\/www.monkeysoil.com\/producto\/monkey-worms\/"},"modified":"2024-09-05T14:10:08","modified_gmt":"2024-09-05T12:10:08","slug":"monkey-worms","status":"publish","type":"product","link":"https:\/\/monkeysoil.com\/de\/produkte\/monkey-worms\/","title":{"rendered":"Monkey Worms"},"content":{"rendered":"<p>Regenwurm Humus organisches Substrat<\/p>\n","protected":false},"excerpt":{"rendered":"<h2>REGENWURMHUMUS ORGANISCHES SUBSTRAT<\/h2>\n<p><strong>5 L-Kanister<\/strong><\/p>\n<p>Es handelt sich um kalifornischen roten <strong>Regenwurmhumus<\/strong> von au\u00dfergew\u00f6hnlicher Qualit\u00e4t, der als Spitzenprodukt gilt. Ein <strong>100% nat\u00fcrliches und organisches <\/strong> Substrat. Es wird aus kalifornischen roten Regenwurmkot hergestellt und enth\u00e4lt Enzyme, Mineralien und lebende organische Stoffe, die es zur perfekten Pflanzennahrung machen.<\/p>\n<p>Es wird zu Beginn des Anbaus unter das Basissubstrat gemischt und sorgt f\u00fcr eine zus\u00e4tzliche, nat\u00fcrliche D\u00fcngung. Empfohlener Anteil: zwischen 10 und 20 % des gesamten Substrats.<\/p>\n","protected":false},"featured_media":23520,"menu_order":132,"comment_status":"closed","ping_status":"closed","template":"","meta":{"_acf_changed":false,"_et_pb_use_builder":"","_et_pb_old_content":"","_et_gb_content_width":""},"product_brand":[],"product_cat":[513,501],"product_tag":[528,485,527,474],"class_list":{"0":"post-23519","1":"product","2":"type-product","3":"status-publish","4":"has-post-thumbnail","6":"product_cat-feste-dungemittel","7":"product_cat-dungemittel","8":"product_tag-humus-de","9":"product_tag-monkey-de","10":"product_tag-monkey-worms-de","11":"product_tag-substrat","13":"first","14":"instock","15":"taxable","16":"shipping-taxable","17":"purchasable","18":"product-type-simple"},"acf":[],"_links":{"self":[{"href":"https:\/\/monkeysoil.com\/de\/wp-json\/wp\/v2\/product\/23519","targetHints":{"allow":["GET"]}}],"collection":[{"href":"https:\/\/monkeysoil.com\/de\/wp-json\/wp\/v2\/product"}],"about":[{"href":"https:\/\/monkeysoil.com\/de\/wp-json\/wp\/v2\/types\/product"}],"replies":[{"embeddable":true,"href":"https:\/\/monkeysoil.com\/de\/wp-json\/wp\/v2\/comments?post=23519"}],"wp:featuredmedia":[{"embeddable":true,"href":"https:\/\/monkeysoil.com\/de\/wp-json\/wp\/v2\/media\/23520"}],"wp:attachment":[{"href":"https:\/\/monkeysoil.com\/de\/wp-json\/wp\/v2\/media?parent=23519"}],"wp:term":[{"taxonomy":"product_brand","embeddable":true,"href":"https:\/\/monkeysoil.com\/de\/wp-json\/wp\/v2\/product_brand?post=23519"},{"taxonomy":"product_cat","embeddable":true,"href":"https:\/\/monkeysoil.com\/de\/wp-json\/wp\/v2\/product_cat?post=23519"},{"taxonomy":"product_tag","embeddable":true,"href":"https:\/\/monkeysoil.com\/de\/wp-json\/wp\/v2\/product_tag?post=23519"}],"curies":[{"name":"wp","href":"https:\/\/api.w.org\/{rel}","templated":true}]}}