{"id":23516,"date":"2021-03-19T11:27:58","date_gmt":"2024-06-06T11:16:37","guid":{"rendered":"https:\/\/www.monkeysoil.com\/producto\/monkey-dolomite\/"},"modified":"2024-06-06T13:16:37","modified_gmt":"2024-06-06T11:16:37","slug":"monkey-dolomite","status":"publish","type":"product","link":"https:\/\/monkeysoil.com\/de\/produkte\/monkey-dolomite\/","title":{"rendered":"Monkey Dolomite"},"content":{"rendered":"<p>Nat\u00fcrliches Kalzium und Magnesium<\/p>\n","protected":false},"excerpt":{"rendered":"<h3>Nat\u00fcrliches Kalzium und Magnesium<\/h3>\n<p><strong>5 kg-Kanister<\/strong><\/p>\n<p class=\"p1\"><span class=\"s1\">Dolomit ist ein Mineral, das wegen seines hohen Kalzium- und Magnesiumgehalts in der Landwirtschaft verwendet wird. Sein neutraler pH-Wert hilft, den pH-Wert des Substrats zu puffern, insbesondere in sauren B\u00f6den. Es beg\u00fcnstigt die Photosynthese der Pflanze, st\u00e4rkt sie und f\u00f6rdert die Pr\u00e4senz und Aktivit\u00e4t von Mikroorganismen im Boden. <span class=\"Apple-converted-space\"> <\/span><\/span><\/p>\n<p class=\"p1\"><span class=\"s1\">Dolomit wird aus sediment\u00e4rem Kalksteingestein gewonnen und liegt in Pulverform mit einer Korngr\u00f6\u00dfe von 0,1 &#8211; 1 mm vor.<\/span><\/p>\n<p class=\"p1\"><span class=\"s1\">Es kann direkt auf das Substrat oder in das Bew\u00e4sserungswasser gegeben werden. Es wird empfohlen, bei der Vorbereitung des Substrats 1 Gramm pro Liter Erde zu verwenden. In Bew\u00e4sserungswasser nur in sehr geringen Dosen und niemals in automatischen Systemen anwenden, da es diese verstopfen k\u00f6nnte.<\/span><\/p>\n","protected":false},"featured_media":23517,"menu_order":122,"comment_status":"closed","ping_status":"closed","template":"","meta":{"_acf_changed":false,"_et_pb_use_builder":"off","_et_pb_old_content":"","_et_gb_content_width":""},"product_brand":[],"product_cat":[513,501],"product_tag":[],"class_list":{"0":"post-23516","1":"product","2":"type-product","3":"status-publish","4":"has-post-thumbnail","6":"product_cat-feste-dungemittel","7":"product_cat-dungemittel","9":"first","10":"instock","11":"taxable","12":"shipping-taxable","13":"purchasable","14":"product-type-simple"},"acf":[],"_links":{"self":[{"href":"https:\/\/monkeysoil.com\/de\/wp-json\/wp\/v2\/product\/23516","targetHints":{"allow":["GET"]}}],"collection":[{"href":"https:\/\/monkeysoil.com\/de\/wp-json\/wp\/v2\/product"}],"about":[{"href":"https:\/\/monkeysoil.com\/de\/wp-json\/wp\/v2\/types\/product"}],"replies":[{"embeddable":true,"href":"https:\/\/monkeysoil.com\/de\/wp-json\/wp\/v2\/comments?post=23516"}],"wp:featuredmedia":[{"embeddable":true,"href":"https:\/\/monkeysoil.com\/de\/wp-json\/wp\/v2\/media\/23517"}],"wp:attachment":[{"href":"https:\/\/monkeysoil.com\/de\/wp-json\/wp\/v2\/media?parent=23516"}],"wp:term":[{"taxonomy":"product_brand","embeddable":true,"href":"https:\/\/monkeysoil.com\/de\/wp-json\/wp\/v2\/product_brand?post=23516"},{"taxonomy":"product_cat","embeddable":true,"href":"https:\/\/monkeysoil.com\/de\/wp-json\/wp\/v2\/product_cat?post=23516"},{"taxonomy":"product_tag","embeddable":true,"href":"https:\/\/monkeysoil.com\/de\/wp-json\/wp\/v2\/product_tag?post=23516"}],"curies":[{"name":"wp","href":"https:\/\/api.w.org\/{rel}","templated":true}]}}