{"id":23510,"date":"2016-03-09T10:32:40","date_gmt":"2024-06-06T11:09:45","guid":{"rendered":"https:\/\/www.monkeysoil.com\/producto\/bat-monkey\/"},"modified":"2024-06-06T13:09:45","modified_gmt":"2024-06-06T11:09:45","slug":"bat-monkey","status":"publish","type":"product","link":"https:\/\/monkeysoil.com\/de\/produkte\/bat-monkey\/","title":{"rendered":"Bat Monkey"},"content":{"rendered":"<p>Nat\u00fcrlicher Fledermausguano<\/p>\n","protected":false},"excerpt":{"rendered":"<h2>NAT\u00dcRLICHER FLEDERMAUSGUANO<\/h2>\n<p><strong>Packung mit 1 oder 5 kg<\/strong><\/p>\n<p>Es ist der Fledermausguano von Monkey Soil. Ein nat\u00fcrlicher D\u00fcnger mit aktiven organischen Elementen und Mineralien, reich an Phosphor und Kalium, der die Pflanzen f\u00fcr eine bessere Entwicklung und eine reiche Bl\u00fcte st\u00e4rkt.<\/p>\n<p>Mischen Sie zu Beginn der Kultur 3 bis 4 Gramm Bat Monkey pro Liter Substrat. Wiederholen Sie den Vorgang nach 4 bis 5 Wochen der Bl\u00fcte.<\/p>\n","protected":false},"featured_media":23511,"menu_order":127,"comment_status":"closed","ping_status":"closed","template":"","meta":{"_acf_changed":false,"_et_pb_use_builder":"","_et_pb_old_content":"","_et_gb_content_width":""},"product_brand":[],"product_cat":[513,501],"product_tag":[526,485,475,476],"class_list":{"0":"post-23510","1":"product","2":"type-product","3":"status-publish","4":"has-post-thumbnail","6":"product_cat-feste-dungemittel","7":"product_cat-dungemittel","8":"product_tag-bat-monkey-de","9":"product_tag-monkey-de","10":"product_tag-monkey-soil-de","11":"product_tag-substrate","13":"first","14":"instock","15":"taxable","16":"shipping-taxable","17":"purchasable","18":"product-type-variable"},"acf":[],"_links":{"self":[{"href":"https:\/\/monkeysoil.com\/de\/wp-json\/wp\/v2\/product\/23510","targetHints":{"allow":["GET"]}}],"collection":[{"href":"https:\/\/monkeysoil.com\/de\/wp-json\/wp\/v2\/product"}],"about":[{"href":"https:\/\/monkeysoil.com\/de\/wp-json\/wp\/v2\/types\/product"}],"replies":[{"embeddable":true,"href":"https:\/\/monkeysoil.com\/de\/wp-json\/wp\/v2\/comments?post=23510"}],"wp:featuredmedia":[{"embeddable":true,"href":"https:\/\/monkeysoil.com\/de\/wp-json\/wp\/v2\/media\/23511"}],"wp:attachment":[{"href":"https:\/\/monkeysoil.com\/de\/wp-json\/wp\/v2\/media?parent=23510"}],"wp:term":[{"taxonomy":"product_brand","embeddable":true,"href":"https:\/\/monkeysoil.com\/de\/wp-json\/wp\/v2\/product_brand?post=23510"},{"taxonomy":"product_cat","embeddable":true,"href":"https:\/\/monkeysoil.com\/de\/wp-json\/wp\/v2\/product_cat?post=23510"},{"taxonomy":"product_tag","embeddable":true,"href":"https:\/\/monkeysoil.com\/de\/wp-json\/wp\/v2\/product_tag?post=23510"}],"curies":[{"name":"wp","href":"https:\/\/api.w.org\/{rel}","templated":true}]}}