{"id":23504,"date":"2020-04-07T16:33:11","date_gmt":"2024-06-06T11:06:33","guid":{"rendered":"https:\/\/www.monkeysoil.com\/producto\/monkey-seaweed\/"},"modified":"2024-06-06T13:06:33","modified_gmt":"2024-06-06T11:06:33","slug":"monkey-seaweed","status":"publish","type":"product","link":"https:\/\/monkeysoil.com\/de\/produkte\/monkey-seaweed\/","title":{"rendered":"Monkey Seaweed"},"content":{"rendered":"<p>100% nat\u00fcrlicher Seetang<\/p>\n","protected":false},"excerpt":{"rendered":"<h3>100% nat\u00fcrliche Algen<\/h3>\n<p>Hergestellt aus 100% Algen, die als Biostimulans wirken und den Biotyp der Pflanze verbessern. Es enth\u00e4lt nat\u00fcrliche Aminos\u00e4uren und Phytohormone sowie firmeneigene Mikroorganismen, die gegen eindringende Pilze und Bakterien wirken. Die Algen stimulieren als nat\u00fcrlicher Wirkstoff das Wachstum der Pflanzen, damit sie sich schnell entwickeln, und helfen dem Substrat, Feuchtigkeit zu speichern.<\/p>\n<p>1 Gramm pro Liter Boden in Innenr\u00e4umen, 1,5 Gramm bei der Bodensanierung. F\u00fcr Gew\u00e4chsh\u00e4user \/ Treibh\u00e4user 0,5 Gramm pro Liter auftragen und die Anwendung alle 3 Monate wiederholen.<\/p>\n","protected":false},"featured_media":23509,"menu_order":117,"comment_status":"closed","ping_status":"closed","template":"","meta":{"_acf_changed":false,"_et_pb_use_builder":"off","_et_pb_old_content":"","_et_gb_content_width":""},"product_brand":[],"product_cat":[513,501],"product_tag":[],"class_list":{"0":"post-23504","1":"product","2":"type-product","3":"status-publish","4":"has-post-thumbnail","6":"product_cat-feste-dungemittel","7":"product_cat-dungemittel","9":"first","10":"instock","11":"taxable","12":"shipping-taxable","13":"purchasable","14":"product-type-variable","15":"has-default-attributes"},"acf":[],"_links":{"self":[{"href":"https:\/\/monkeysoil.com\/de\/wp-json\/wp\/v2\/product\/23504","targetHints":{"allow":["GET"]}}],"collection":[{"href":"https:\/\/monkeysoil.com\/de\/wp-json\/wp\/v2\/product"}],"about":[{"href":"https:\/\/monkeysoil.com\/de\/wp-json\/wp\/v2\/types\/product"}],"replies":[{"embeddable":true,"href":"https:\/\/monkeysoil.com\/de\/wp-json\/wp\/v2\/comments?post=23504"}],"wp:featuredmedia":[{"embeddable":true,"href":"https:\/\/monkeysoil.com\/de\/wp-json\/wp\/v2\/media\/23509"}],"wp:attachment":[{"href":"https:\/\/monkeysoil.com\/de\/wp-json\/wp\/v2\/media?parent=23504"}],"wp:term":[{"taxonomy":"product_brand","embeddable":true,"href":"https:\/\/monkeysoil.com\/de\/wp-json\/wp\/v2\/product_brand?post=23504"},{"taxonomy":"product_cat","embeddable":true,"href":"https:\/\/monkeysoil.com\/de\/wp-json\/wp\/v2\/product_cat?post=23504"},{"taxonomy":"product_tag","embeddable":true,"href":"https:\/\/monkeysoil.com\/de\/wp-json\/wp\/v2\/product_tag?post=23504"}],"curies":[{"name":"wp","href":"https:\/\/api.w.org\/{rel}","templated":true}]}}