{"id":23496,"date":"2022-02-07T16:04:47","date_gmt":"2024-06-06T10:59:46","guid":{"rendered":"https:\/\/www.monkeysoil.com\/producto\/monkey-all-in-monkey\/"},"modified":"2024-06-06T12:59:46","modified_gmt":"2024-06-06T10:59:46","slug":"monkey-all-in-monkey","status":"publish","type":"product","link":"https:\/\/monkeysoil.com\/de\/produkte\/monkey-all-in-monkey\/","title":{"rendered":"Monkey All in Monkey"},"content":{"rendered":"<p>Feste D\u00fcngemittel mit langsamer Freisetzung<\/p>\n","protected":false},"excerpt":{"rendered":"<h3>Langsam freisetzender Festd\u00fcnger<\/h3>\n<p>Monkey&#8217;s niedrig konzentrierter organischer D\u00fcnger in fester Form! Es wird langsam freigesetzt und ist ideal f\u00fcr den biologischen oder \u00f6kologischen Anbau. Speziell formuliert, um die Pflanzenentwicklung auf nat\u00fcrliche Weise zu verbessern, Pflanzenstress zu reduzieren und die Pflanze gegen m\u00f6gliche Sch\u00e4dlinge oder Erntekomplikationen zu st\u00e4rken.<\/p>\n<p>2 Gramm pro Liter Erde mischen. In Gew\u00e4chsh\u00e4usern \/ Treibh\u00e4usern 2 mal w\u00e4hrend der Wachstumsperiode anwenden.<\/p>\n","protected":false},"featured_media":23501,"menu_order":112,"comment_status":"closed","ping_status":"closed","template":"","meta":{"_acf_changed":false,"_et_pb_use_builder":"off","_et_pb_old_content":"","_et_gb_content_width":""},"product_brand":[],"product_cat":[513,501],"product_tag":[],"class_list":{"0":"post-23496","1":"product","2":"type-product","3":"status-publish","4":"has-post-thumbnail","6":"product_cat-feste-dungemittel","7":"product_cat-dungemittel","9":"first","10":"instock","11":"taxable","12":"shipping-taxable","13":"purchasable","14":"product-type-variable"},"acf":[],"_links":{"self":[{"href":"https:\/\/monkeysoil.com\/de\/wp-json\/wp\/v2\/product\/23496","targetHints":{"allow":["GET"]}}],"collection":[{"href":"https:\/\/monkeysoil.com\/de\/wp-json\/wp\/v2\/product"}],"about":[{"href":"https:\/\/monkeysoil.com\/de\/wp-json\/wp\/v2\/types\/product"}],"replies":[{"embeddable":true,"href":"https:\/\/monkeysoil.com\/de\/wp-json\/wp\/v2\/comments?post=23496"}],"wp:featuredmedia":[{"embeddable":true,"href":"https:\/\/monkeysoil.com\/de\/wp-json\/wp\/v2\/media\/23501"}],"wp:attachment":[{"href":"https:\/\/monkeysoil.com\/de\/wp-json\/wp\/v2\/media?parent=23496"}],"wp:term":[{"taxonomy":"product_brand","embeddable":true,"href":"https:\/\/monkeysoil.com\/de\/wp-json\/wp\/v2\/product_brand?post=23496"},{"taxonomy":"product_cat","embeddable":true,"href":"https:\/\/monkeysoil.com\/de\/wp-json\/wp\/v2\/product_cat?post=23496"},{"taxonomy":"product_tag","embeddable":true,"href":"https:\/\/monkeysoil.com\/de\/wp-json\/wp\/v2\/product_tag?post=23496"}],"curies":[{"name":"wp","href":"https:\/\/api.w.org\/{rel}","templated":true}]}}