{"id":23493,"date":"2022-05-23T12:19:08","date_gmt":"2024-06-06T10:56:02","guid":{"rendered":"https:\/\/www.monkeysoil.com\/producto\/monkey-punch\/"},"modified":"2024-06-06T12:56:10","modified_gmt":"2024-06-06T10:56:10","slug":"monkey-punch","status":"publish","type":"product","link":"https:\/\/monkeysoil.com\/de\/produkte\/monkey-punch\/","title":{"rendered":"Monkey Punch"},"content":{"rendered":"<p class=\"p1\">Organische Verbindung zur F\u00f6rderung der Bl\u00fcte<\/p>\n","protected":false},"excerpt":{"rendered":"<h2>ORGANISCHE VERBINDUNG ZUR F\u00d6RDERUNG DER BL\u00dcTE<\/h2>\n<p><strong>30 g-Beutel<\/strong><\/p>\n<p><strong>Monkey Punch<\/strong> ist ein innovatives Pr\u00e4parat auf der Basis von <strong>Guano und Meeresalgen<\/strong>, das w\u00e4hrend der <strong>Bl\u00fctezeit<\/strong> angewendet wird. N\u00e4hrt und revitalisiert die Pflanzen, um die Knospen zu bereichern und zu st\u00e4rken. Monkey Punch ist ideal, um den nat\u00fcrlichen Ern\u00e4hrungsprozess der Pflanzen in <strong>Supersoil-Kulturen<\/strong> zu vervollst\u00e4ndigen; dank seiner langsam freisetzenden Formel kann es auch mit jeder organischen D\u00fcngungsmethode kombiniert werden.<\/p>\n<p>Zweimal w\u00f6chentlich mit 3 g pro Liter Wasser verd\u00fcnnt anwenden. Sie kann von der dritten bis zur siebten Woche der Bl\u00fctezeit verwendet werden.<\/p>\n","protected":false},"featured_media":23494,"menu_order":107,"comment_status":"closed","ping_status":"closed","template":"","meta":{"_acf_changed":false,"_et_pb_use_builder":"","_et_pb_old_content":"","_et_gb_content_width":""},"product_brand":[],"product_cat":[513,501],"product_tag":[522,502,520,521,523],"class_list":{"0":"post-23493","1":"product","2":"type-product","3":"status-publish","4":"has-post-thumbnail","6":"product_cat-feste-dungemittel","7":"product_cat-dungemittel","8":"product_tag-bluhende","9":"product_tag-dungemittel","10":"product_tag-guano-de","11":"product_tag-monkey-punch-de","12":"product_tag-seegras","14":"first","15":"instock","16":"taxable","17":"shipping-taxable","18":"purchasable","19":"product-type-simple"},"acf":[],"_links":{"self":[{"href":"https:\/\/monkeysoil.com\/de\/wp-json\/wp\/v2\/product\/23493","targetHints":{"allow":["GET"]}}],"collection":[{"href":"https:\/\/monkeysoil.com\/de\/wp-json\/wp\/v2\/product"}],"about":[{"href":"https:\/\/monkeysoil.com\/de\/wp-json\/wp\/v2\/types\/product"}],"replies":[{"embeddable":true,"href":"https:\/\/monkeysoil.com\/de\/wp-json\/wp\/v2\/comments?post=23493"}],"wp:featuredmedia":[{"embeddable":true,"href":"https:\/\/monkeysoil.com\/de\/wp-json\/wp\/v2\/media\/23494"}],"wp:attachment":[{"href":"https:\/\/monkeysoil.com\/de\/wp-json\/wp\/v2\/media?parent=23493"}],"wp:term":[{"taxonomy":"product_brand","embeddable":true,"href":"https:\/\/monkeysoil.com\/de\/wp-json\/wp\/v2\/product_brand?post=23493"},{"taxonomy":"product_cat","embeddable":true,"href":"https:\/\/monkeysoil.com\/de\/wp-json\/wp\/v2\/product_cat?post=23493"},{"taxonomy":"product_tag","embeddable":true,"href":"https:\/\/monkeysoil.com\/de\/wp-json\/wp\/v2\/product_tag?post=23493"}],"curies":[{"name":"wp","href":"https:\/\/api.w.org\/{rel}","templated":true}]}}