{"id":23491,"date":"2022-05-23T13:30:00","date_gmt":"2024-06-06T10:39:49","guid":{"rendered":"https:\/\/www.monkeysoil.com\/producto\/super-soil\/"},"modified":"2024-06-06T12:39:49","modified_gmt":"2024-06-06T10:39:49","slug":"super-soil","status":"publish","type":"product","link":"https:\/\/monkeysoil.com\/de\/produkte\/super-soil\/","title":{"rendered":"Super Soil"},"content":{"rendered":"<p class=\"p1\">Organische N\u00e4hrstoff- und Mikrolebensmittel f\u00fcr Supersubstrate<\/p>\n","protected":false},"excerpt":{"rendered":"<h2>ORGANISCHE N\u00c4HRSTOFF- UND MIKROLEBENSMITTEL F\u00dcR SUPERSUBSTRATE<\/h2>\n<p><strong>900 g-Beutel<\/strong><\/p>\n<p><strong>Monkey&#8217;s Super Soil <\/strong> ist ein revolution\u00e4res Produkt, um den letzten Schritt im <strong>organischen Anbau<\/strong> mit <strong>Supersubstrat <\/strong> zu machen und einen authentischen, <strong>lebendigen Boden<\/strong> zu schaffen. Es handelt sich um ein spezielles <strong>N\u00e4hrstoff- und Mikrolife-Rezept<\/strong>, das Sie zu <strong>Beginn der Kultur <\/strong> mit dem Substrat mischen und das die Pflanzen mit allem versorgt, was sie f\u00fcr ihren <strong>gesamten Lebenszyklus ben\u00f6tigen<\/strong>. Mit Super Soil brauchen <strong>Sie nur noch zu gie\u00dfen<\/strong> und k\u00f6nnen sich daran erfreuen, wie Ihre Pflanzen wachsen und gedeihen, stark und kr\u00e4ftig, mit <strong>100% nat\u00fcrlicher Ern\u00e4hrung<\/strong>.<\/p>\n<p>Das Produkt wird in einem <strong>gro\u00dfen Beutel<\/strong> mit der festen <strong>D\u00fcngermischung geliefert.<\/strong> Darin befindet sich ein weiterer <strong>kleiner Umschlag<\/strong> mit den <strong>Mikrolebensdosen<\/strong>. Jeder Beutel Super Soil ist so bemessen, dass er mit <strong>1 x 50-Liter-Beutel<\/strong> <strong>Substrat<\/strong> gemischt werden kann.<\/p>\n","protected":false},"featured_media":23492,"menu_order":102,"comment_status":"closed","ping_status":"closed","template":"","meta":{"_acf_changed":false,"_et_pb_use_builder":"","_et_pb_old_content":"","_et_gb_content_width":""},"product_brand":[],"product_cat":[513,501],"product_tag":[502,518,519,517,516],"class_list":{"0":"post-23491","1":"product","2":"type-product","3":"status-publish","4":"has-post-thumbnail","6":"product_cat-feste-dungemittel","7":"product_cat-dungemittel","8":"product_tag-dungemittel","9":"product_tag-living-soil-de","10":"product_tag-mikrovida","11":"product_tag-super-soil-de","12":"product_tag-supersoil-de","14":"first","15":"instock","16":"featured","17":"taxable","18":"shipping-taxable","19":"purchasable","20":"product-type-simple"},"acf":[],"_links":{"self":[{"href":"https:\/\/monkeysoil.com\/de\/wp-json\/wp\/v2\/product\/23491","targetHints":{"allow":["GET"]}}],"collection":[{"href":"https:\/\/monkeysoil.com\/de\/wp-json\/wp\/v2\/product"}],"about":[{"href":"https:\/\/monkeysoil.com\/de\/wp-json\/wp\/v2\/types\/product"}],"replies":[{"embeddable":true,"href":"https:\/\/monkeysoil.com\/de\/wp-json\/wp\/v2\/comments?post=23491"}],"wp:featuredmedia":[{"embeddable":true,"href":"https:\/\/monkeysoil.com\/de\/wp-json\/wp\/v2\/media\/23492"}],"wp:attachment":[{"href":"https:\/\/monkeysoil.com\/de\/wp-json\/wp\/v2\/media?parent=23491"}],"wp:term":[{"taxonomy":"product_brand","embeddable":true,"href":"https:\/\/monkeysoil.com\/de\/wp-json\/wp\/v2\/product_brand?post=23491"},{"taxonomy":"product_cat","embeddable":true,"href":"https:\/\/monkeysoil.com\/de\/wp-json\/wp\/v2\/product_cat?post=23491"},{"taxonomy":"product_tag","embeddable":true,"href":"https:\/\/monkeysoil.com\/de\/wp-json\/wp\/v2\/product_tag?post=23491"}],"curies":[{"name":"wp","href":"https:\/\/api.w.org\/{rel}","templated":true}]}}