{"id":23483,"date":"2022-05-23T16:15:49","date_gmt":"2024-06-06T09:05:37","guid":{"rendered":"https:\/\/www.monkeysoil.com\/producto\/monkey-roots-2\/"},"modified":"2024-08-26T15:52:02","modified_gmt":"2024-08-26T13:52:02","slug":"monkey-roots-2","status":"publish","type":"product","link":"https:\/\/monkeysoil.com\/de\/produkte\/monkey-roots-2\/","title":{"rendered":"Monkey Roots"},"content":{"rendered":"<p>Wurzelstimulans mit 55% freien Aminos\u00e4uren.<\/p>\n","protected":false},"excerpt":{"rendered":"<h2>WURZELSTIMULANS MIT 55% FREIEN AMINOS\u00c4UREN<\/h2>\n<p><strong>100 g-Beutel &#8211; 1 kg<br \/>\n<\/strong><\/p>\n<p><strong>Monkey Roots<\/strong> ist ein organisches Physiofortifikationsmittel, <strong>das die Pflanzen- und Wurzelentwicklung f\u00f6rdert<\/strong>. Seine innovative Formulierung erleichtert die <strong>Aufnahme von N\u00e4hrstoffen<\/strong> und <strong>reduziert den Stress <\/strong> in Risikosituationen wie beim Umpflanzen oder bei Temperaturschwankungen. Dar\u00fcber hinaus f\u00f6rdert der hohe Gehalt an <strong>eingekapselten freien Aminos\u00e4uren<\/strong> die <strong>Stickstoffzirkulation<\/strong> im gesamten Pflanzensystem.<\/p>\n","protected":false},"featured_media":23484,"menu_order":97,"comment_status":"closed","ping_status":"closed","template":"","meta":{"_acf_changed":false,"_et_pb_use_builder":"","_et_pb_old_content":"","_et_gb_content_width":""},"product_brand":[],"product_cat":[513,501],"product_tag":[502,514,515],"class_list":{"0":"post-23483","1":"product","2":"type-product","3":"status-publish","4":"has-post-thumbnail","6":"product_cat-feste-dungemittel","7":"product_cat-dungemittel","8":"product_tag-dungemittel","9":"product_tag-monkey-roots-de","10":"product_tag-wurzeln","12":"first","13":"instock","14":"featured","15":"taxable","16":"shipping-taxable","17":"purchasable","18":"product-type-variable"},"acf":[],"_links":{"self":[{"href":"https:\/\/monkeysoil.com\/de\/wp-json\/wp\/v2\/product\/23483","targetHints":{"allow":["GET"]}}],"collection":[{"href":"https:\/\/monkeysoil.com\/de\/wp-json\/wp\/v2\/product"}],"about":[{"href":"https:\/\/monkeysoil.com\/de\/wp-json\/wp\/v2\/types\/product"}],"replies":[{"embeddable":true,"href":"https:\/\/monkeysoil.com\/de\/wp-json\/wp\/v2\/comments?post=23483"}],"wp:featuredmedia":[{"embeddable":true,"href":"https:\/\/monkeysoil.com\/de\/wp-json\/wp\/v2\/media\/23484"}],"wp:attachment":[{"href":"https:\/\/monkeysoil.com\/de\/wp-json\/wp\/v2\/media?parent=23483"}],"wp:term":[{"taxonomy":"product_brand","embeddable":true,"href":"https:\/\/monkeysoil.com\/de\/wp-json\/wp\/v2\/product_brand?post=23483"},{"taxonomy":"product_cat","embeddable":true,"href":"https:\/\/monkeysoil.com\/de\/wp-json\/wp\/v2\/product_cat?post=23483"},{"taxonomy":"product_tag","embeddable":true,"href":"https:\/\/monkeysoil.com\/de\/wp-json\/wp\/v2\/product_tag?post=23483"}],"curies":[{"name":"wp","href":"https:\/\/api.w.org\/{rel}","templated":true}]}}