{"id":23470,"date":"2022-12-01T16:24:06","date_gmt":"2024-06-05T14:31:54","guid":{"rendered":"https:\/\/www.monkeysoil.com\/producto\/monkey-bloom\/"},"modified":"2024-09-03T16:35:44","modified_gmt":"2024-09-03T14:35:44","slug":"monkey-bloom","status":"publish","type":"product","link":"https:\/\/monkeysoil.com\/de\/produkte\/monkey-bloom\/","title":{"rendered":"Monkey Bloom"},"content":{"rendered":"<p>Bl\u00fchd\u00fcnger mit Aminos\u00e4uren und geringem Chloridgehalt<\/p>\n","protected":false},"excerpt":{"rendered":"<h2>BL\u00dcTEND\u00dcNGER MIT AMINOS\u00c4UREN UND GERINGEM CHLORIDGEHALT<\/h2>\n<p><strong>PK-D\u00fcnger<\/strong>, der <strong>bioaktive Molek\u00fcle nat\u00fcrlichen Ursprungs<\/strong> enth\u00e4lt, die in der Lage sind, Verbindungen zu erzeugen, die die Funktionalit\u00e4t der Pflanze verbessern und <strong>die Bl\u00fctenproduktion steigern<\/strong>.<\/p>\n<p><strong>Anwendung<br \/>\n<\/strong>Fl\u00fcssiges Produkt, das durch Verd\u00fcnnung mit dem Bew\u00e4sserungswasser pro Dosis angewendet wird. Empfohlene Dosierung 1-2 ml pro Liter Wasser. Dosierung entsprechend dem D\u00fcngeplan anpassen.<\/p>\n","protected":false},"featured_media":25426,"menu_order":74,"comment_status":"closed","ping_status":"closed","template":"","meta":{"_acf_changed":false,"_et_pb_use_builder":"","_et_pb_old_content":"","_et_gb_content_width":""},"product_brand":[],"product_cat":[504,501],"product_tag":[502,485,475],"class_list":{"0":"post-23470","1":"product","2":"type-product","3":"status-publish","4":"has-post-thumbnail","6":"product_cat-flussigdunger","7":"product_cat-dungemittel","8":"product_tag-dungemittel","9":"product_tag-monkey-de","10":"product_tag-monkey-soil-de","12":"first","13":"instock","14":"taxable","15":"shipping-taxable","16":"purchasable","17":"product-type-variable"},"acf":[],"_links":{"self":[{"href":"https:\/\/monkeysoil.com\/de\/wp-json\/wp\/v2\/product\/23470","targetHints":{"allow":["GET"]}}],"collection":[{"href":"https:\/\/monkeysoil.com\/de\/wp-json\/wp\/v2\/product"}],"about":[{"href":"https:\/\/monkeysoil.com\/de\/wp-json\/wp\/v2\/types\/product"}],"replies":[{"embeddable":true,"href":"https:\/\/monkeysoil.com\/de\/wp-json\/wp\/v2\/comments?post=23470"}],"wp:featuredmedia":[{"embeddable":true,"href":"https:\/\/monkeysoil.com\/de\/wp-json\/wp\/v2\/media\/25426"}],"wp:attachment":[{"href":"https:\/\/monkeysoil.com\/de\/wp-json\/wp\/v2\/media?parent=23470"}],"wp:term":[{"taxonomy":"product_brand","embeddable":true,"href":"https:\/\/monkeysoil.com\/de\/wp-json\/wp\/v2\/product_brand?post=23470"},{"taxonomy":"product_cat","embeddable":true,"href":"https:\/\/monkeysoil.com\/de\/wp-json\/wp\/v2\/product_cat?post=23470"},{"taxonomy":"product_tag","embeddable":true,"href":"https:\/\/monkeysoil.com\/de\/wp-json\/wp\/v2\/product_tag?post=23470"}],"curies":[{"name":"wp","href":"https:\/\/api.w.org\/{rel}","templated":true}]}}