{"id":23464,"date":"2022-12-01T12:20:41","date_gmt":"2024-06-05T14:29:12","guid":{"rendered":"https:\/\/www.monkeysoil.com\/producto\/monkey-grow\/"},"modified":"2024-09-03T16:33:49","modified_gmt":"2024-09-03T14:33:49","slug":"monkey-grow","status":"publish","type":"product","link":"https:\/\/monkeysoil.com\/de\/produkte\/monkey-grow\/","title":{"rendered":"Monkey Grow"},"content":{"rendered":"<p>Wachstumsd\u00fcnger mit Aminos\u00e4uren und geringem Chloridgehalt<\/p>\n","protected":false},"excerpt":{"rendered":"<h2>WACHSTUMSD\u00dcNGER MIT AMINOS\u00c4UREN UND GERINGEM CHLORIDGEHALT<\/h2>\n<p>Fl\u00fcssiger <strong>NPK-Komplex<\/strong> mit <strong>stimulierender Wirkung <\/strong> f\u00fcr den gesamten Wachstumszyklus. <strong>Angereichert mit ausgew\u00e4hlten freien Aminos\u00e4uren von hoher Reinheit und Effizienz und 15% organischer Substanz.<\/strong> Es enth\u00e4lt Enzymaktivatoren, die die Entwicklung von n\u00fctzlichen Bodenmikroorganismen f\u00f6rdern. Au\u00dferdem hat er <strong>einen hohen Gehalt an organischer Substanz<\/strong> und tr\u00e4gt so zur Verbesserung der physikalischen, chemischen und biologischen Eigenschaften des Bodens bei.<\/p>\n<p>Die in Monkey Grow enthaltenen <strong>Aminos\u00e4uren<\/strong> sind <strong>Aminogramm Ala, Arg, Asp, Cys, Gly, Glu, Hyp, His, Iso, Leu, Lys, Met, Phe, Pro, Ser, Tyr, Thr, Va<\/strong>.<\/p>\n<p><strong>Anwendung<br \/>\n<\/strong>Fl\u00fcssiges Produkt, das durch Verd\u00fcnnung mit dem Bew\u00e4sserungswasser pro Dosis angewendet wird. Empfohlene Dosierung 1-2 ml pro Liter Wasser. Dosierung entsprechend dem D\u00fcngeplan anpassen.<\/p>\n","protected":false},"featured_media":25437,"menu_order":67,"comment_status":"closed","ping_status":"closed","template":"","meta":{"_acf_changed":false,"_et_pb_use_builder":"","_et_pb_old_content":"","_et_gb_content_width":""},"product_brand":[],"product_cat":[504,501],"product_tag":[502,485,475],"class_list":{"0":"post-23464","1":"product","2":"type-product","3":"status-publish","4":"has-post-thumbnail","6":"product_cat-flussigdunger","7":"product_cat-dungemittel","8":"product_tag-dungemittel","9":"product_tag-monkey-de","10":"product_tag-monkey-soil-de","12":"first","13":"instock","14":"taxable","15":"shipping-taxable","16":"purchasable","17":"product-type-variable"},"acf":[],"_links":{"self":[{"href":"https:\/\/monkeysoil.com\/de\/wp-json\/wp\/v2\/product\/23464","targetHints":{"allow":["GET"]}}],"collection":[{"href":"https:\/\/monkeysoil.com\/de\/wp-json\/wp\/v2\/product"}],"about":[{"href":"https:\/\/monkeysoil.com\/de\/wp-json\/wp\/v2\/types\/product"}],"replies":[{"embeddable":true,"href":"https:\/\/monkeysoil.com\/de\/wp-json\/wp\/v2\/comments?post=23464"}],"wp:featuredmedia":[{"embeddable":true,"href":"https:\/\/monkeysoil.com\/de\/wp-json\/wp\/v2\/media\/25437"}],"wp:attachment":[{"href":"https:\/\/monkeysoil.com\/de\/wp-json\/wp\/v2\/media?parent=23464"}],"wp:term":[{"taxonomy":"product_brand","embeddable":true,"href":"https:\/\/monkeysoil.com\/de\/wp-json\/wp\/v2\/product_brand?post=23464"},{"taxonomy":"product_cat","embeddable":true,"href":"https:\/\/monkeysoil.com\/de\/wp-json\/wp\/v2\/product_cat?post=23464"},{"taxonomy":"product_tag","embeddable":true,"href":"https:\/\/monkeysoil.com\/de\/wp-json\/wp\/v2\/product_tag?post=23464"}],"curies":[{"name":"wp","href":"https:\/\/api.w.org\/{rel}","templated":true}]}}