{"id":23457,"date":"2024-03-07T13:49:50","date_gmt":"2024-06-05T14:22:51","guid":{"rendered":"https:\/\/www.monkeysoil.com\/producto\/super-weed\/"},"modified":"2024-12-04T14:42:38","modified_gmt":"2024-12-04T13:42:38","slug":"super-weed","status":"publish","type":"product","link":"https:\/\/monkeysoil.com\/de\/produkte\/super-weed\/","title":{"rendered":"Super Weed"},"content":{"rendered":"<p>Algenextrakt mit Phytohormonen<\/p>\n","protected":false},"excerpt":{"rendered":"<h2>ALGENEXTRAKT MIT PHYTOHORMONEN<\/h2>\n<p>Effizientes <strong> Aktivierungsmittel<\/strong>, das das Potenzial der Pflanzenenzyme weckt. Seine Bestandteile bewirken <strong>ein kr\u00e4ftiges Wachstum<\/strong> und eine <strong>erh\u00f6hte Produktion.<\/strong> Es f\u00f6rdert die Widerstandsf\u00e4higkeit gegen niedrige Temperaturen und Stress; <strong>es verbessert die Ernte<\/strong> und <strong>st\u00e4rkt die Pflanze gegen Krankheiten<\/strong>.<\/p>\n<p>F\u00f6rdert die Wurzelentwicklung und den Austausch von Wurzelsubstrat und verbessert die N\u00e4hrstoffaufnahme und die Erholung nach dem Umpflanzen. Eine <strong>umfassende<\/strong> L\u00f6sung f\u00fcr Hochertragskulturen, die die <strong>Qualit\u00e4t und Quantit\u00e4t der Bl\u00fcten verbessert<\/strong>.<\/p>\n<p><strong>Anmeldung<\/strong><br \/>\nDie Anwendung erfolgt durch Verd\u00fcnnen mit Bew\u00e4sserungswasser in einer empfohlenen Dosis von 2-3 ml pro Liter Wasser oder durch Blattspritzen in einer empfohlenen Dosis von 2 ml. Dosierung entsprechend dem D\u00fcngeplan anpassen.<\/p>\n","protected":false},"featured_media":27890,"menu_order":87,"comment_status":"closed","ping_status":"closed","template":"","meta":{"_acf_changed":false,"_et_pb_use_builder":"","_et_pb_old_content":"","_et_gb_content_width":""},"product_brand":[],"product_cat":[504,501],"product_tag":[509,502,503],"class_list":{"0":"post-23457","1":"product","2":"type-product","3":"status-publish","4":"has-post-thumbnail","6":"product_cat-flussigdunger","7":"product_cat-dungemittel","8":"product_tag-algen","9":"product_tag-dungemittel","10":"product_tag-flussigdunger","12":"first","13":"instock","14":"taxable","15":"shipping-taxable","16":"purchasable","17":"product-type-variable"},"acf":[],"_links":{"self":[{"href":"https:\/\/monkeysoil.com\/de\/wp-json\/wp\/v2\/product\/23457","targetHints":{"allow":["GET"]}}],"collection":[{"href":"https:\/\/monkeysoil.com\/de\/wp-json\/wp\/v2\/product"}],"about":[{"href":"https:\/\/monkeysoil.com\/de\/wp-json\/wp\/v2\/types\/product"}],"replies":[{"embeddable":true,"href":"https:\/\/monkeysoil.com\/de\/wp-json\/wp\/v2\/comments?post=23457"}],"wp:featuredmedia":[{"embeddable":true,"href":"https:\/\/monkeysoil.com\/de\/wp-json\/wp\/v2\/media\/27890"}],"wp:attachment":[{"href":"https:\/\/monkeysoil.com\/de\/wp-json\/wp\/v2\/media?parent=23457"}],"wp:term":[{"taxonomy":"product_brand","embeddable":true,"href":"https:\/\/monkeysoil.com\/de\/wp-json\/wp\/v2\/product_brand?post=23457"},{"taxonomy":"product_cat","embeddable":true,"href":"https:\/\/monkeysoil.com\/de\/wp-json\/wp\/v2\/product_cat?post=23457"},{"taxonomy":"product_tag","embeddable":true,"href":"https:\/\/monkeysoil.com\/de\/wp-json\/wp\/v2\/product_tag?post=23457"}],"curies":[{"name":"wp","href":"https:\/\/api.w.org\/{rel}","templated":true}]}}