{"id":23451,"date":"2022-11-28T15:44:27","date_gmt":"2024-06-05T14:12:09","guid":{"rendered":"https:\/\/www.monkeysoil.com\/producto\/doctor-m\/"},"modified":"2024-06-05T16:12:09","modified_gmt":"2024-06-05T14:12:09","slug":"doctor-m","status":"publish","type":"product","link":"https:\/\/monkeysoil.com\/de\/produkte\/doctor-m\/","title":{"rendered":"Doctor M"},"content":{"rendered":"<p>Anti-Stress-Probiotikum, reich an Aminos\u00e4uren und Mikroorganismen<\/p>\n","protected":false},"excerpt":{"rendered":"<h2>ANTI-STRESS-PROBIOTIKUM, REICH AN AMINOS\u00c4UREN UND MIKROORGANISMEN<\/h2>\n<p><strong>Doctor M<\/strong> ist ein Biostimulans, das reich an <strong>Aminos\u00e4uren<\/strong> und <strong>Oligopeptiden ist<\/strong>, die f\u00fcr das <strong>Pflanzenwachstum<\/strong> und die n\u00fctzlichen <strong>Bodenmikroorganismen<\/strong> w\u00e4hrend des gesamten Zyklus wichtig sind. Es ist auf die fr\u00fchen Stadien der Kultur ausgerichtet und <strong>sch\u00fctzt vor Stress<\/strong>, indem es die Wirkung von biotischen und abiotischen Faktoren, die den Ertrag mindern, vorwegnimmt.<\/p>\n<p>Sie bietet eine<strong> hoher Gehalt an organischer Substanz<\/strong> die in Verbindung mit der neuen Technologie eine verbesserte Ern\u00e4hrungseffizienz erm\u00f6glicht, indem sie die <strong>Phosphor<\/strong> und <strong>Kalium<\/strong> im Medium blockiert und die Optimierung der <strong>Stickstoff<\/strong> durch pr\u00e4biotische und probiotische lebensf\u00f6rdernde Mittel in den fr\u00fchen Phasen der Kultur.<\/p>\n<p>Die in <strong>Doctor M<\/strong> enthaltenen <strong>Ammonos\u00e4uren<\/strong> sind: <strong>Aminogramm Ala, Arg, Asp, Cys, Gly, Glu, Hyp, His, Iso, Leu, Lys, Met, Phe, Pro, Ser, Thr, Tyr, Val<\/strong><\/p>\n","protected":false},"featured_media":25448,"menu_order":83,"comment_status":"closed","ping_status":"closed","template":"","meta":{"_acf_changed":false,"_et_pb_use_builder":"","_et_pb_old_content":"","_et_gb_content_width":""},"product_brand":[],"product_cat":[504,501],"product_tag":[502,503,475],"class_list":{"0":"post-23451","1":"product","2":"type-product","3":"status-publish","4":"has-post-thumbnail","6":"product_cat-flussigdunger","7":"product_cat-dungemittel","8":"product_tag-dungemittel","9":"product_tag-flussigdunger","10":"product_tag-monkey-soil-de","12":"first","13":"instock","14":"taxable","15":"shipping-taxable","16":"purchasable","17":"product-type-variable"},"acf":[],"_links":{"self":[{"href":"https:\/\/monkeysoil.com\/de\/wp-json\/wp\/v2\/product\/23451","targetHints":{"allow":["GET"]}}],"collection":[{"href":"https:\/\/monkeysoil.com\/de\/wp-json\/wp\/v2\/product"}],"about":[{"href":"https:\/\/monkeysoil.com\/de\/wp-json\/wp\/v2\/types\/product"}],"replies":[{"embeddable":true,"href":"https:\/\/monkeysoil.com\/de\/wp-json\/wp\/v2\/comments?post=23451"}],"wp:featuredmedia":[{"embeddable":true,"href":"https:\/\/monkeysoil.com\/de\/wp-json\/wp\/v2\/media\/25448"}],"wp:attachment":[{"href":"https:\/\/monkeysoil.com\/de\/wp-json\/wp\/v2\/media?parent=23451"}],"wp:term":[{"taxonomy":"product_brand","embeddable":true,"href":"https:\/\/monkeysoil.com\/de\/wp-json\/wp\/v2\/product_brand?post=23451"},{"taxonomy":"product_cat","embeddable":true,"href":"https:\/\/monkeysoil.com\/de\/wp-json\/wp\/v2\/product_cat?post=23451"},{"taxonomy":"product_tag","embeddable":true,"href":"https:\/\/monkeysoil.com\/de\/wp-json\/wp\/v2\/product_tag?post=23451"}],"curies":[{"name":"wp","href":"https:\/\/api.w.org\/{rel}","templated":true}]}}