{"id":23443,"date":"2022-11-29T12:10:21","date_gmt":"2024-06-05T14:00:04","guid":{"rendered":"https:\/\/www.monkeysoil.com\/producto\/explosive-buds-2\/"},"modified":"2024-09-03T13:17:40","modified_gmt":"2024-09-03T11:17:40","slug":"explosive-buds-2","status":"publish","type":"product","link":"https:\/\/monkeysoil.com\/de\/produkte\/explosive-buds-2\/","title":{"rendered":"Explosive Buds"},"content":{"rendered":"<p>Biostimulierung der W\u00e4schemangel f\u00fcr eine bessere Ernte<\/p>\n","protected":false},"excerpt":{"rendered":"<h2>BIOSTIMULIERTE W\u00c4SCHEMANGEL F\u00dcR EINE BESSERE ERNTE<\/h2>\n<p><strong>Pflanzenveredler<\/strong> <strong> mit l\u00f6slicher Pottasche und Aminos\u00e4ure<\/strong>, die die \u00dcbertragung von Zucker von der Pflanze auf die Frucht beg\u00fcnstigt und so eine starke Wirkung im Prozess der Pflanzenveredelung ausl\u00f6st und die <strong>Qualit\u00e4t und das Gewicht der Bl\u00fcten verbessert<\/strong>.<\/p>\n<p><strong>Explosive Buds<\/strong> enth\u00e4lt <strong>Glu-Aminogramm <\/strong> (100%).<\/p>\n<p><strong>Anwendung<br \/>\n<\/strong>Fl\u00fcssiges Produkt, das durch Verd\u00fcnnung mit dem Bew\u00e4sserungswasser pro Dosis angewendet wird. Empfohlene Dosierung 1-2 ml pro Liter Wasser. Dosierung entsprechend dem D\u00fcngeplan anpassen.<\/p>\n","protected":false},"featured_media":25460,"menu_order":65,"comment_status":"closed","ping_status":"closed","template":"","meta":{"_acf_changed":false,"_et_pb_use_builder":"","_et_pb_old_content":"","_et_gb_content_width":""},"product_brand":[],"product_cat":[504,501],"product_tag":[502,503,475],"class_list":{"0":"post-23443","1":"product","2":"type-product","3":"status-publish","4":"has-post-thumbnail","6":"product_cat-flussigdunger","7":"product_cat-dungemittel","8":"product_tag-dungemittel","9":"product_tag-flussigdunger","10":"product_tag-monkey-soil-de","12":"first","13":"instock","14":"featured","15":"taxable","16":"shipping-taxable","17":"purchasable","18":"product-type-variable"},"acf":[],"_links":{"self":[{"href":"https:\/\/monkeysoil.com\/de\/wp-json\/wp\/v2\/product\/23443","targetHints":{"allow":["GET"]}}],"collection":[{"href":"https:\/\/monkeysoil.com\/de\/wp-json\/wp\/v2\/product"}],"about":[{"href":"https:\/\/monkeysoil.com\/de\/wp-json\/wp\/v2\/types\/product"}],"replies":[{"embeddable":true,"href":"https:\/\/monkeysoil.com\/de\/wp-json\/wp\/v2\/comments?post=23443"}],"wp:featuredmedia":[{"embeddable":true,"href":"https:\/\/monkeysoil.com\/de\/wp-json\/wp\/v2\/media\/25460"}],"wp:attachment":[{"href":"https:\/\/monkeysoil.com\/de\/wp-json\/wp\/v2\/media?parent=23443"}],"wp:term":[{"taxonomy":"product_brand","embeddable":true,"href":"https:\/\/monkeysoil.com\/de\/wp-json\/wp\/v2\/product_brand?post=23443"},{"taxonomy":"product_cat","embeddable":true,"href":"https:\/\/monkeysoil.com\/de\/wp-json\/wp\/v2\/product_cat?post=23443"},{"taxonomy":"product_tag","embeddable":true,"href":"https:\/\/monkeysoil.com\/de\/wp-json\/wp\/v2\/product_tag?post=23443"}],"curies":[{"name":"wp","href":"https:\/\/api.w.org\/{rel}","templated":true}]}}