{"id":23439,"date":"2022-12-01T12:21:21","date_gmt":"2024-06-05T13:48:31","guid":{"rendered":"https:\/\/www.monkeysoil.com\/producto\/radikal-grow-2\/"},"modified":"2024-09-02T14:23:35","modified_gmt":"2024-09-02T12:23:35","slug":"radikal-grow-2","status":"publish","type":"product","link":"https:\/\/monkeysoil.com\/de\/produkte\/radikal-grow-2\/","title":{"rendered":"Radikal Grow"},"content":{"rendered":"<p>Wachstumsbeschleuniger Biostimulans, Anti-Mangel und mit Mikron\u00e4hrstoffen und Aminos\u00e4uren.<\/p>\n","protected":false},"excerpt":{"rendered":"<div class=\"page\" title=\"Seite 1\">\n<div class=\"layoutArea\">\n<div class=\"column\">\n<h2>BIOSTIMULANS, WACHSTUMSBESCHLEUNIGER GEGEN MANGELERSCHEINUNGEN MIT MIKRON\u00c4HRSTOFFEN UND AMINOS\u00c4UREN.<\/h2>\n<p>Stoffwechselbeschleuniger, bestehend aus <strong>Stickstoff, Phosphor und Magnesium<\/strong>, die von <strong>Aminos\u00e4uren<\/strong> getragen werden, die die Ligninproduktion und das Pflanzenwachstum f\u00f6rdern. Der Borgehalt beg\u00fcnstigt die Entwicklung der Pollenschl\u00e4uche, der Mangangehalt die Pollenmenge und -qualit\u00e4t und der Zinkgehalt die photosynthetischen Prozesse der Pflanze und eine h\u00f6here Stickstoffaufnahme. Besteht aus Aminos\u00e4uren, die f\u00fcr den <strong>Schutz der Pflanze vor Stress <\/strong> verantwortlich sind und den <strong>Transport aller bereitgestellten N\u00e4hrstoffe <\/strong> beg\u00fcnstigen, um sicherzustellen, dass sie die zellul\u00e4re Ebene aller Pflanzenteile erreichen, sowie eine <strong>vorbeugende Wirkung gegen Krankheitserreger haben<\/strong>.<\/p>\n<p><strong>Radikal Grow<\/strong> ist ein <strong>ammoniakreiches <\/strong> Produkt und enth\u00e4lt die <strong>Aminogramme Ala, Arg, Asp, Cys, Gly, Glu (31%), Hyp, His, Iso, Leu, Lys, Met, Phe, Pro, Ser, Thr, Tyr, Val.<\/strong><\/p>\n<p><strong>Anwendung<br \/>\n<\/strong>Fl\u00fcssiges Produkt, das durch Verd\u00fcnnung mit dem Bew\u00e4sserungswasser pro Dosis angewendet wird. Empfohlene Dosierung 1-2 ml pro Liter Wasser. Dosierung entsprechend dem D\u00fcngeplan anpassen.<\/p>\n<\/div>\n<\/div>\n<\/div>\n","protected":false},"featured_media":25470,"menu_order":56,"comment_status":"closed","ping_status":"closed","template":"","meta":{"_acf_changed":false,"_et_pb_use_builder":"","_et_pb_old_content":"","_et_gb_content_width":""},"product_brand":[],"product_cat":[504,501],"product_tag":[502,485,475],"class_list":{"0":"post-23439","1":"product","2":"type-product","3":"status-publish","4":"has-post-thumbnail","6":"product_cat-flussigdunger","7":"product_cat-dungemittel","8":"product_tag-dungemittel","9":"product_tag-monkey-de","10":"product_tag-monkey-soil-de","12":"first","13":"instock","14":"featured","15":"taxable","16":"shipping-taxable","17":"purchasable","18":"product-type-variable"},"acf":[],"_links":{"self":[{"href":"https:\/\/monkeysoil.com\/de\/wp-json\/wp\/v2\/product\/23439","targetHints":{"allow":["GET"]}}],"collection":[{"href":"https:\/\/monkeysoil.com\/de\/wp-json\/wp\/v2\/product"}],"about":[{"href":"https:\/\/monkeysoil.com\/de\/wp-json\/wp\/v2\/types\/product"}],"replies":[{"embeddable":true,"href":"https:\/\/monkeysoil.com\/de\/wp-json\/wp\/v2\/comments?post=23439"}],"wp:featuredmedia":[{"embeddable":true,"href":"https:\/\/monkeysoil.com\/de\/wp-json\/wp\/v2\/media\/25470"}],"wp:attachment":[{"href":"https:\/\/monkeysoil.com\/de\/wp-json\/wp\/v2\/media?parent=23439"}],"wp:term":[{"taxonomy":"product_brand","embeddable":true,"href":"https:\/\/monkeysoil.com\/de\/wp-json\/wp\/v2\/product_brand?post=23439"},{"taxonomy":"product_cat","embeddable":true,"href":"https:\/\/monkeysoil.com\/de\/wp-json\/wp\/v2\/product_cat?post=23439"},{"taxonomy":"product_tag","embeddable":true,"href":"https:\/\/monkeysoil.com\/de\/wp-json\/wp\/v2\/product_tag?post=23439"}],"curies":[{"name":"wp","href":"https:\/\/api.w.org\/{rel}","templated":true}]}}