{"id":23338,"date":"2004-03-04T10:34:03","date_gmt":"2024-06-03T12:04:08","guid":{"rendered":"https:\/\/www.monkeysoil.com\/producto\/monkey-bat-mix\/"},"modified":"2024-06-03T14:04:08","modified_gmt":"2024-06-03T12:04:08","slug":"monkey-bat-mix","status":"publish","type":"product","link":"https:\/\/monkeysoil.com\/de\/produkte\/monkey-bat-mix\/","title":{"rendered":"Monkey Bat Mix"},"content":{"rendered":"<p>Substrat mit afrikanischer Fledermausguano-D\u00fcngung.<\/p>\n","protected":false},"excerpt":{"rendered":"<h2>SUBSTRAT MIT AFRIKANISCHEM FLEDERMAUSGUANO-D\u00dcNGER<\/h2>\n<p><strong>50-Liter-Sack<\/strong><\/p>\n<p><strong>Monkey Bat Mix<\/strong> ist ein <strong>komplettes N\u00e4hrstoffsubstrat<\/strong> mit <strong>afrikanischem Fledermaus-Guano-D\u00fcnger<\/strong>. In den ersten 6-7 Wochen der Entwicklung ist es nicht notwendig, der Pflanze zus\u00e4tzliches Futter zu geben. Sie verf\u00fcgt \u00fcber ein ausgezeichnetes Wasserr\u00fcckhalteverm\u00f6gen, erzeugt eine gute Widerstandsf\u00e4higkeit der Pflanzen und beg\u00fcnstigt eine <strong>\u00fcppige Bl\u00fcte<\/strong>.<\/p>\n<p>Substratmischung aus Torf, Perlit, Fledermausguano und Mykorrhiza&#8230;..Y Kokosnuss!!!<\/p>\n","protected":false},"featured_media":23339,"menu_order":50,"comment_status":"closed","ping_status":"closed","template":"","meta":{"_acf_changed":false,"_et_pb_use_builder":"","_et_pb_old_content":"","_et_gb_content_width":""},"product_brand":[],"product_cat":[169],"product_tag":[481,499,480,486,484,478,485,475,474,500],"class_list":{"0":"post-23338","1":"product","2":"type-product","3":"status-publish","4":"has-post-thumbnail","6":"product_cat-sustratos-de","7":"product_tag-anbau","8":"product_tag-boden-mit-guano","9":"product_tag-cannabis-de","10":"product_tag-land","11":"product_tag-landereien","12":"product_tag-marihuana-de","13":"product_tag-monkey-de","14":"product_tag-monkey-soil-de","15":"product_tag-substrat","16":"product_tag-uppige-blute","18":"first","19":"instock","20":"taxable","21":"shipping-taxable","22":"purchasable","23":"product-type-simple"},"acf":[],"_links":{"self":[{"href":"https:\/\/monkeysoil.com\/de\/wp-json\/wp\/v2\/product\/23338","targetHints":{"allow":["GET"]}}],"collection":[{"href":"https:\/\/monkeysoil.com\/de\/wp-json\/wp\/v2\/product"}],"about":[{"href":"https:\/\/monkeysoil.com\/de\/wp-json\/wp\/v2\/types\/product"}],"replies":[{"embeddable":true,"href":"https:\/\/monkeysoil.com\/de\/wp-json\/wp\/v2\/comments?post=23338"}],"wp:featuredmedia":[{"embeddable":true,"href":"https:\/\/monkeysoil.com\/de\/wp-json\/wp\/v2\/media\/23339"}],"wp:attachment":[{"href":"https:\/\/monkeysoil.com\/de\/wp-json\/wp\/v2\/media?parent=23338"}],"wp:term":[{"taxonomy":"product_brand","embeddable":true,"href":"https:\/\/monkeysoil.com\/de\/wp-json\/wp\/v2\/product_brand?post=23338"},{"taxonomy":"product_cat","embeddable":true,"href":"https:\/\/monkeysoil.com\/de\/wp-json\/wp\/v2\/product_cat?post=23338"},{"taxonomy":"product_tag","embeddable":true,"href":"https:\/\/monkeysoil.com\/de\/wp-json\/wp\/v2\/product_tag?post=23338"}],"curies":[{"name":"wp","href":"https:\/\/api.w.org\/{rel}","templated":true}]}}