{"id":23332,"date":"2020-04-09T13:29:00","date_gmt":"2024-06-03T11:37:46","guid":{"rendered":"https:\/\/www.monkeysoil.com\/producto\/monkey-coco-lite\/"},"modified":"2024-10-07T13:53:35","modified_gmt":"2024-10-07T11:53:35","slug":"monkey-coco-lite","status":"publish","type":"product","link":"https:\/\/monkeysoil.com\/de\/produkte\/monkey-coco-lite\/","title":{"rendered":"Monkey Coco Lite"},"content":{"rendered":"<p>Kokosfasersubstrat mit Perlit.<\/p>\n","protected":false},"excerpt":{"rendered":"<h3>Kokosfasersubstrat mit Perlit<\/h3>\n<p><strong>50-Liter-Sack<\/strong><\/p>\n<p><strong>Monkey Coco Lite<\/strong> ist ein Kultursubstrat auf der Basis von <strong>Kokostorf und grobem Perlit<\/strong>, das f\u00fcr den intensiven Kokosanbau entwickelt wurde und eine sehr <strong>gute Bel\u00fcftung<\/strong> und Feuchtigkeitsspeicherung aufweist. Es ist f\u00fcr den <strong>\u00f6kologischen Landbau<\/strong> und die Herstellung von <strong>GMP-Produkten<\/strong> geeignet.<\/p>\n<p>Das Produkt kann im \u00f6kologischen Landbau gem\u00e4\u00df der EG-Verordnung Nr. 834\/2007 und 889\/2008, NOP und JAS verwendet werden.<\/p>\n<p>Control Ecocert S.A F-32600.<\/p>\n","protected":false},"featured_media":23333,"menu_order":16,"comment_status":"closed","ping_status":"closed","template":"","meta":{"_acf_changed":false,"_et_pb_use_builder":"","_et_pb_old_content":"","_et_gb_content_width":""},"product_brand":[],"product_cat":[169],"product_tag":[481,480,486,484,478,485,496,495,490,487,489,474,476,491],"class_list":{"0":"post-23332","1":"product","2":"type-product","3":"status-publish","4":"has-post-thumbnail","6":"product_cat-sustratos-de","7":"product_tag-anbau","8":"product_tag-cannabis-de","9":"product_tag-land","10":"product_tag-landereien","11":"product_tag-marihuana-de","12":"product_tag-monkey-de","13":"product_tag-monkey-coco-lite-de","14":"product_tag-monkey-cocolite-de","15":"product_tag-okologisch","16":"product_tag-okool","17":"product_tag-organisch","18":"product_tag-substrat","19":"product_tag-substrate","20":"product_tag-therapeutische","22":"first","23":"instock","24":"taxable","25":"shipping-taxable","26":"purchasable","27":"product-type-simple"},"acf":[],"_links":{"self":[{"href":"https:\/\/monkeysoil.com\/de\/wp-json\/wp\/v2\/product\/23332","targetHints":{"allow":["GET"]}}],"collection":[{"href":"https:\/\/monkeysoil.com\/de\/wp-json\/wp\/v2\/product"}],"about":[{"href":"https:\/\/monkeysoil.com\/de\/wp-json\/wp\/v2\/types\/product"}],"replies":[{"embeddable":true,"href":"https:\/\/monkeysoil.com\/de\/wp-json\/wp\/v2\/comments?post=23332"}],"wp:featuredmedia":[{"embeddable":true,"href":"https:\/\/monkeysoil.com\/de\/wp-json\/wp\/v2\/media\/23333"}],"wp:attachment":[{"href":"https:\/\/monkeysoil.com\/de\/wp-json\/wp\/v2\/media?parent=23332"}],"wp:term":[{"taxonomy":"product_brand","embeddable":true,"href":"https:\/\/monkeysoil.com\/de\/wp-json\/wp\/v2\/product_brand?post=23332"},{"taxonomy":"product_cat","embeddable":true,"href":"https:\/\/monkeysoil.com\/de\/wp-json\/wp\/v2\/product_cat?post=23332"},{"taxonomy":"product_tag","embeddable":true,"href":"https:\/\/monkeysoil.com\/de\/wp-json\/wp\/v2\/product_tag?post=23332"}],"curies":[{"name":"wp","href":"https:\/\/api.w.org\/{rel}","templated":true}]}}