{"id":23329,"date":"2005-03-06T16:53:09","date_gmt":"2024-06-03T11:29:36","guid":{"rendered":"https:\/\/www.monkeysoil.com\/producto\/monkey-ecosoil-indoor\/"},"modified":"2024-06-03T13:29:36","modified_gmt":"2024-06-03T11:29:36","slug":"monkey-ecosoil-indoor","status":"publish","type":"product","link":"https:\/\/monkeysoil.com\/de\/produkte\/monkey-ecosoil-indoor\/","title":{"rendered":"Monkey EcoSoil Indoor"},"content":{"rendered":"<div>Organisches Substrat f\u00fcr den Innenanbau.<\/div>\n<p>&nbsp;<\/p>\n","protected":false},"excerpt":{"rendered":"<h2>ORGANISCHES SUBSTRAT F\u00dcR DEN INNENANBAU<\/h2>\n<p><strong>50-Liter-Sack<\/strong><\/p>\n<p><strong>Monkey Ecosoil Indoor<\/strong> ist ein mit Ecocert SA Control F-32600 <strong>gepr\u00fcftes Substrat f\u00fcr 100% biologische Kulturen<\/strong>. Es eignet sich f\u00fcr therapeutische Zwecke und ist <strong>frei von Schwermetallen<\/strong>. Sie ist feink\u00f6rnig f\u00fcr die Innenbepflanzung mit einem D\u00fcngeplan. Monkey Ecosoil Indoor besteht aus hochwertigem Torf mit einem hohen Anteil an Kokos, <strong>der die Wurzelbildung<\/strong> und <strong>die Wasserspeicherung f\u00f6rdert<\/strong>.<\/p>\n<p>Das Produkt kann im \u00f6kologischen Landbau gem\u00e4\u00df der EG-Verordnung Nr. 834\/2007 und 889\/2008, NOP und JAS verwendet werden.<\/p>\n<p>Control Ecocert SA F-32600.<\/p>\n<p>&nbsp;<\/p>\n","protected":false},"featured_media":23330,"menu_order":41,"comment_status":"closed","ping_status":"closed","template":"","meta":{"_acf_changed":false,"_et_pb_use_builder":"","_et_pb_old_content":"","_et_gb_content_width":""},"product_brand":[],"product_cat":[169],"product_tag":[481,480,486,484,478,485,488,494,490,487,489,474,476,491],"class_list":{"0":"post-23329","1":"product","2":"type-product","3":"status-publish","4":"has-post-thumbnail","6":"product_cat-sustratos-de","7":"product_tag-anbau","8":"product_tag-cannabis-de","9":"product_tag-land","10":"product_tag-landereien","11":"product_tag-marihuana-de","12":"product_tag-monkey-de","13":"product_tag-monkey-ecosoil-de","14":"product_tag-monkey-ecosoil-indoor-de","15":"product_tag-okologisch","16":"product_tag-okool","17":"product_tag-organisch","18":"product_tag-substrat","19":"product_tag-substrate","20":"product_tag-therapeutische","22":"first","23":"instock","24":"taxable","25":"shipping-taxable","26":"purchasable","27":"product-type-simple"},"acf":[],"_links":{"self":[{"href":"https:\/\/monkeysoil.com\/de\/wp-json\/wp\/v2\/product\/23329","targetHints":{"allow":["GET"]}}],"collection":[{"href":"https:\/\/monkeysoil.com\/de\/wp-json\/wp\/v2\/product"}],"about":[{"href":"https:\/\/monkeysoil.com\/de\/wp-json\/wp\/v2\/types\/product"}],"replies":[{"embeddable":true,"href":"https:\/\/monkeysoil.com\/de\/wp-json\/wp\/v2\/comments?post=23329"}],"wp:featuredmedia":[{"embeddable":true,"href":"https:\/\/monkeysoil.com\/de\/wp-json\/wp\/v2\/media\/23330"}],"wp:attachment":[{"href":"https:\/\/monkeysoil.com\/de\/wp-json\/wp\/v2\/media?parent=23329"}],"wp:term":[{"taxonomy":"product_brand","embeddable":true,"href":"https:\/\/monkeysoil.com\/de\/wp-json\/wp\/v2\/product_brand?post=23329"},{"taxonomy":"product_cat","embeddable":true,"href":"https:\/\/monkeysoil.com\/de\/wp-json\/wp\/v2\/product_cat?post=23329"},{"taxonomy":"product_tag","embeddable":true,"href":"https:\/\/monkeysoil.com\/de\/wp-json\/wp\/v2\/product_tag?post=23329"}],"curies":[{"name":"wp","href":"https:\/\/api.w.org\/{rel}","templated":true}]}}