{"id":23326,"date":"2006-03-06T16:58:18","date_gmt":"2024-06-03T11:22:55","guid":{"rendered":"https:\/\/www.monkeysoil.com\/producto\/monkey-ecosoil-outdoor\/"},"modified":"2024-06-03T13:22:55","modified_gmt":"2024-06-03T11:22:55","slug":"monkey-ecosoil-outdoor","status":"publish","type":"product","link":"https:\/\/monkeysoil.com\/de\/produkte\/monkey-ecosoil-outdoor\/","title":{"rendered":"Monkey EcoSoil Outdoor"},"content":{"rendered":"<p>\u00d6kologisches und 100% organisches Substrat.<\/p>\n","protected":false},"excerpt":{"rendered":"<h2>\u00d6KOLOGISCHES UND 100% ORGANISCHES SUBSTRAT<\/h2>\n<p><strong>50-Liter-Sack<\/strong><\/p>\n<p><strong>Monkey Ecosoil Outdoor<\/strong> ist eine f\u00fcr den <strong>\u00f6kologischen Landbau<\/strong> geeignete Erde mit Ecocert SA Control F-32600. Es ist frei von Schwermetallen und f\u00fcr therapeutische Zwecke geeignet. Es handelt sich um ein sauberes und komplettes Substrat mit hochwertigem 7-20-Blocktorf und einer nat\u00fcrlichen Vord\u00fcngung, die einen Anbau ohne zus\u00e4tzliche D\u00fcngung in den ersten Wochen des Wachstums der Pflanze erm\u00f6glicht. Er enth\u00e4lt einen hohen Anteil an Kokosnuss, <strong>der die Wurzelbildung f\u00f6rdert und die Wasserspeicherung beg\u00fcnstigt<\/strong>. Die ausgewogene Mischung der B\u00f6den, aus denen Monkey Ecosoil Outdoor besteht, ergibt eine grobe Textur, die ein optimales Wasserr\u00fcckhalteverm\u00f6gen garantiert.<\/p>\n<p>Das Produkt kann im \u00f6kologischen Landbau gem\u00e4\u00df der EG-Verordnung Nr. 834\/2007 und 889\/2008, NOP und JAS verwendet werden.<\/p>\n<p>Control Ecocert SA F-32600.<\/p>\n","protected":false},"featured_media":23327,"menu_order":36,"comment_status":"closed","ping_status":"closed","template":"","meta":{"_acf_changed":false,"_et_pb_use_builder":"","_et_pb_old_content":"","_et_gb_content_width":""},"product_brand":[],"product_cat":[169],"product_tag":[481,480,486,484,478,485,488,493,490,487,489,474,476,491],"class_list":{"0":"post-23326","1":"product","2":"type-product","3":"status-publish","4":"has-post-thumbnail","6":"product_cat-sustratos-de","7":"product_tag-anbau","8":"product_tag-cannabis-de","9":"product_tag-land","10":"product_tag-landereien","11":"product_tag-marihuana-de","12":"product_tag-monkey-de","13":"product_tag-monkey-ecosoil-de","14":"product_tag-monkey-ecosoil-outdoor-de","15":"product_tag-okologisch","16":"product_tag-okool","17":"product_tag-organisch","18":"product_tag-substrat","19":"product_tag-substrate","20":"product_tag-therapeutische","22":"first","23":"instock","24":"taxable","25":"shipping-taxable","26":"purchasable","27":"product-type-simple"},"acf":[],"_links":{"self":[{"href":"https:\/\/monkeysoil.com\/de\/wp-json\/wp\/v2\/product\/23326","targetHints":{"allow":["GET"]}}],"collection":[{"href":"https:\/\/monkeysoil.com\/de\/wp-json\/wp\/v2\/product"}],"about":[{"href":"https:\/\/monkeysoil.com\/de\/wp-json\/wp\/v2\/types\/product"}],"replies":[{"embeddable":true,"href":"https:\/\/monkeysoil.com\/de\/wp-json\/wp\/v2\/comments?post=23326"}],"wp:featuredmedia":[{"embeddable":true,"href":"https:\/\/monkeysoil.com\/de\/wp-json\/wp\/v2\/media\/23327"}],"wp:attachment":[{"href":"https:\/\/monkeysoil.com\/de\/wp-json\/wp\/v2\/media?parent=23326"}],"wp:term":[{"taxonomy":"product_brand","embeddable":true,"href":"https:\/\/monkeysoil.com\/de\/wp-json\/wp\/v2\/product_brand?post=23326"},{"taxonomy":"product_cat","embeddable":true,"href":"https:\/\/monkeysoil.com\/de\/wp-json\/wp\/v2\/product_cat?post=23326"},{"taxonomy":"product_tag","embeddable":true,"href":"https:\/\/monkeysoil.com\/de\/wp-json\/wp\/v2\/product_tag?post=23326"}],"curies":[{"name":"wp","href":"https:\/\/api.w.org\/{rel}","templated":true}]}}