{"id":23324,"date":"2020-04-09T13:25:12","date_gmt":"2024-06-03T11:15:46","guid":{"rendered":"https:\/\/www.monkeysoil.com\/producto\/big-monkey\/"},"modified":"2024-06-03T13:15:46","modified_gmt":"2024-06-03T11:15:46","slug":"big-monkey","status":"publish","type":"product","link":"https:\/\/monkeysoil.com\/de\/produkte\/big-monkey\/","title":{"rendered":"Big Monkey"},"content":{"rendered":"<p>Hochwertiges Kultursubstrat mit nat\u00fcrlicher D\u00fcngung.<\/p>\n","protected":false},"excerpt":{"rendered":"<h2>PREMIUM Kultursubstrat mit nat\u00fcrlicher D\u00fcngung<\/h2>\n<p><strong>80-Liter-Sack<\/strong><\/p>\n<p><strong>Big Monkey<\/strong> ist ein vielseitiges Substrat f\u00fcr jede Art von Anbau. Es handelt sich um eine sehr vollst\u00e4ndige Mischung aus Blond- und Schwarztorf, die auch <strong>Humus und Mikroorganismen<\/strong> enth\u00e4lt, um die Pflanze zu st\u00e4rken und die Aufnahme von N\u00e4hrstoffen zu erleichtern. Er hat den richtigen Anteil an <strong>Kokosfasern<\/strong>, um die Drainage und Bel\u00fcftung zu verbessern. Es ist f\u00fcr den <strong>\u00f6kologischen Landbau und \u00f6kologische Kulturen geeignet.<\/strong> Die S\u00e4cke fassen 80 Liter.<\/p>\n<p>Das Produkt kann im \u00f6kologischen Landbau gem\u00e4\u00df der EG-Verordnung Nr. 834\/2007 und 889\/2008 verwendet werden.<\/p>\n<p>Control Ecocert SA F-32600.<\/p>\n","protected":false},"featured_media":23325,"menu_order":23,"comment_status":"closed","ping_status":"closed","template":"","meta":{"_acf_changed":false,"_et_pb_use_builder":"","_et_pb_old_content":"","_et_gb_content_width":""},"product_brand":[],"product_cat":[169],"product_tag":[481,492,480,486,484,478,485,488,490,487,489,474,476,491],"class_list":{"0":"post-23324","1":"product","2":"type-product","3":"status-publish","4":"has-post-thumbnail","6":"product_cat-sustratos-de","7":"product_tag-anbau","8":"product_tag-big-monkey-de","9":"product_tag-cannabis-de","10":"product_tag-land","11":"product_tag-landereien","12":"product_tag-marihuana-de","13":"product_tag-monkey-de","14":"product_tag-monkey-ecosoil-de","15":"product_tag-okologisch","16":"product_tag-okool","17":"product_tag-organisch","18":"product_tag-substrat","19":"product_tag-substrate","20":"product_tag-therapeutische","22":"first","23":"instock","24":"taxable","25":"shipping-taxable","26":"purchasable","27":"product-type-simple"},"acf":[],"_links":{"self":[{"href":"https:\/\/monkeysoil.com\/de\/wp-json\/wp\/v2\/product\/23324","targetHints":{"allow":["GET"]}}],"collection":[{"href":"https:\/\/monkeysoil.com\/de\/wp-json\/wp\/v2\/product"}],"about":[{"href":"https:\/\/monkeysoil.com\/de\/wp-json\/wp\/v2\/types\/product"}],"replies":[{"embeddable":true,"href":"https:\/\/monkeysoil.com\/de\/wp-json\/wp\/v2\/comments?post=23324"}],"wp:featuredmedia":[{"embeddable":true,"href":"https:\/\/monkeysoil.com\/de\/wp-json\/wp\/v2\/media\/23325"}],"wp:attachment":[{"href":"https:\/\/monkeysoil.com\/de\/wp-json\/wp\/v2\/media?parent=23324"}],"wp:term":[{"taxonomy":"product_brand","embeddable":true,"href":"https:\/\/monkeysoil.com\/de\/wp-json\/wp\/v2\/product_brand?post=23324"},{"taxonomy":"product_cat","embeddable":true,"href":"https:\/\/monkeysoil.com\/de\/wp-json\/wp\/v2\/product_cat?post=23324"},{"taxonomy":"product_tag","embeddable":true,"href":"https:\/\/monkeysoil.com\/de\/wp-json\/wp\/v2\/product_tag?post=23324"}],"curies":[{"name":"wp","href":"https:\/\/api.w.org\/{rel}","templated":true}]}}