{"id":23314,"date":"2022-09-15T13:17:32","date_gmt":"2024-06-03T10:31:34","guid":{"rendered":"https:\/\/www.monkeysoil.com\/producto\/holland-mix\/"},"modified":"2024-10-07T13:50:31","modified_gmt":"2024-10-07T11:50:31","slug":"holland-mix","status":"publish","type":"product","link":"https:\/\/monkeysoil.com\/de\/produkte\/holland-mix\/","title":{"rendered":"Holland Mix"},"content":{"rendered":"<p>Neue Light Mix classic-Rezeptur<\/p>\n","protected":false},"excerpt":{"rendered":"<h2>NEUE LEICHTE MISCHUNG DER KLASSISCHEN FORMULIERUNG<\/h2>\n<p><strong>50-Liter-Sack<\/strong><\/p>\n<p><strong>Holland Mix<\/strong> ist ein hochwertiges, leichtes Substrat f\u00fcr den Innen- und Au\u00dfenanbau, mit dem Sie den gesamten D\u00fcngungsprozess von der ersten Woche an steuern k\u00f6nnen. Seine Formulierung f\u00f6rdert die <strong>Entwicklung des Wurzelsystems<\/strong> und sorgt f\u00fcr eine hervorragende <strong>Feuchtigkeits- und<\/strong> <strong>Wasserspeicherung<\/strong>. Er enth\u00e4lt Perlit, das seine Wasserspeicherkapazit\u00e4t erh\u00f6ht, und seine ausgewogene Torfmischung sorgt f\u00fcr eine <strong>gute Sauerstoffversorgung<\/strong> des Bodens.<\/p>\n","protected":false},"featured_media":23315,"menu_order":18,"comment_status":"closed","ping_status":"closed","template":"","meta":{"_acf_changed":false,"_et_pb_use_builder":"","_et_pb_old_content":"","_et_gb_content_width":""},"product_brand":[],"product_cat":[169],"product_tag":[],"class_list":{"0":"post-23314","1":"product","2":"type-product","3":"status-publish","4":"has-post-thumbnail","6":"product_cat-sustratos-de","8":"first","9":"outofstock","10":"taxable","11":"shipping-taxable","12":"purchasable","13":"product-type-simple"},"acf":[],"_links":{"self":[{"href":"https:\/\/monkeysoil.com\/de\/wp-json\/wp\/v2\/product\/23314","targetHints":{"allow":["GET"]}}],"collection":[{"href":"https:\/\/monkeysoil.com\/de\/wp-json\/wp\/v2\/product"}],"about":[{"href":"https:\/\/monkeysoil.com\/de\/wp-json\/wp\/v2\/types\/product"}],"replies":[{"embeddable":true,"href":"https:\/\/monkeysoil.com\/de\/wp-json\/wp\/v2\/comments?post=23314"}],"wp:featuredmedia":[{"embeddable":true,"href":"https:\/\/monkeysoil.com\/de\/wp-json\/wp\/v2\/media\/23315"}],"wp:attachment":[{"href":"https:\/\/monkeysoil.com\/de\/wp-json\/wp\/v2\/media?parent=23314"}],"wp:term":[{"taxonomy":"product_brand","embeddable":true,"href":"https:\/\/monkeysoil.com\/de\/wp-json\/wp\/v2\/product_brand?post=23314"},{"taxonomy":"product_cat","embeddable":true,"href":"https:\/\/monkeysoil.com\/de\/wp-json\/wp\/v2\/product_cat?post=23314"},{"taxonomy":"product_tag","embeddable":true,"href":"https:\/\/monkeysoil.com\/de\/wp-json\/wp\/v2\/product_tag?post=23314"}],"curies":[{"name":"wp","href":"https:\/\/api.w.org\/{rel}","templated":true}]}}