{"id":23311,"date":"2001-03-02T10:33:44","date_gmt":"2024-06-03T10:09:13","guid":{"rendered":"https:\/\/www.monkeysoil.com\/producto\/light-mix-evolution-2\/"},"modified":"2024-10-07T14:23:58","modified_gmt":"2024-10-07T12:23:58","slug":"light-mix-evolution-2","status":"publish","type":"product","link":"https:\/\/monkeysoil.com\/de\/produkte\/light-mix-evolution-2\/","title":{"rendered":"Light Mix Evolution"},"content":{"rendered":"<p>Leichtes Kultursubstrat f\u00fcr den Innen- und Au\u00dfenbereich.<\/p>\n","protected":false},"excerpt":{"rendered":"<h2>LEICHTES KULTURSUBSTRAT F\u00dcR DEN INNEN- UND AUSSENBEREICH<\/h2>\n<p><strong>50-Liter-Sack<\/strong><\/p>\n<p><strong>Monkey Light Mix Evolution<\/strong> ist ein Torfsubstrat mit Kokosfasern f\u00fcr den Innen- und Au\u00dfenanbau, das dank seiner <strong>guten Sauerstoffversorgung<\/strong> die <strong>Entwicklung des Wurzelsystems<\/strong> f\u00f6rdert. Es handelt sich um ein leichtes Substrat, das eine Bew\u00e4sserung und D\u00fcngung ab den ersten Wochen des Wachstums erm\u00f6glicht, um die Entwicklung der Pflanze zu f\u00f6rdern. Es hat ein ausgezeichnetes Wasserr\u00fcckhalteverm\u00f6gen und h\u00e4lt die Struktur sehr gut aufrecht.<\/p>\n<p>Substratmischung mit Sphagnum-Block H2-H4-Torf, Torf und Kokosfasermedium, Kalk, Kalziumnitrat, Perlit und NPK.<\/p>\n","protected":false},"featured_media":23312,"menu_order":5,"comment_status":"closed","ping_status":"closed","template":"","meta":{"_acf_changed":false,"_et_pb_use_builder":"off","_et_pb_old_content":"Leichtes Kultursubstrat f\u00fcr den Innen- und Au\u00dfenanbau","_et_gb_content_width":""},"product_brand":[],"product_cat":[169],"product_tag":[481,486,477,475,474,476],"class_list":{"0":"post-23311","1":"product","2":"type-product","3":"status-publish","4":"has-post-thumbnail","6":"product_cat-sustratos-de","7":"product_tag-anbau","8":"product_tag-land","9":"product_tag-light-mix-pro-de","10":"product_tag-monkey-soil-de","11":"product_tag-substrat","12":"product_tag-substrate","14":"first","15":"instock","16":"featured","17":"taxable","18":"shipping-taxable","19":"purchasable","20":"product-type-simple"},"acf":[],"_links":{"self":[{"href":"https:\/\/monkeysoil.com\/de\/wp-json\/wp\/v2\/product\/23311","targetHints":{"allow":["GET"]}}],"collection":[{"href":"https:\/\/monkeysoil.com\/de\/wp-json\/wp\/v2\/product"}],"about":[{"href":"https:\/\/monkeysoil.com\/de\/wp-json\/wp\/v2\/types\/product"}],"replies":[{"embeddable":true,"href":"https:\/\/monkeysoil.com\/de\/wp-json\/wp\/v2\/comments?post=23311"}],"wp:featuredmedia":[{"embeddable":true,"href":"https:\/\/monkeysoil.com\/de\/wp-json\/wp\/v2\/media\/23312"}],"wp:attachment":[{"href":"https:\/\/monkeysoil.com\/de\/wp-json\/wp\/v2\/media?parent=23311"}],"wp:term":[{"taxonomy":"product_brand","embeddable":true,"href":"https:\/\/monkeysoil.com\/de\/wp-json\/wp\/v2\/product_brand?post=23311"},{"taxonomy":"product_cat","embeddable":true,"href":"https:\/\/monkeysoil.com\/de\/wp-json\/wp\/v2\/product_cat?post=23311"},{"taxonomy":"product_tag","embeddable":true,"href":"https:\/\/monkeysoil.com\/de\/wp-json\/wp\/v2\/product_tag?post=23311"}],"curies":[{"name":"wp","href":"https:\/\/api.w.org\/{rel}","templated":true}]}}