{"id":23777,"date":"2024-06-14T13:33:59","date_gmt":"2024-06-14T11:33:59","guid":{"rendered":"https:\/\/www.monkeysoil.com\/datenschutzbestimmungen\/"},"modified":"2025-08-06T18:18:49","modified_gmt":"2025-08-06T16:18:49","slug":"datenschutzbestimmungen","status":"publish","type":"page","link":"https:\/\/monkeysoil.com\/de\/datenschutzbestimmungen\/","title":{"rendered":"Datenschutzbestimmungen"},"content":{"rendered":"<p>[et_pb_section fb_built=&#8221;1&#8243; custom_padding_last_edited=&#8221;on|desktop&#8221; admin_label=&#8221;section&#8221; _builder_version=&#8221;3.22&#8243; background_color=&#8221;rgba(255,255,255,0)&#8221; custom_padding_tablet=&#8221;50px|0|50px|0&#8243; custom_padding_phone=&#8221;&#8221; transparent_background=&#8221;on&#8221; padding_mobile=&#8221;off&#8221; make_fullwidth=&#8221;off&#8221; use_custom_width=&#8221;off&#8221; width_unit=&#8221;on&#8221; global_colors_info=&#8221;{}&#8221;][et_pb_row admin_label=&#8221;row&#8221; _builder_version=&#8221;3.25&#8243; background_size=&#8221;initial&#8221; background_position=&#8221;top_left&#8221; background_repeat=&#8221;repeat&#8221; global_colors_info=&#8221;{}&#8221;][et_pb_column type=&#8221;4_4&#8243; _builder_version=&#8221;3.25&#8243; custom_padding=&#8221;|||&#8221; global_colors_info=&#8221;{}&#8221; custom_padding__hover=&#8221;|||&#8221;][et_pb_blurb title=&#8221;Datenschutzbestimmungen&#8221; content_max_width=&#8221;100%&#8221; admin_label=&#8221;Pol\u00edtica de Privacidad&#8221; module_class=&#8221;anuncio_basico politica-privacidad&#8221; _builder_version=&#8221;4.14.1&#8243; header_text_color=&#8221;#3a3a3a&#8221; body_text_color=&#8221;#6b6b6b&#8221; background_size=&#8221;initial&#8221; background_position=&#8221;top_left&#8221; background_repeat=&#8221;repeat&#8221; background_layout=&#8221;dark&#8221; max_width_tablet=&#8221;50px&#8221; use_border_color=&#8221;off&#8221; global_colors_info=&#8221;{}&#8221;]          <\/p>\n<div class=\"rte\">\n<p>\n              <strong>DATENSCHUTZPOLITIK<\/strong>\n            <\/p>\n<p id=\"responsable\">\n              <strong>1 &#8211; WER IST DER F\u00dcR DIE DATENVERARBEITUNG VERANTWORTLICHE?<\/strong>\n            <\/p>\n<p>Der f\u00fcr die Datenverarbeitung Verantwortliche und Inhaber der Marke und der Website https:\/\/monkeysoil.com ist Monkey Fertilizers SL, eine Handelsgesellschaft mit Sitz in c\/ Col\u00f3n, 586 Nave 9 08228 Terrassa, mit der Steueridentifikationsnummer: B75968362 (im Folgenden Monkey Soil).<\/p>\n<p>Die Adresse von Monkey Soil lautet wie folgt:<\/p>\n<p>c\/ Colom, 586 Nave 9- 08228 Terrassa, Barcelona<\/p>\n<p>T. +34 937 006 548<br \/><a href=\"mailto:info@monkeysoil.com\">info@monkeysoil.com<\/a><\/p>\n<p id=\"tratamiento\">\n              <strong>2- ZU WELCHEM ZWECK VERARBEITEN WIR IHRE PERSONENBEZOGENEN DATEN?<\/strong>\n            <\/p>\n<p>Monkey Soil verarbeitet die personenbezogenen Daten, die Sie uns zur Verf\u00fcgung stellen, um Ihre Informationsanfragen zu beantworten, um Ihnen Informationen \u00fcber unsere Produkte zukommen zu lassen, um die Online-Bestellungen, die Sie bei uns aufgeben, intern und extern zu verwalten und um die sich aus diesen Aktivit\u00e4ten ergebenden gesetzlichen Verpflichtungen zu erf\u00fcllen.<\/p>\n<p>Die beim Surfen erhobenen Daten werden verarbeitet, um den Zugang zu den Online-Inhalten der Website zu erm\u00f6glichen, um auf Anfragen von Website-Nutzern zu reagieren, um statistische Daten \u00fcber Besuche (IP-Adressen, Browserdaten, Land, aufgerufene Seite usw.) zu statistischen Zwecken zu erfassen oder um Ma\u00dfnahmen zur Verbesserung der Sicherheit der Website durchzuf\u00fchren.<\/p>\n<p id=\"legitimacion\">\n              <strong>3- WELCHE RECHTFERTIGUNG GIBT ES F\u00dcR DIE VERARBEITUNG IHRER DATEN?<\/strong>\n            <\/p>\n<p>Die Rechtsgrundlage f\u00fcr die Verarbeitung Ihrer personenbezogenen Daten ist Ihre ausdr\u00fcckliche Zustimmung, wenn Sie uns diese Daten zur Verf\u00fcgung stellen, um Informationen anzufordern oder um den Vertrag zu erf\u00fcllen, der zustande kommt, wenn Sie eines unserer Produkte bestellen. Die Rechtm\u00e4\u00dfigkeit der Verarbeitung personenbezogener Daten unserer Lieferanten beruht auf dem Vertragsverh\u00e4ltnis, das durch den Abschluss eines Vertrags mit ihnen entsteht. Die Rechtsgrundlage f\u00fcr die Verarbeitung der personenbezogenen Daten unserer Mitarbeiter beruht auf dem Arbeitsverh\u00e4ltnis, das uns bindet.<\/p>\n<p id=\"conservacion\">\n              <strong>4- AUFBEWAHRUNGSDAUER Wie lange werden wir Ihre Daten aufbewahren?<\/strong>\n            <\/p>\n<p>Die von Ihnen zur Verf\u00fcgung gestellten personenbezogenen Daten werden so lange aufbewahrt, wie es f\u00fcr die Verwaltung der von Ihnen angeforderten Informationen sowie f\u00fcr die Verwaltung der von Ihnen get\u00e4tigten K\u00e4ufe unserer Produkte oder f\u00fcr die Erf\u00fcllung von Vertr\u00e4gen, die zwischen <strong>MONKEY FERTILIZERS SL<\/strong> und Dritte oder die Einhaltung der uns betreffenden rechtlichen Verpflichtungen.<\/p>\n<p>Sobald die Daten den Zweck erf\u00fcllt haben, f\u00fcr den sie erhoben wurden, werden sie von uns endg\u00fcltig gel\u00f6scht. Wir werden Ihre Daten jedoch l\u00e4nger aufbewahren, wenn dies zur Erf\u00fcllung rechtlicher Verpflichtungen erforderlich ist. Es kann auch notwendig sein, sie so lange aufzubewahren, wie es f\u00fcr die Erf\u00fcllung etwaiger vertraglicher oder gesetzlicher Verpflichtungen erforderlich ist.<\/p>\n<p id=\"destinatarios\">\n              <strong>5- AN WELCHE EMPF\u00c4NGER WERDEN IHRE DATEN WEITERGEGEBEN?<\/strong>\n            <\/p>\n<p>Innerhalb unserer Organisation werden Ihre personenbezogenen Daten von ordnungsgem\u00e4\u00df befugtem Personal verarbeitet und k\u00f6nnen in bestimmten F\u00e4llen von Dritten verarbeitet werden, wenn dies f\u00fcr die oben genannten Zwecke erforderlich oder zweckm\u00e4\u00dfig ist.<\/p>\n<p>Die Kategorien von Empf\u00e4ngern, an die Ihre personenbezogenen Daten weitergegeben werden k\u00f6nnen, sind die folgenden:<\/p>\n<p>a. Dritte, die als Auftragsverarbeiter eingesetzt werden, wie z. B. IT-Anbieter, Berater und andere Unternehmen.<\/p>\n<p>b. Einrichtungen und Beh\u00f6rden, unter anderem ausschlie\u00dflich zur Erf\u00fcllung gesetzlicher und beh\u00f6rdlicher Verpflichtungen sowie auf Ersuchen von Strafverfolgungsbeh\u00f6rden.<\/p>\n<p>c. andere Anbieter, an die Ihre personenbezogenen Daten gegebenenfalls f\u00fcr unseren normalen Betrieb weitergegeben werden k\u00f6nnen, wie z. B. Finanzinstitute, Versicherungsunternehmen, Logistikdienstleister und andere.<\/p>\n<p>In jedem Fall haben sie zuvor die entsprechende Vertraulichkeitserkl\u00e4rung gem\u00e4\u00df den geltenden Vorschriften zum Schutz personenbezogener Daten unterzeichnet oder unterliegen dem Berufsgeheimnis, das in den sie betreffenden sektoralen Vorschriften festgelegt ist.<\/p>\n<p id=\"derechos\">\n              <strong>6- WELCHE RECHTE HABEN SIE, WENN SIE UNS IHRE DATEN ZUR VERF\u00dcGUNG STELLEN?<\/strong>\n            <\/p>\n<p>Wenn Sie Ihre Rechte gem\u00e4\u00df den Datenschutzbestimmungen wahrnehmen m\u00f6chten, senden Sie uns bitte eine E-Mail an folgende Adresse <a href=\"mailto:info@monkeysoil.com\">info@monkeysoil.com<\/a> indem Sie in der Betreffzeile das Recht angeben, das Sie aus\u00fcben m\u00f6chten, und eine Kopie Ihres Personalausweises oder Reisepasses beif\u00fcgen oder indem Sie denselben Inhalt per Post an MONKEY FERTILIZERS SL c\/ Colom, 586 Nave 9 08228 Terrassa, Barcelona senden.<\/p>\n<p>Die Rechte, die in den geltenden Rechtsvorschriften anerkannt werden und die gegebenenfalls ausge\u00fcbt werden k\u00f6nnen, sind:<\/p>\n<p>\n              <span style=\"text-decoration: underline;\">Recht auf Zugang zu den Daten:<\/span>\n            <\/p>\n<p>Sie haben das Recht, von dem f\u00fcr die Verarbeitung Verantwortlichen dar\u00fcber informiert zu werden, ob Ihre personenbezogenen Daten verarbeitet werden oder nicht, und f\u00fcr den Fall, dass die Verarbeitung best\u00e4tigt wird, wird der f\u00fcr die Verarbeitung Verantwortliche Ihnen die folgenden Informationen zur Verf\u00fcgung stellen:<\/p>\n<p>-Zwecke der Verarbeitung.<br \/>-Die betroffenen Datenkategorien.<br \/>-Zeitraum oder Kriterien f\u00fcr die Datenspeicherung.<\/p>\n<p>\n              <span style=\"text-decoration: underline;\">Recht auf Berichtigung von Daten:<\/span>\n            <\/p>\n<p>Sie haben das Recht, Ihre Daten von dem f\u00fcr die Verarbeitung Verantwortlichen berichtigen zu lassen, wenn sie unrichtig oder unvollst\u00e4ndig sind, indem Sie eine zus\u00e4tzliche Berichtigungserkl\u00e4rung abgeben.<\/p>\n<p><span style=\"text-decoration: underline;\">Recht auf L\u00f6schung der Daten:<\/span><br \/>Die betroffene Person hat das Recht, ihre Daten von dem f\u00fcr die Verarbeitung Verantwortlichen l\u00f6schen zu lassen, wenn:<br \/>-Die Behandlung ist rechtswidrig.<br \/>-Die betroffene Person hat ihre Einwilligung widerrufen.<br \/>-Nicht mehr notwendig f\u00fcr die Zwecke, f\u00fcr die sie erhoben oder verarbeitet wurden.<br \/>-Die betroffene Person hat von ihrem Widerspruchsrecht Gebrauch gemacht, und es liegen keine anderen berechtigten Gr\u00fcnde f\u00fcr die Verarbeitung vor.<br \/>-Die Daten m\u00fcssen gel\u00f6scht werden, um einer rechtlichen Verpflichtung des f\u00fcr die Verarbeitung Verantwortlichen nachzukommen.<\/p>\n<p>Die betroffene Person hat nicht das Recht, dass ihre Daten von dem f\u00fcr die Verarbeitung Verantwortlichen gel\u00f6scht werden, wenn die Verarbeitung erforderlich ist:<\/p>\n<p>-Aus\u00fcbung des Rechts auf freie Meinungs\u00e4u\u00dferung und Informationsfreiheit.<br \/>-zur Erf\u00fcllung einer gesetzlichen Verpflichtung des f\u00fcr die Verarbeitung Verantwortlichen.<br \/>-F\u00fcr die Formulierung, Aus\u00fcbung oder Verteidigung von Anspr\u00fcchen.<br \/>-im \u00f6ffentlichen Interesse auf der Grundlage bestehender Rechtsvorschriften aus Gr\u00fcnden der \u00f6ffentlichen Gesundheit oder zu historischen, statistischen oder wissenschaftlichen Forschungszwecken.<\/p>\n<p>\n              <span style=\"text-decoration: underline;\">Recht auf Daten\u00fcbertragbarkeit:<\/span>\n            <\/p>\n<p>Sie haben das Recht, von dem f\u00fcr die Verarbeitung Verantwortlichen zu verlangen, dass Ihre Daten einem anderen f\u00fcr die Verarbeitung Verantwortlichen oder der betroffenen Person selbst in einem strukturierten, g\u00e4ngigen und maschinenlesbaren Format \u00fcbermittelt werden, sofern die Verarbeitung mit automatisierten Mitteln erfolgt und sich auf diese st\u00fctzt:<\/p>\n<p>-Die Einwilligung der betroffenen Person f\u00fcr bestimmte Zwecke.<br \/>Der Abschluss eines Vertrags oder Vorvertrags mit der betreffenden Person.<\/p>\n<p>Das Recht auf Daten\u00fcbertragbarkeit gilt nicht, wenn:<\/p>\n<p>-Die \u00dcbermittlung ist technisch nicht m\u00f6glich.<br \/>-Es kann die Rechte und Freiheiten anderer beeintr\u00e4chtigen.<br \/>-Die Verarbeitung hat einen Auftrag im \u00f6ffentlichen Interesse, der sich aus den geltenden Rechtsvorschriften ergibt.<\/p>\n<p>\n              <span style=\"text-decoration: underline;\">Recht auf Einschr\u00e4nkung der Verarbeitung:<\/span>\n            <\/p>\n<p>Die betroffene Person hat das Recht, aus Gr\u00fcnden, die sich aus ihrer besonderen Situation ergeben, gegen die Verarbeitung ihrer Daten durch den f\u00fcr die Verarbeitung Verantwortlichen Widerspruch einzulegen, wenn die Verarbeitung auf folgenden Gr\u00fcnden beruht:<\/p>\n<p>-Direktes Marketing.<br \/>-Profilierung.<br \/>-Legitimes Interesse des f\u00fcr die Verarbeitung Verantwortlichen oder Dritter, sofern die Interessen oder die Rechte und Freiheiten der betroffenen Person, insbesondere wenn es sich um ein Kind handelt, nicht \u00fcberwiegen.<br \/>-Historische, statistische oder wissenschaftliche Forschung, es sei denn, die Verarbeitung ist aus Gr\u00fcnden des \u00f6ffentlichen Interesses erforderlich.<\/p>\n<p>Auch wenn die betroffene Person der Verarbeitung ihrer Daten widerspricht, kann der f\u00fcr die Verarbeitung Verantwortliche sie weiterverarbeiten, sofern das berechtigte Interesse des f\u00fcr die Verarbeitung Verantwortlichen die Interessen oder die Rechte und Freiheiten der betroffenen Person in einem Gerichtsverfahren, das dies rechtfertigt, \u00fcberwiegt.<br \/>Der f\u00fcr die Verarbeitung Verantwortliche unterrichtet die betroffene Person bei der ersten Mitteilung ausdr\u00fccklich, klar und getrennt von allen anderen Informationen \u00fcber das Recht, der Verarbeitung ihrer Daten zu widersprechen.<\/p>\n<p>\n              <span style=\"text-decoration: underline;\">Recht auf Widerspruch:<\/span>\n            <\/p>\n<p>Es handelt sich um das Recht, die Verarbeitung nicht zuzulassen oder zu beenden, wenn die Einwilligung in die Verarbeitung nicht erforderlich ist, weil ein berechtigter und begr\u00fcndeter Grund vorliegt, der sich auf die besondere pers\u00f6nliche Situation bezieht und die Verarbeitung rechtfertigt, sofern nicht ein Gesetz etwas anderes vorsieht.<\/p>\n<p>\n              <span style=\"text-decoration: underline;\">Das Recht, keinem Profiling unterzogen zu werden:<\/span>\n            <\/p>\n<p>Die betroffene Person hat das Recht, nicht einem Profiling unterworfen zu werden, um Einzelentscheidungen zu treffen, die auf einer automatisierten Datenverarbeitung beruhen und dazu bestimmt sind, die folgenden personenbezogenen Aspekte zu bewerten, zu analysieren oder vorherzusagen:<\/p>\n<p>-Professionelle Leistung.<br \/>-Wirtschaftliche Lage.<br \/>-Gesundheit.<br \/>-pers\u00f6nliche Vorlieben oder Interessen.<br \/>-Zuverl\u00e4ssigkeit.<br \/>-Verhalten.<br \/>-Ort oder Bewegungen der Person.<\/p>\n<p>Wenn das Profiling ausschlie\u00dflich auf einer automatisierten Verarbeitung beruht:<\/p>\n<p>-Die betroffene Person hat das Recht, unterrichtet zu werden, wenn die Entscheidung, die getroffen werden kann, Rechtswirkungen haben kann, die sie erheblich beeintr\u00e4chtigen.<br \/>-Die betroffene Person hat das Recht, sich an den f\u00fcr die Verarbeitung Verantwortlichen zu wenden, ihren Standpunkt darzulegen und die Entscheidung anzufechten, wenn die Verarbeitung durch den Verantwortlichen genehmigt wurde:<br \/>-Die ausdr\u00fcckliche Zustimmung der betroffenen Person.<br \/>-Ein Vertrag zwischen dem f\u00fcr die Verarbeitung Verantwortlichen und der betroffenen Person.<\/p>\n<p>Das Recht, kein Profiling zu erstellen, gilt nicht, wenn die Entscheidung, die aufgrund des Profilings getroffen werden kann, durch ein Gesetz genehmigt wurde:<\/p>\n<p>-Die ausdr\u00fcckliche Zustimmung der betroffenen Person.<br \/>-Ein Vertrag zwischen dem f\u00fcr die Verarbeitung Verantwortlichen und der betroffenen Person.<br \/>-Eine Behandlung auf der Grundlage der geltenden Rechtsvorschriften.<\/p>\n<p id=\"reclamacion\">\n              <strong>7-BESCHWERDE BEI DER AUFSICHTSBEH\u00d6RDE:<\/strong>\n            <\/p>\n<p>Sollten Sie der Ansicht sein, dass Monkey Soil eines Ihrer durch die Datenschutzbestimmungen gesch\u00fctzten Rechte verletzt oder gegen eine Verpflichtung zum Schutz personenbezogener Daten versto\u00dfen hat, haben Sie das Recht, eine Beschwerde bei der zust\u00e4ndigen Aufsichtsbeh\u00f6rde einzureichen. In Spanien ist dies die Spanische Datenschutzbeh\u00f6rde mit Sitz in der Calle Jorge Juan, 6. 28001 \u2013 Madrid. Tel. 901 100 099 &#8211; 912 663 517<\/p>\n<p>Sie k\u00f6nnen auch eine elektronische Beschwerde \u00fcber die elektronische Website <a href=\"https:\/\/www.aepd.es\/\">https:\/\/www.aepd.es\/<\/a> einreichen.<\/p>\n<p id=\"legislacion\">\n              <strong>8-GESETZGEBUNG UND RECHTSPRECHUNG<\/strong>\n            <\/p>\n<p>Diese Datenschutzrichtlinie unterliegt in jeder Hinsicht der Verordnung (EU) 2016\/679 des Europ\u00e4ischen Parlaments und des Rates vom 27. April 2016 zum Schutz nat\u00fcrlicher Personen bei der Verarbeitung personenbezogener Daten und zum freien Datenverkehr.<br \/>Es wird auch durch das Organgesetz 3\/2018 vom 5. Dezember \u00fcber den Schutz personenbezogener Daten und die Gew\u00e4hrleistung digitaler Rechte geregelt. Auch unsere Website unterliegt dem Gesetz 34\/2002 vom 11. Juli \u00fcber die Dienste der Informationsgesellschaft und den elektronischen Gesch\u00e4ftsverkehr.<\/p>\n<p>F\u00fcr alle Streitigkeiten im Zusammenhang mit dieser Website sind ausschlie\u00dflich die Gerichte der Stadt Barcelona zust\u00e4ndig.<\/p>\n<p id=\"actualizacion\">\n              <strong>9-UPDATE<\/strong>\n            <\/p>\n<p>Diese Datenschutzrichtlinie wurde zuletzt im <strong>September 2020<\/strong> aktualisiert, kann aber jederzeit ge\u00e4ndert werden. Wir empfehlen Ihnen, sie bei jedem Zugriff auf unsere Website auf etwaige \u00c4nderungen zu \u00fcberpr\u00fcfen.<\/p>\n<\/p><\/div>\n<p>[\/et_pb_blurb][\/et_pb_column][\/et_pb_row][\/et_pb_section]<\/p>\n","protected":false},"excerpt":{"rendered":"<p>DATENSCHUTZPOLITIK 1 &#8211; WER IST DER F\u00dcR DIE DATENVERARBEITUNG VERANTWORTLICHE? Der f\u00fcr die Datenverarbeitung Verantwortliche und Inhaber der Marke und der Website https:\/\/monkeysoil.com ist Monkey Fertilizers SL, eine Handelsgesellschaft mit Sitz in c\/ Col\u00f3n, 586 Nave 9 08228 Terrassa, mit der Steueridentifikationsnummer: B75968362 (im Folgenden Monkey Soil). Die Adresse von Monkey Soil lautet wie folgt: [&hellip;]<\/p>\n","protected":false},"author":3,"featured_media":0,"parent":0,"menu_order":100,"comment_status":"closed","ping_status":"closed","template":"","meta":{"_acf_changed":false,"_et_pb_use_builder":"on","_et_pb_old_content":"","_et_gb_content_width":"","footnotes":""},"class_list":["post-23777","page","type-page","status-publish","hentry"],"acf":[],"_links":{"self":[{"href":"https:\/\/monkeysoil.com\/de\/wp-json\/wp\/v2\/pages\/23777","targetHints":{"allow":["GET"]}}],"collection":[{"href":"https:\/\/monkeysoil.com\/de\/wp-json\/wp\/v2\/pages"}],"about":[{"href":"https:\/\/monkeysoil.com\/de\/wp-json\/wp\/v2\/types\/page"}],"author":[{"embeddable":true,"href":"https:\/\/monkeysoil.com\/de\/wp-json\/wp\/v2\/users\/3"}],"replies":[{"embeddable":true,"href":"https:\/\/monkeysoil.com\/de\/wp-json\/wp\/v2\/comments?post=23777"}],"version-history":[{"count":0,"href":"https:\/\/monkeysoil.com\/de\/wp-json\/wp\/v2\/pages\/23777\/revisions"}],"wp:attachment":[{"href":"https:\/\/monkeysoil.com\/de\/wp-json\/wp\/v2\/media?parent=23777"}],"curies":[{"name":"wp","href":"https:\/\/api.w.org\/{rel}","templated":true}]}}