{"id":23759,"date":"2024-06-13T16:10:13","date_gmt":"2024-06-13T14:10:13","guid":{"rendered":"https:\/\/www.monkeysoil.com\/versand-und-ruckgabe\/"},"modified":"2024-06-13T16:10:19","modified_gmt":"2024-06-13T14:10:19","slug":"versand-und-ruckgabe","status":"publish","type":"page","link":"https:\/\/monkeysoil.com\/de\/versand-und-ruckgabe\/","title":{"rendered":"Versand und R\u00fcckgabe"},"content":{"rendered":"<p>[et_pb_section fb_built=&#8221;1&#8243; custom_padding_last_edited=&#8221;on|desktop&#8221; admin_label=&#8221;section&#8221; _builder_version=&#8221;3.22&#8243; background_color=&#8221;rgba(255,255,255,0)&#8221; custom_padding_tablet=&#8221;50px|0|50px|0&#8243; custom_padding_phone=&#8221;&#8221; transparent_background=&#8221;on&#8221; padding_mobile=&#8221;off&#8221; make_fullwidth=&#8221;off&#8221; use_custom_width=&#8221;off&#8221; width_unit=&#8221;on&#8221; global_colors_info=&#8221;{}&#8221;][et_pb_row admin_label=&#8221;row&#8221; _builder_version=&#8221;3.25&#8243; background_size=&#8221;initial&#8221; background_position=&#8221;top_left&#8221; background_repeat=&#8221;repeat&#8221; global_colors_info=&#8221;{}&#8221;][et_pb_column type=&#8221;4_4&#8243; _builder_version=&#8221;3.25&#8243; custom_padding=&#8221;|||&#8221; global_colors_info=&#8221;{}&#8221; custom_padding__hover=&#8221;|||&#8221;][et_pb_blurb title=&#8221;R\u00fcckgabepolitik &#8221; content_max_width=&#8221;100%&#8221; admin_label=&#8221;Pol\u00edtica de Devoluciones &#8221; module_class=&#8221;anuncio_basico&#8221; _builder_version=&#8221;4.14.1&#8243; header_text_color=&#8221;#3a3a3a&#8221; body_text_color=&#8221;#6b6b6b&#8221; background_size=&#8221;initial&#8221; background_position=&#8221;top_left&#8221; background_repeat=&#8221;repeat&#8221; background_layout=&#8221;dark&#8221; max_width_tablet=&#8221;50px&#8221; use_border_color=&#8221;off&#8221; global_colors_info=&#8221;{}&#8221;]<\/p>\n<div class=\"legal\">\n<p>\n              <!--<\/p>\n\n\n\n\n<h1><strong>ENV\u00cdO Y DEVOLUCIONES<\/strong><\/h1>\n\n\n\n\n<p>-->\n            <\/p>\n<\/p><\/div>\n<h2>\n            <span style=\"color: #3a3a3a;\">Versand von Paketen<\/span><br \/>\n          <\/h2>\n<p>\n            <span style=\"color: #3a3a3a;\">Pakete werden innerhalb von 24-48 Stunden (Werktagen) nach Zahlungseingang \u00fcber unsere vertrauensw\u00fcrdigen Spediteure versandt. Die Laufzeit f\u00fcr Pakete, die auf das spanische Festland verschickt werden, betr\u00e4gt 24-48 Stunden (Arbeitstage) (bei gro\u00dfen Paketen kann die Laufzeit l\u00e4nger sein). Bei Lieferungen auf die Balearen, nach Ceuta und Melilla oder bei internationalen Sendungen betr\u00e4gt die Laufzeit des Pakets ca. 7 Tage (Arbeitstage). Wenn Sie den Versand per Einschreiben bevorzugen, wird ein Aufpreis erhoben. Bitte setzen Sie sich mit uns in Verbindung, bevor Sie sich f\u00fcr diese Option bewerben.<\/span>\n          <\/p>\n<p>\n            <span style=\"color: #3a3a3a;\">Die Versandkosten beinhalten die Bearbeitungs- und Verpackungskosten sowie die Portokosten. Die Bearbeitungsgeb\u00fchren haben einen festen Preis, w\u00e4hrend die Transportkosten je nach Gesamtgewicht des Pakets und der Versandadresse variieren k\u00f6nnen. Wir empfehlen Ihnen, alle Ihre Artikel in einer Bestellung zusammenzufassen. Es ist nicht m\u00f6glich, zwei verschiedene Bestellungen zu kombinieren, und die Versandkosten werden f\u00fcr jede Bestellung einzeln berechnet. Wir haben einen sorgf\u00e4ltigen Verpackungsprozess mit gutem Verpackungsschutz, um sicherzustellen, dass die Artikel in gutem Zustand ankommen.<\/span>\n          <\/p>\n<\/p>\n<h2>\n            <span style=\"color: #3a3a3a;\">R\u00fcckgabe<\/span><br \/>\n          <\/h2>\n<p>\n            <span style=\"color: #3a3a3a;\">Wenn Sie auf unserer Website gekaufte Artikel zur\u00fcckgeben m\u00f6chten, k\u00f6nnen Sie dies innerhalb von 14 Tagen nach Erhalt der Bestellung tun. F\u00fcr eine R\u00fccksendung m\u00fcssen Sie den Artikel in einwandfreiem Zustand und in der Originalverpackung haben. R\u00fccksendungen werden ohne Ihre Bestellnummer nicht angenommen. Die Portokosten f\u00fcr die R\u00fccksendung sind vom Kunden zu tragen.<\/span>\n          <\/p>\n<p>\n            <span style=\"color: #3a3a3a;\">F\u00fcr eine R\u00fccksendung nehmen Sie bitte telefonisch oder per E-Mail Kontakt mit uns auf: Tel. +34 937 006 548 \/ mail: <a style=\"color: #3a3a3a;\" href=\"mailto:store@monkeysoil.com\">store@monkeysoil.com<\/a><\/span>\n          <\/p>\n<h2> <\/h2>\n<h2>\n            <span style=\"color: #3a3a3a;\">Beanstandungen<\/span><br \/>\n          <\/h2>\n<p>\n            <span style=\"color: #3a3a3a;\">Falls wir die Ware in schlechtem Zustand erhalten, ersetzen wir sie ohne zus\u00e4tzliche Kosten oder erstatten den vollen Betrag der Ware. Zweitantr\u00e4ge werden nicht akzeptiert. Reklamationen, die sp\u00e4ter als 3 Monate nach dem Kaufdatum erfolgen, werden nicht anerkannt.<\/span>\n          <\/p>\n<p>\n            <span style=\"color: #3a3a3a;\">Wenn Sie eine Beschwerde einreichen m\u00f6chten, wenden Sie sich bitte telefonisch oder per E-Mail an uns: Tel. +34 937 006 548 \/ mail: <a style=\"color: #3a3a3a;\" href=\"mailto:store@monkeysoil.com\">store@monkeysoil.com<\/a><\/span>\n          <\/p>\n<h2> <\/h2>\n<h2>\n            <span style=\"color: #3a3a3a;\">Regeln f\u00fcr die korrekte R\u00fcckgabe von Waren<\/span><br \/>\n          <\/h2>\n<p>\n            <span style=\"color: #3a3a3a;\">Denken Sie daran, dass Sie Ihrer Bestellung eine Kopie des Lieferscheins, des Kaufbelegs oder der Rechnung beif\u00fcgen m\u00fcssen.<\/span>\n          <\/p>\n<p>\n            <span style=\"color: #3a3a3a;\">Bei internationalen Sendungen muss auch die vom Transportunternehmen vergebene Tracking-Nummer der Bestellung angegeben werden.<\/span>\n          <\/p>\n<p>\n            <span style=\"color: #3a3a3a;\">Monkey Soil haftet unter keinen Umst\u00e4nden f\u00fcr Sendungen, die vom Zoll oder \u00e4hnlichen Stellen beschlagnahmt werden. Wenden Sie sich f\u00fcr weitere Informationen an die Agenturen in Ihrem Land.<\/span>\n          <\/p>\n<p>\n            <span style=\"color: #3a3a3a;\">Wir behandeln R\u00fcckl\u00e4ufer bevorzugt.<\/span>\n          <\/p>\n<h2> <\/h2>\n<h2>\n            <span style=\"color: #3a3a3a;\">Annullierung von Auftr\u00e4gen<\/span><br \/>\n          <\/h2>\n<p>\n            <span style=\"color: #3a3a3a;\">Wenn Sie sich entschlie\u00dfen, Ihre Bestellung zu stornieren, nachdem der Kauf abgeschlossen wurde, k\u00f6nnen Sie dies kostenlos und ohne Angabe von Gr\u00fcnden tun, solange die Bestellung noch nicht versandt worden ist.<\/span>\n          <\/p>\n<p>\n            <span style=\"color: #3a3a3a;\">Um eine Stornierung vorzunehmen, kontaktieren Sie uns bitte telefonisch oder per E-Mail (Tel. +34 937 006 548 \/ mail: <a style=\"color: #3a3a3a;\" href=\"mailto:store@monkeysoil.com\">store@monkeysoil.com<\/a>) innerhalb von 24 Stunden nach der Bestellung.<\/span>\n          <\/p>\n<p>\n            <span style=\"color: #3a3a3a;\">Nach Ablauf von 24 Stunden und wenn die Bestellung unsere R\u00e4umlichkeiten verlassen hat, ist eine Stornierung nicht mehr m\u00f6glich. Die R\u00fcckgabe der Bestellung muss nach Erhalt der Bestellung und unter Einhaltung der oben genannten R\u00fcckgabebedingungen erfolgen.<\/span>\n          <\/p>\n<\/p>\n<h2>\n            <span style=\"color: #3a3a3a;\">Erstattungen<\/span><br \/>\n          <\/h2>\n<p>\n            <span style=\"color: #3a3a3a;\">R\u00fcckerstattungen f\u00fcr R\u00fccksendungen, Reklamationen oder Auftragsstornierungen werden mit der gleichen Zahlungsmethode vorgenommen, die der Kunde bei der Bestellung gew\u00e4hlt hat.<\/span>\n          <\/p>\n<\/p>\n<p>        [\/et_pb_blurb][\/et_pb_column][\/et_pb_row][\/et_pb_section]<\/p>\n","protected":false},"excerpt":{"rendered":"<p>Versand von Paketen Pakete werden innerhalb von 24-48 Stunden (Werktagen) nach Zahlungseingang \u00fcber unsere vertrauensw\u00fcrdigen Spediteure versandt. Die Laufzeit f\u00fcr Pakete, die auf das spanische Festland verschickt werden, betr\u00e4gt 24-48 Stunden (Arbeitstage) (bei gro\u00dfen Paketen kann die Laufzeit l\u00e4nger sein). Bei Lieferungen auf die Balearen, nach Ceuta und Melilla oder bei internationalen Sendungen betr\u00e4gt die [&hellip;]<\/p>\n","protected":false},"author":3,"featured_media":0,"parent":0,"menu_order":100,"comment_status":"closed","ping_status":"closed","template":"","meta":{"_acf_changed":false,"_et_pb_use_builder":"on","_et_pb_old_content":"","_et_gb_content_width":"","footnotes":""},"class_list":["post-23759","page","type-page","status-publish","hentry"],"acf":[],"_links":{"self":[{"href":"https:\/\/monkeysoil.com\/de\/wp-json\/wp\/v2\/pages\/23759","targetHints":{"allow":["GET"]}}],"collection":[{"href":"https:\/\/monkeysoil.com\/de\/wp-json\/wp\/v2\/pages"}],"about":[{"href":"https:\/\/monkeysoil.com\/de\/wp-json\/wp\/v2\/types\/page"}],"author":[{"embeddable":true,"href":"https:\/\/monkeysoil.com\/de\/wp-json\/wp\/v2\/users\/3"}],"replies":[{"embeddable":true,"href":"https:\/\/monkeysoil.com\/de\/wp-json\/wp\/v2\/comments?post=23759"}],"version-history":[{"count":0,"href":"https:\/\/monkeysoil.com\/de\/wp-json\/wp\/v2\/pages\/23759\/revisions"}],"wp:attachment":[{"href":"https:\/\/monkeysoil.com\/de\/wp-json\/wp\/v2\/media?parent=23759"}],"curies":[{"name":"wp","href":"https:\/\/api.w.org\/{rel}","templated":true}]}}