{"id":23726,"date":"2024-06-12T16:44:07","date_gmt":"2024-06-12T14:44:07","guid":{"rendered":"https:\/\/www.monkeysoil.com\/anbau-tabellen\/"},"modified":"2024-07-31T14:25:34","modified_gmt":"2024-07-31T12:25:34","slug":"anbau-tabellen","status":"publish","type":"page","link":"https:\/\/monkeysoil.com\/de\/anbau-tabellen\/","title":{"rendered":"Anbau-Tabellen"},"content":{"rendered":"<p>[et_pb_section fb_built=&#8221;1&#8243; custom_padding_last_edited=&#8221;on|desktop&#8221; admin_label=&#8221;section&#8221; _builder_version=&#8221;3.22&#8243; background_color=&#8221;rgba(255,255,255,0)&#8221; custom_padding_tablet=&#8221;50px|0|50px|0&#8243; custom_padding_phone=&#8221;&#8221; global_colors_info=&#8221;{}&#8221;][et_pb_row column_structure=&#8221;1_2,1_2&#8243; use_custom_gutter=&#8221;on&#8221; gutter_width=&#8221;2&#8243; padding_mobile=&#8221;off&#8221; make_equal=&#8221;on&#8221; column_padding_mobile=&#8221;off&#8221; admin_label=&#8221;row&#8221; module_class=&#8221;descargas&#8221; _builder_version=&#8221;4.14.1&#8243; background_size=&#8221;initial&#8221; background_position=&#8221;top_left&#8221; background_repeat=&#8221;repeat&#8221; global_colors_info=&#8221;{}&#8221;][et_pb_column type=&#8221;1_2&#8243; _builder_version=&#8221;3.25&#8243; custom_padding=&#8221;|||&#8221; global_colors_info=&#8221;{}&#8221; custom_padding__hover=&#8221;|||&#8221;][et_pb_cta title=&#8221;KULTURTABELLE Fl\u00fcssigd\u00fcnger Formula Pro&#8221; button_url=&#8221;https:\/\/monkeysoil.com\/wp-content\/uploads\/TABLA-CULTIVO-FORMULA-PRO-DE-scaled.jpg&#8221; url_new_window=&#8221;on&#8221; button_text=&#8221;Herunterladen&#8221; admin_label=&#8221;FORMULA PRO&#8221; _builder_version=&#8221;4.14.1&#8243; header_level=&#8221;h1&#8243; header_font_size=&#8221;35&#8243; body_font_size=&#8221;15&#8243; background_color=&#8221;#222222&#8243; background_size=&#8221;initial&#8221; background_position=&#8221;top_left&#8221; background_repeat=&#8221;repeat&#8221; custom_margin=&#8221;||||false|false&#8221; custom_padding=&#8221;||||false|false&#8221; hover_enabled=&#8221;0&#8243; use_border_color=&#8221;off&#8221; global_colors_info=&#8221;{}&#8221; button_text_size__hover_enabled=&#8221;off&#8221; button_one_text_size__hover_enabled=&#8221;off&#8221; button_two_text_size__hover_enabled=&#8221;off&#8221; button_text_color__hover_enabled=&#8221;off&#8221; button_one_text_color__hover_enabled=&#8221;off&#8221; button_two_text_color__hover_enabled=&#8221;off&#8221; button_border_width__hover_enabled=&#8221;off&#8221; button_one_border_width__hover_enabled=&#8221;off&#8221; button_two_border_width__hover_enabled=&#8221;off&#8221; button_border_color__hover_enabled=&#8221;off&#8221; button_one_border_color__hover_enabled=&#8221;off&#8221; button_two_border_color__hover_enabled=&#8221;off&#8221; button_border_radius__hover_enabled=&#8221;off&#8221; button_one_border_radius__hover_enabled=&#8221;off&#8221; button_two_border_radius__hover_enabled=&#8221;off&#8221; button_letter_spacing__hover_enabled=&#8221;off&#8221; button_one_letter_spacing__hover_enabled=&#8221;off&#8221; button_two_letter_spacing__hover_enabled=&#8221;off&#8221; button_bg_color__hover_enabled=&#8221;off&#8221; button_one_bg_color__hover_enabled=&#8221;off&#8221; button_two_bg_color__hover_enabled=&#8221;off&#8221; sticky_enabled=&#8221;0&#8243;]<\/p>\n<p>Laden Sie die <strong>Tabelle zur Ausbringung<\/strong> von Fl\u00fcssigd\u00fcnger f\u00fcr Ihre Kultur.<\/p>\n<p>[\/et_pb_cta][et_pb_cta title=&#8221;BASIC KULTURTABELLE Feste D\u00fcngemittel&#8221; button_url=&#8221;https:\/\/monkeysoil.com\/wp-content\/uploads\/TABLA-CULTIVO-SUPER-SOIL-BASIC-DE-scaled.jpg&#8221; url_new_window=&#8221;on&#8221; button_text=&#8221;Herunterladen&#8221; admin_label=&#8221;SUPERSOIL BASIC&#8221; _builder_version=&#8221;4.14.1&#8243; header_level=&#8221;h1&#8243; header_font_size=&#8221;35&#8243; body_font_size=&#8221;15&#8243; background_color=&#8221;#222222&#8243; background_size=&#8221;initial&#8221; background_position=&#8221;top_left&#8221; background_repeat=&#8221;repeat&#8221; custom_margin=&#8221;||||false|false&#8221; custom_padding=&#8221;||||false|false&#8221; use_border_color=&#8221;off&#8221; global_colors_info=&#8221;{}&#8221; button_text_size__hover_enabled=&#8221;off&#8221; button_one_text_size__hover_enabled=&#8221;off&#8221; button_two_text_size__hover_enabled=&#8221;off&#8221; button_text_color__hover_enabled=&#8221;off&#8221; button_one_text_color__hover_enabled=&#8221;off&#8221; button_two_text_color__hover_enabled=&#8221;off&#8221; button_border_width__hover_enabled=&#8221;off&#8221; button_one_border_width__hover_enabled=&#8221;off&#8221; button_two_border_width__hover_enabled=&#8221;off&#8221; button_border_color__hover_enabled=&#8221;off&#8221; button_one_border_color__hover_enabled=&#8221;off&#8221; button_two_border_color__hover_enabled=&#8221;off&#8221; button_border_radius__hover_enabled=&#8221;off&#8221; button_one_border_radius__hover_enabled=&#8221;off&#8221; button_two_border_radius__hover_enabled=&#8221;off&#8221; button_letter_spacing__hover_enabled=&#8221;off&#8221; button_one_letter_spacing__hover_enabled=&#8221;off&#8221; button_two_letter_spacing__hover_enabled=&#8221;off&#8221; button_bg_color__hover_enabled=&#8221;off&#8221; button_one_bg_color__hover_enabled=&#8221;off&#8221; button_two_bg_color__hover_enabled=&#8221;off&#8221;]<\/p>\n<p>Laden Sie die vereinfachte <strong>Anwendungstabelle<\/strong> mit festen D\u00fcngemitteln f\u00fcr Ihre Kultur.<\/p>\n<p>[\/et_pb_cta][\/et_pb_column][et_pb_column type=&#8221;1_2&#8243; _builder_version=&#8221;3.25&#8243; custom_padding=&#8221;|||&#8221; global_colors_info=&#8221;{}&#8221; custom_padding__hover=&#8221;|||&#8221;][et_pb_cta title=&#8221;KULTURTABELLE microlife living soil&#8221; button_url=&#8221;https:\/\/monkeysoil.com\/wp-content\/uploads\/TABLA-CULTIVO-LIVIING-SOIL-DE-scaled.jpg&#8221; url_new_window=&#8221;on&#8221; button_text=&#8221;Herunterladen&#8221; admin_label=&#8221;LIVING SOIL&#8221; _builder_version=&#8221;4.14.1&#8243; header_level=&#8221;h1&#8243; header_font_size=&#8221;35&#8243; body_font_size=&#8221;15&#8243; background_color=&#8221;#222222&#8243; background_size=&#8221;initial&#8221; background_position=&#8221;top_left&#8221; background_repeat=&#8221;repeat&#8221; custom_margin=&#8221;||||false|false&#8221; custom_padding=&#8221;||||false|false&#8221; use_border_color=&#8221;off&#8221; global_colors_info=&#8221;{}&#8221; button_text_size__hover_enabled=&#8221;off&#8221; button_one_text_size__hover_enabled=&#8221;off&#8221; button_two_text_size__hover_enabled=&#8221;off&#8221; button_text_color__hover_enabled=&#8221;off&#8221; button_one_text_color__hover_enabled=&#8221;off&#8221; button_two_text_color__hover_enabled=&#8221;off&#8221; button_border_width__hover_enabled=&#8221;off&#8221; button_one_border_width__hover_enabled=&#8221;off&#8221; button_two_border_width__hover_enabled=&#8221;off&#8221; button_border_color__hover_enabled=&#8221;off&#8221; button_one_border_color__hover_enabled=&#8221;off&#8221; button_two_border_color__hover_enabled=&#8221;off&#8221; button_border_radius__hover_enabled=&#8221;off&#8221; button_one_border_radius__hover_enabled=&#8221;off&#8221; button_two_border_radius__hover_enabled=&#8221;off&#8221; button_letter_spacing__hover_enabled=&#8221;off&#8221; button_one_letter_spacing__hover_enabled=&#8221;off&#8221; button_two_letter_spacing__hover_enabled=&#8221;off&#8221; button_bg_color__hover_enabled=&#8221;off&#8221; button_one_bg_color__hover_enabled=&#8221;off&#8221; button_two_bg_color__hover_enabled=&#8221;off&#8221;]<\/p>\n<p>Laden Sie die <strong>Tabelle zur Ausbringung<\/strong> von von Mikrovida und D\u00fcngemitteln f\u00fcr Ihre Kultur.<\/p>\n<p>[\/et_pb_cta][et_pb_cta title=&#8221;PRO KULTURTABELLE Feste D\u00fcngemittel&#8221; button_url=&#8221;https:\/\/monkeysoil.com\/wp-content\/uploads\/TABLA-CULTIVO-SUPER-SOIL-PRO-DE-scaled.jpg&#8221; url_new_window=&#8221;on&#8221; button_text=&#8221;Herunterladen&#8221; admin_label=&#8221;SUPERSOIL PRO&#8221; _builder_version=&#8221;4.14.1&#8243; header_level=&#8221;h1&#8243; header_font_size=&#8221;35&#8243; body_font_size=&#8221;15&#8243; background_color=&#8221;#222222&#8243; background_size=&#8221;initial&#8221; background_position=&#8221;top_left&#8221; background_repeat=&#8221;repeat&#8221; custom_margin=&#8221;||||false|false&#8221; custom_padding=&#8221;||||false|false&#8221; use_border_color=&#8221;off&#8221; global_colors_info=&#8221;{}&#8221; button_text_size__hover_enabled=&#8221;off&#8221; button_one_text_size__hover_enabled=&#8221;off&#8221; button_two_text_size__hover_enabled=&#8221;off&#8221; button_text_color__hover_enabled=&#8221;off&#8221; button_one_text_color__hover_enabled=&#8221;off&#8221; button_two_text_color__hover_enabled=&#8221;off&#8221; button_border_width__hover_enabled=&#8221;off&#8221; button_one_border_width__hover_enabled=&#8221;off&#8221; button_two_border_width__hover_enabled=&#8221;off&#8221; button_border_color__hover_enabled=&#8221;off&#8221; button_one_border_color__hover_enabled=&#8221;off&#8221; button_two_border_color__hover_enabled=&#8221;off&#8221; button_border_radius__hover_enabled=&#8221;off&#8221; button_one_border_radius__hover_enabled=&#8221;off&#8221; button_two_border_radius__hover_enabled=&#8221;off&#8221; button_letter_spacing__hover_enabled=&#8221;off&#8221; button_one_letter_spacing__hover_enabled=&#8221;off&#8221; button_two_letter_spacing__hover_enabled=&#8221;off&#8221; button_bg_color__hover_enabled=&#8221;off&#8221; button_one_bg_color__hover_enabled=&#8221;off&#8221; button_two_bg_color__hover_enabled=&#8221;off&#8221;]<\/p>\n<p>Laden Sie die vollst\u00e4ndige <strong>Anwendungstabelle<\/strong> mit festen D\u00fcngemitteln f\u00fcr Ihre Kultur.<\/p>\n<p>[\/et_pb_cta][\/et_pb_column][\/et_pb_row][\/et_pb_section][et_pb_section fb_built=&#8221;1&#8243; fullwidth=&#8221;on&#8221; module_class=&#8221;stones-footer&#8221; _builder_version=&#8221;4.14.1&#8243; _module_preset=&#8221;default&#8221; custom_margin=&#8221;||0px||false|false&#8221; custom_padding=&#8221;||0px||false|false&#8221; locked=&#8221;off&#8221; global_colors_info=&#8221;{}&#8221;][et_pb_fullwidth_image src=&#8221;https:\/\/monkeysoil.com\/wp-content\/uploads\/footer-stone-bg.png&#8221; title_text=&#8221;footer-stone-bg&#8221; src_tablet=&#8221;https:\/\/monkeysoil.com\/wp-content\/uploads\/footer-stone-bg.png&#8221; src_phone=&#8221;https:\/\/monkeysoil.com\/wp-content\/uploads\/footer-stone-bg.png&#8221; src_last_edited=&#8221;on|phone&#8221; _builder_version=&#8221;4.14.1&#8243; _module_preset=&#8221;default&#8221; background_enable_image=&#8221;off&#8221; min_height=&#8221;100px&#8221; height_tablet=&#8221;&#8221; height_phone=&#8221;100px&#8221; height_last_edited=&#8221;on|desktop&#8221; global_colors_info=&#8221;{}&#8221;][\/et_pb_fullwidth_image][\/et_pb_section]<\/p>\n","protected":false},"excerpt":{"rendered":"<p>Laden Sie die Tabelle zur Ausbringung von Fl\u00fcssigd\u00fcnger f\u00fcr Ihre Kultur.Laden Sie die vereinfachte Anwendungstabelle mit festen D\u00fcngemitteln f\u00fcr Ihre Kultur.Laden Sie die Tabelle zur Ausbringung von von Mikrovida und D\u00fcngemitteln f\u00fcr Ihre Kultur.Laden Sie die vollst\u00e4ndige Anwendungstabelle mit festen D\u00fcngemitteln f\u00fcr Ihre Kultur.<\/p>\n","protected":false},"author":3,"featured_media":0,"parent":0,"menu_order":7,"comment_status":"closed","ping_status":"closed","template":"","meta":{"_acf_changed":false,"_et_pb_use_builder":"on","_et_pb_old_content":"","_et_gb_content_width":"","footnotes":""},"class_list":["post-23726","page","type-page","status-publish","hentry"],"acf":[],"_links":{"self":[{"href":"https:\/\/monkeysoil.com\/de\/wp-json\/wp\/v2\/pages\/23726","targetHints":{"allow":["GET"]}}],"collection":[{"href":"https:\/\/monkeysoil.com\/de\/wp-json\/wp\/v2\/pages"}],"about":[{"href":"https:\/\/monkeysoil.com\/de\/wp-json\/wp\/v2\/types\/page"}],"author":[{"embeddable":true,"href":"https:\/\/monkeysoil.com\/de\/wp-json\/wp\/v2\/users\/3"}],"replies":[{"embeddable":true,"href":"https:\/\/monkeysoil.com\/de\/wp-json\/wp\/v2\/comments?post=23726"}],"version-history":[{"count":0,"href":"https:\/\/monkeysoil.com\/de\/wp-json\/wp\/v2\/pages\/23726\/revisions"}],"wp:attachment":[{"href":"https:\/\/monkeysoil.com\/de\/wp-json\/wp\/v2\/media?parent=23726"}],"curies":[{"name":"wp","href":"https:\/\/api.w.org\/{rel}","templated":true}]}}