{"id":23705,"date":"2024-06-12T10:52:16","date_gmt":"2024-06-12T08:52:16","guid":{"rendered":"https:\/\/www.monkeysoil.com\/einkaufswagen\/"},"modified":"2024-06-12T10:52:18","modified_gmt":"2024-06-12T08:52:18","slug":"einkaufswagen","status":"publish","type":"page","link":"https:\/\/monkeysoil.com\/de\/einkaufswagen\/","title":{"rendered":"Einkaufswagen"},"content":{"rendered":"<p>[et_pb_section fb_built=&#8221;1&#8243; _builder_version=&#8221;4.0.10&#8243; background_color=&#8221;rgba(0,0,0,0)&#8221;][et_pb_row _builder_version=&#8221;3.25&#8243; background_size=&#8221;initial&#8221; background_position=&#8221;top_left&#8221; background_repeat=&#8221;repeat&#8221;][et_pb_column type=&#8221;4_4&#8243; _builder_version=&#8221;3.25&#8243; custom_padding=&#8221;|||&#8221; custom_padding__hover=&#8221;|||&#8221;][et_pb_text _builder_version=&#8221;4.9.7&#8243; background_size=&#8221;initial&#8221; background_position=&#8221;top_left&#8221; background_repeat=&#8221;repeat&#8221; hover_enabled=&#8221;0&#8243; sticky_enabled=&#8221;0&#8243;]<\/p>\n<h3 class=\"info-envios\">** F\u00fcr Sendungen au\u00dferhalb der angegebenen L\u00e4nder senden Sie uns bitte eine E-Mail an <a href=\"mailto:info@monkeysoil.com\">info@monkeysoil.com<\/a> und wir werden Ihnen gerne weiterhelfen.<\/h3>\n\n<h3 class=\"info-envios\">** F\u00fcr Sendungen au\u00dferhalb der angegebenen L\u00e4nder senden Sie uns bitte eine E-Mail an <a href=\"mailto:info@monkeysoil.com\">info@monkeysoil.com<\/a> und wir werden Ihnen gerne weiterhelfen.<\/h3>\n<p>[\/et_pb_text][\/et_pb_column][\/et_pb_row][\/et_pb_section]<\/p>\n","protected":false},"excerpt":{"rendered":"<p>** F\u00fcr Sendungen au\u00dferhalb der angegebenen L\u00e4nder senden Sie uns bitte eine E-Mail an info@monkeysoil.com und wir werden Ihnen gerne weiterhelfen.  ** F\u00fcr Sendungen au\u00dferhalb der angegebenen L\u00e4nder senden Sie uns bitte eine E-Mail an info@monkeysoil.com und wir werden Ihnen gerne weiterhelfen.<\/p>\n","protected":false},"author":3,"featured_media":0,"parent":0,"menu_order":80,"comment_status":"closed","ping_status":"closed","template":"","meta":{"_acf_changed":false,"_et_pb_use_builder":"on","_et_pb_old_content":"","_et_gb_content_width":"","footnotes":""},"class_list":["post-23705","page","type-page","status-publish","hentry"],"acf":[],"_links":{"self":[{"href":"https:\/\/monkeysoil.com\/de\/wp-json\/wp\/v2\/pages\/23705","targetHints":{"allow":["GET"]}}],"collection":[{"href":"https:\/\/monkeysoil.com\/de\/wp-json\/wp\/v2\/pages"}],"about":[{"href":"https:\/\/monkeysoil.com\/de\/wp-json\/wp\/v2\/types\/page"}],"author":[{"embeddable":true,"href":"https:\/\/monkeysoil.com\/de\/wp-json\/wp\/v2\/users\/3"}],"replies":[{"embeddable":true,"href":"https:\/\/monkeysoil.com\/de\/wp-json\/wp\/v2\/comments?post=23705"}],"version-history":[{"count":0,"href":"https:\/\/monkeysoil.com\/de\/wp-json\/wp\/v2\/pages\/23705\/revisions"}],"wp:attachment":[{"href":"https:\/\/monkeysoil.com\/de\/wp-json\/wp\/v2\/media?parent=23705"}],"curies":[{"name":"wp","href":"https:\/\/api.w.org\/{rel}","templated":true}]}}