{"id":23687,"date":"2024-06-11T14:17:22","date_gmt":"2024-06-11T12:17:22","guid":{"rendered":"https:\/\/www.monkeysoil.com\/cookie-politik\/"},"modified":"2025-08-06T18:11:09","modified_gmt":"2025-08-06T16:11:09","slug":"cookie-politik","status":"publish","type":"page","link":"https:\/\/monkeysoil.com\/de\/cookie-politik\/","title":{"rendered":"Cookie Politik"},"content":{"rendered":"<p>[et_pb_section fb_built=&#8221;1&#8243; custom_padding_last_edited=&#8221;on|desktop&#8221; admin_label=&#8221;section&#8221; _builder_version=&#8221;3.22&#8243; background_color=&#8221;rgba(255,255,255,0)&#8221; custom_padding_tablet=&#8221;50px|0|50px|0&#8243; custom_padding_phone=&#8221;&#8221; transparent_background=&#8221;on&#8221; padding_mobile=&#8221;off&#8221; make_fullwidth=&#8221;off&#8221; use_custom_width=&#8221;off&#8221; width_unit=&#8221;on&#8221; global_colors_info=&#8221;{}&#8221;][et_pb_row admin_label=&#8221;row&#8221; _builder_version=&#8221;3.25&#8243; background_size=&#8221;initial&#8221; background_position=&#8221;top_left&#8221; background_repeat=&#8221;repeat&#8221; global_colors_info=&#8221;{}&#8221;][et_pb_column type=&#8221;4_4&#8243; _builder_version=&#8221;3.25&#8243; custom_padding=&#8221;|||&#8221; global_colors_info=&#8221;{}&#8221; custom_padding__hover=&#8221;|||&#8221;][et_pb_blurb title=&#8221;Cookie Politik&#8221; content_max_width=&#8221;100%&#8221; admin_label=&#8221;Pol\u00edtica de Cookies&#8221; module_class=&#8221;anuncio_basico aviso-legal&#8221; _builder_version=&#8221;4.14.1&#8243; header_text_color=&#8221;#3a3a3a&#8221; body_text_color=&#8221;#6b6b6b&#8221; background_size=&#8221;initial&#8221; background_position=&#8221;top_left&#8221; background_repeat=&#8221;repeat&#8221; background_layout=&#8221;dark&#8221; max_width_tablet=&#8221;50px&#8221; hover_enabled=&#8221;0&#8243; use_border_color=&#8221;off&#8221; global_colors_info=&#8221;{}&#8221; sticky_enabled=&#8221;0&#8243;]          <\/p>\n<p>\n            <strong>COOKIES-POLITIK<\/strong>\n          <\/p>\n<p>Die Website <a href=\"https:\/\/monkeysoil.com\">www.monkeysoil.com<\/a> (die \u201eWebsite\u201c) liegt in der Verantwortung von Monkey Fertilizers SL, die eine Technologie namens \u201eCookies\u201c verwenden kann, um Informationen \u00fcber die Nutzung der Website zu sammeln. Wir informieren Sie dar\u00fcber, dass wir Cookies verwenden k\u00f6nnen, um Ihnen die Navigation auf der Website zu erleichtern, um Sie von anderen Nutzern zu unterscheiden, um Ihnen eine bessere Erfahrung bei der Nutzung der Website zu bieten und um Probleme zu erkennen, damit wir unsere Website verbessern k\u00f6nnen. Wenn Sie zustimmen, k\u00f6nnen wir dar\u00fcber hinaus Cookies verwenden, um mehr \u00fcber Ihre Pr\u00e4ferenzen zu erfahren und unsere Website Ihren individuellen Interessen anzupassen.<\/p>\n<p>Der Zweck dieser Cookie-Richtlinie ist es, Sie klar und deutlich \u00fcber die Cookies zu informieren, die auf unserer Website zu einem bestimmten Zeitpunkt verwendet werden. Wenn Sie weitere Informationen \u00fcber die von uns auf der Website verwendeten Cookies w\u00fcnschen, senden Sie bitte eine E-Mail an die folgende Adresse: <a href=\"mailto:info@monkeysoil.com\">info@monkeysoil.com<\/a><\/p>\n<\/p>\n<p>\n            <strong>COOKIES<\/strong>\n          <\/p>\n<p>Ein Cookie ist eine Datei, die auf Ihr Ger\u00e4t (Computer oder Mobilger\u00e4t) heruntergeladen wird, um Daten zu speichern, die von der f\u00fcr ihre Installation verantwortlichen Stelle aktualisiert und abgerufen werden k\u00f6nnen.<\/p>\n<p>Die durch Cookies gesammelten Informationen k\u00f6nnen das Datum und die Uhrzeit der Besuche auf der Website, die besuchten Seiten, die Dauer Ihres Besuchs auf unserer Website und die unmittelbar vor und nach Ihrem Besuch besuchten Websites umfassen.<\/p>\n<\/p>\n<p>\n            <strong>ART DER AUF DER WEBSITE VERWENDETEN COOKIES<\/strong>\n          <\/p>\n<\/p>\n<p>\n            <strong>Session-Cookies:<\/strong>\n          <\/p>\n<p>Dies sind Cookies, die an Ihren Computer gesendet und ausschlie\u00dflich von uns verwaltet werden, um das Funktionieren der Website zu verbessern. Die von uns gesammelten Informationen werden verwendet, um die Qualit\u00e4t unseres Dienstes und Ihre Benutzererfahrung zu verbessern.<\/p>\n<\/p>\n<p>\n            <strong>Permanente Cookies:<\/strong>\n          <\/p>\n<p>Diese Cookies verbleiben l\u00e4nger in Ihrem Browser und erm\u00f6glichen es uns, Sie als wiederholten Besucher der Website zu erkennen und die Inhalte so zu gestalten, dass sie Ihren Pr\u00e4ferenzen entsprechen.<\/p>\n<\/p>\n<p>\n            <strong>Technische Cookies:<\/strong>\n          <\/p>\n<p>Diese Cookies erm\u00f6glichen es dem Benutzer, auf der Website zu surfen und die verschiedenen Optionen oder Dienste zu nutzen, die auf der Website vorhanden sind, wie z. B. die Kontrolle des Datenverkehrs und der Datenkommunikation, die Identifizierung der Sitzung, die Z\u00e4hlung der Besuche, die Verwendung von Sicherheitselementen w\u00e4hrend des Surfens.<\/p>\n<\/p>\n<p>\n            <strong>Pr\u00e4ferenz- oder Personalisierungs-Cookies:<\/strong>\n          <\/p>\n<p>Diese Cookies erm\u00f6glichen es, Informationen zu speichern, damit der Nutzer auf den Dienst mit bestimmten Merkmalen zugreifen kann, die ihn von anderen Nutzern unterscheiden k\u00f6nnen, wie z. B. die Sprache, das Aussehen oder der Inhalt des Dienstes in Abh\u00e4ngigkeit von der Art des Browsers, mit dem der Nutzer auf den Dienst zugreift, oder von der Region, aus der er auf den Dienst zugreift.<\/p>\n<\/p>\n<p>\n            <strong>Analyse- oder Mess-Cookies:<\/strong>\n          <\/p>\n<p>Es handelt sich um Daten, die von uns oder von Dritten verarbeitet werden und die es uns erm\u00f6glichen, die Anzahl der Nutzer zu quantifizieren und somit die Nutzung der angebotenen Dienste durch die Nutzer zu messen und statistisch zu analysieren. Zu diesem Zweck wird Ihr Surfverhalten auf unserer Website analysiert, um das Angebot an Produkten und Dienstleistungen f\u00fcr Sie zu verbessern.<\/p>\n<\/p>\n<p>\n            <strong>Cookies f\u00fcr verhaltensbasierte Werbung:<\/strong>\n          <\/p>\n<p>Es handelt sich um Daten, die von uns oder von Dritten verarbeitet werden und die es uns erm\u00f6glichen, Ihre Surfgewohnheiten im Internet zu analysieren, damit wir Ihnen Werbung zeigen k\u00f6nnen, die auf Ihr Surfprofil abgestimmt ist.<\/p>\n<p>Im Einzelnen verwenden wir derzeit die folgenden Cookies:<\/p>\n<\/p>\n<p> <strong>EIGENE COOKIES<\/strong><\/p>\n<p>\n            <span><br \/>\n              <a href=\"https:\/\/monkeysoil.com\/\">www.monkeysoil.com<\/a><br \/>\n            <\/span>\n          <\/p>\n<\/p>\n<table>\n<tbody>\n<tr>\n<td style=\"width: 15%;\">\n                  <strong>Cookie<\/strong>\n                <\/td>\n<td style=\"width: 15%;\">\n                  <strong>Dauer<\/strong>\n                <\/td>\n<td style=\"width: 70%;\">\n                  <strong>Funktion<\/strong>\n                <\/td>\n<\/tr>\n<tr>\n<td style=\"width: 15%;\">_ga<\/td>\n<td style=\"width: 15%;\">2 Jahre<\/td>\n<td style=\"width: 70%;\">Dient zur Unterscheidung von Benutzern<\/td>\n<\/tr>\n<tr>\n<td style=\"width: 15%;\">_gat<\/td>\n<td style=\"width: 15%;\">10 Minuten<\/td>\n<td style=\"width: 70%;\"> Dies ist ein analytischer Cookie, der mit Google Analytics zusammenh\u00e4ngt. Dient zur Unterscheidung zwischen den verschiedenen in der Sitzung erstellten Tracking-Objekten.<\/td>\n<\/tr>\n<tr>\n<td style=\"width: 15%;\">_gid<\/td>\n<td style=\"width: 15%;\">Session<\/td>\n<td style=\"width: 70%;\"> Cookie, das eine anonyme Kennung zur Unterscheidung der Benutzer enth\u00e4lt.<\/td>\n<\/tr>\n<\/tbody>\n<\/table>\n<p>\n            <strong>DRITTANBIETER-COOKIES<\/strong>\n          <\/p>\n<p>-Google Ireland Limited <\/p>\n<table>\n<tbody>\n<tr>\n<td style=\"width: 15%;\">\n<p>\n                    <strong>Cookie<\/strong>\n                  <\/p>\n<\/td>\n<td style=\"width: 15%;\">\n<p>\n                    <strong>Dauer<\/strong>\n                  <\/p>\n<\/td>\n<td style=\"width: 70%;\">\n<p>\n                    <strong>Funktion<\/strong>\n                  <\/p>\n<\/td>\n<\/tr>\n<tr>\n<td style=\"width: 15%;\">\n<p>1P_JAR<\/p>\n<\/td>\n<td style=\"width: 15%;\">\n<p>1 Monat<\/p>\n<\/td>\n<td style=\"width: 70%;\">\n<p>Anzeigen anpassen<\/p>\n<\/td>\n<\/tr>\n<tr>\n<td style=\"width: 15%;\">\n<p>CONSENT<\/p>\n<\/td>\n<td style=\"width: 15%;\">\n<p>20 Jahre<\/p>\n<\/td>\n<td style=\"width: 70%;\">\n<p>Verwaltung der Annahme von Google-Cookies.<\/p>\n<\/td>\n<\/tr>\n<tr>\n<td style=\"width: 15%;\">\n<p>NID<\/p>\n<\/td>\n<td style=\"width: 15%;\">\n<p>6 Monate<\/p>\n<\/td>\n<td style=\"width: 70%;\">\n<p>So passen Sie die in Ihren Eigenschaften angezeigten Anzeigen an.<\/p>\n<\/td>\n<\/tr>\n<tr>\n<td style=\"width: 15%;\">\n<p>APISID<\/p>\n<\/td>\n<td style=\"width: 15%;\">\n<p>2 Jahre<\/p>\n<\/td>\n<td style=\"width: 70%;\">\n<p>Cookie f\u00fcr den Betrieb von Doubleclick, bewertet die Wirksamkeit von Online-Marketing-Kampagnen.<\/p>\n<\/td>\n<\/tr>\n<tr>\n<td style=\"width: 15%;\">\n<p>HSID<\/p>\n<\/td>\n<td style=\"width: 15%;\">\n<p>2 Jahre<\/p>\n<\/td>\n<td style=\"width: 70%;\">\n<p>Sie enthalten verschl\u00fcsselte und digital signierte Aufzeichnungen \u00fcber die letzte Anmeldezeit und die Google-Konto-ID eines Nutzers. Durch die Kombination dieser beiden Cookies k\u00f6nnen viele Arten von Angriffen abgewehrt werden, z. B. Versuche, den Inhalt von Formularen zu stehlen, die Sie auf Websites ausf\u00fcllen.<\/p>\n<\/td>\n<\/tr>\n<tr>\n<td style=\"width: 15%;\">\n<p>SAPISID<\/p>\n<\/td>\n<td style=\"width: 15%;\">\n<p>2 Jahre<\/p>\n<\/td>\n<td style=\"width: 70%;\">\n<p>Cookie f\u00fcr die Verwaltung der Benutzereinstellungen.<\/p>\n<\/td>\n<\/tr>\n<tr>\n<td style=\"width: 15%;\">\n<p>SID<\/p>\n<\/td>\n<td style=\"width: 15%;\">\n<p>2 Jahre<\/p>\n<\/td>\n<td style=\"width: 70%;\">\n<p>Sie enthalten verschl\u00fcsselte und digital signierte Aufzeichnungen \u00fcber die letzte Anmeldezeit und die Google-Konto-ID eines Nutzers. Durch die Kombination dieser beiden Cookies k\u00f6nnen viele Arten von Angriffen abgewehrt werden, z. B. Versuche, den Inhalt von Formularen zu stehlen, die Sie auf Websites ausf\u00fcllen.<\/p>\n<\/td>\n<\/tr>\n<tr>\n<td style=\"width: 15%;\">\n<p>SIDCC<\/p>\n<\/td>\n<td style=\"width: 15%;\">\n<p>3 Monate<\/p>\n<\/td>\n<td style=\"width: 70%;\">\n<p>Dieses Cookie wird von Google verwendet, um Dienste anzubieten und anonyme Browsing-Informationen zu sammeln.<\/p>\n<\/td>\n<\/tr>\n<tr>\n<td style=\"width: 15%;\">\n<p>SSID<\/p>\n<\/td>\n<td style=\"width: 15%;\">\n<p>2 Jahre<\/p>\n<\/td>\n<td style=\"width: 70%;\">\n<p>Cookie f\u00fcr die Verwaltung der Benutzereinstellungen.<\/p>\n<\/td>\n<\/tr>\n<tr>\n<td style=\"width: 15%;\">\n<p>ANID<\/p>\n<\/td>\n<td style=\"width: 15%;\">\n<p>13 Monate<\/p>\n<\/td>\n<td style=\"width: 70%;\">\n<p>Dieses Cookie dient zu Werbezwecken. Sie enth\u00e4lt einen eindeutigen, zuf\u00e4llig generierten Wert, der es der Plattform erm\u00f6glicht, Browser und Ger\u00e4te zu unterscheiden. Diese Informationen werden verwendet, um die Anzeigenleistung zu messen und auf der Grundlage statistischer Daten Produktempfehlungen zu geben.<\/p>\n<\/td>\n<\/tr>\n<tr>\n<td style=\"width: 15%;\">\n<p>SSID<\/p>\n<\/td>\n<td style=\"width: 15%;\">\n<p>2 Jahre<\/p>\n<\/td>\n<td style=\"width: 70%;\">\n<p>Cookie f\u00fcr die Verwaltung der Benutzereinstellungen.<\/p>\n<\/td>\n<\/tr>\n<tr>\n<td style=\"width: 15%;\">\n<p>__Secure-3PAPISID<\/p>\n<\/td>\n<td style=\"width: 15%;\">\n<p>2 Jahre<\/p>\n<\/td>\n<td style=\"width: 70%;\">\n<p>Werbung. Diese Cookies werden verwendet, um Ihnen Werbung zu liefern, die besser auf Sie und Ihre Interessen zugeschnitten ist.<\/p>\n<\/td>\n<\/tr>\n<tr>\n<td style=\"width: 15%;\">\n<p>__Secure-3PSID<\/p>\n<\/td>\n<td style=\"width: 15%;\">\n<p>2 Jahre<\/p>\n<\/td>\n<td style=\"width: 70%;\">\n<p>Werbung. Diese Cookies werden verwendet, um Ihnen Werbung zu liefern, die besser auf Sie und Ihre Interessen zugeschnitten ist.<\/p>\n<\/td>\n<\/tr>\n<tr>\n<td style=\"width: 15%;\">\n<p>__Secure-PSIDCC<\/p>\n<\/td>\n<td style=\"width: 15%;\">\n<p>8 Monate<\/p>\n<\/td>\n<td style=\"width: 70%;\">\n<p>Werbung. Diese Cookies werden verwendet, um Ihnen Werbung zu liefern, die besser auf Sie und Ihre Interessen zugeschnitten ist.<\/p>\n<\/td>\n<\/tr>\n<tr>\n<td style=\"width: 15%;\">\n<p>OTZ<\/p>\n<\/td>\n<td style=\"width: 15%;\">\n<p>Session<\/p>\n<\/td>\n<td style=\"width: 70%;\">\n<p>Pr\u00e4ferenzinformationen sammeln, um sie f\u00fcr Werbezwecke zu nutzen. Keines dieser Cookies speichert pers\u00f6nliche Daten<\/p>\n<\/td>\n<\/tr>\n<tr>\n<td style=\"width: 15%;\">\n<p>COMPASS<\/p>\n<\/td>\n<td style=\"width: 15%;\">\n<p>15 Tage<\/p>\n<\/td>\n<td style=\"width: 70%;\">\n<p>Anh\u00e4ngig.<\/p>\n<\/td>\n<\/tr>\n<tr>\n<td style=\"width: 15%;\">\n<p>DV<\/p>\n<\/td>\n<td style=\"width: 15%;\">\n<p>DV<\/p>\n<\/td>\n<td style=\"width: 70%;\">\n<p>Sie speichern Informationen, Kennungen und Vorlieben in Bezug auf Google.<\/p>\n<\/td>\n<\/tr>\n<\/tbody>\n<\/table>\n<p>Wenn Sie weitere Informationen \u00fcber die Verwendung von Cookies durch die Google Inc. w\u00fcnschen, k\u00f6nnen Sie sich unter <a href=\"Si%20desea%20m%C3%A1s%20informaci%C3%B3n%20sobre%20el%20uso%20de%20las%20cookies%20de%20Google%20Inc.,%20puede%20contactar%20con%20ellos%20desde%20la%20p%C3%A1gina%20http%3A\/\/www.google.com\/policies\/technologies\/ads\/\">http:\/\/www.google.com\/policies\/technologies\/ads\/ <\/a> an sie wenden.<\/p>\n<\/p>\n<p>\n            <strong>-cloudflare.com <\/strong>\n          <\/p>\n<table>\n<tbody>\n<tr>\n<td style=\"width: 15%;\">\n<p>\n                    <strong>Cookie<\/strong>\n                  <\/p>\n<\/td>\n<td style=\"width: 15%;\">\n<p>\n                    <strong>Dauer<\/strong>\n                  <\/p>\n<\/td>\n<td style=\"width: 70%;\">\n<p>\n                    <strong>Funktion<\/strong>\n                  <\/p>\n<\/td>\n<\/tr>\n<tr>\n<td style=\"width: 15%;\">\n<p>cfduid<\/p>\n<\/td>\n<td style=\"width: 15%;\">\n<p>1 Jahr<\/p>\n<\/td>\n<td style=\"width: 70%;\">\n<p>Wird vom CloudFlare-Dienst eingerichtet, um vertrauensw\u00fcrdigen Webverkehr zu identifizieren. Sie entspricht keiner Benutzerkennung in der Webanwendung und speichert auch keine personenbezogenen Daten.<\/p>\n<\/td>\n<\/tr>\n<\/tbody>\n<\/table>\n<p>F\u00fcr weitere Informationen \u00fcber die Verwendung von Cookies durch Cloudflare besuchen Sie bitte <a href=\"https:\/\/www.cloudflare.com\/cookie-policy\">https:\/\/www.cloudflare.com\/cookie-policy.<\/a><\/p>\n<\/p>\n<p>\n            <strong>CONSENT<\/strong>\n          <\/p>\n<p>Wenn Sie unsere Website zum ersten Mal aufrufen, erscheint ein Banner, \u00fcber das Sie sich \u00fcber die von unserer Website verwendeten Cookies informieren und gegebenenfalls deren Verwendung zustimmen k\u00f6nnen. Wenn Sie keine Cookies akzeptieren, werden auf Ihrem Computer nur die Cookies installiert, die f\u00fcr den Betrieb der Website oder der von Ihnen genutzten Anwendungen oder Dienste unbedingt erforderlich sind.<\/p>\n<\/p>\n<p>\n            <strong>COOKIES ZU DEAKTIVIEREN UND ZU BLOCKIEREN ODER MEINE ZUSTIMMUNG ZU WIDERRUFEN<\/strong>\n          <\/p>\n<p>In jedem Fall weisen wir Sie darauf hin, dass Sie, da nicht alle Cookies f\u00fcr die Nutzung unserer Website unerl\u00e4sslich sind, diese blockieren oder deaktivieren k\u00f6nnen, indem Sie die Einstellung Ihres Browsers aktivieren, mit der Sie die Installation aller oder einiger Cookies ablehnen k\u00f6nnen. Bei fast allen Browsern k\u00f6nnen Sie sich vor dem Vorhandensein von Cookies warnen lassen oder sie automatisch ablehnen. Wenn Sie diese ablehnen, k\u00f6nnen Sie unsere Website weiterhin nutzen, auch wenn die Nutzung einiger ihrer Dienste eingeschr\u00e4nkt sein kann und Ihre Erfahrungen auf unserer Website weniger zufriedenstellend sind. Weitere Informationen zum L\u00f6schen, Deaktivieren oder Blockieren von Cookies finden Sie unter: <a href=\"http:\/\/www.aboutcookies.org\/Default.aspx?page=2\">http:\/\/www.aboutcookies.org\/Default.aspx?page=2<\/a><\/p>\n<\/p>\n<p>\n            <span style=\"text-decoration: underline;\">Informationen dazu finden Sie auch unter den folgenden Links, je nachdem, welchen Browser Sie verwenden:<\/span>\n          <\/p>\n<p>\n            <a href=\"https:\/\/support.mozilla.org\/es\/kb\/habilitar-y-deshabilitar-cookies-sitios-web-rastrear-preferencias\">https:\/\/support.mozilla.org\/es\/kb\/habilitar-y-deshabilitar-cookies-sitios-web-rastrear-preferencias<\/a>\n          <\/p>\n<p>\n            <a href=\"http:\/\/support.google.com\/chrome\/bin\/answer.py?hl=es&amp;answer=95647\">http:\/\/support.google.com\/chrome\/bin\/answer.py?hl=es&amp;answer=95647<\/a>\n          <\/p>\n<p>\n            <a href=\"http:\/\/windows.microsoft.com\/es-es\/windows7\/how-to-manage-cookies-in-internet-explorer-9\">http:\/\/windows.microsoft.com\/es-es\/windows7\/how-to-manage-cookies-in-internet-explorer-9<\/a>\n          <\/p>\n<p>\n            <a href=\"http:\/\/support.apple.com\/kb\/ph5042\">http:\/\/support.apple.com\/kb\/ph5042<\/a>\n          <\/p>\n<p>\n            <a href=\"http:\/\/help.opera.com\/Windows\/11.50\/es-ES\/cookies.html\">http:\/\/help.opera.com\/Windows\/11.50\/es-ES\/cookies.html<\/a>\n          <\/p>\n<\/p>\n<p>Wenn Sie m\u00f6chten, k\u00f6nnen Sie sich die von der spanischen Datenschutzbeh\u00f6rde entwickelten Videos ansehen, in denen erkl\u00e4rt wird, wie man die Datenschutzoptionen auf verschiedenen Plattformen und Ger\u00e4ten konfiguriert. <a href=\"https:\/\/www.aepd.es\/\">https:\/\/www.aepd.es\/<\/a><\/p>\n<\/p>\n<p>\n            <strong>\u00c4NDERUNGEN AN DER COOKIE-RICHTLINIE<\/strong>\n          <\/p>\n<p>Wir k\u00f6nnen die Cookie-Richtlinie auf unserer Website aktualisieren, daher empfehlen wir Ihnen, diese Richtlinie jedes Mal zu \u00fcberpr\u00fcfen, wenn Sie auf unsere Website zugreifen, um genau dar\u00fcber informiert zu sein, wie und wozu wir Cookies verwenden.<br \/>Diese Cookie-Richtlinie wurde zuletzt im September 2020 aktualisiert.<\/p>\n<p>[\/et_pb_blurb][\/et_pb_column][\/et_pb_row][\/et_pb_section]<\/p>\n","protected":false},"excerpt":{"rendered":"<p>COOKIES-POLITIK Die Website www.monkeysoil.com (die \u201eWebsite\u201c) liegt in der Verantwortung von Monkey Fertilizers SL, die eine Technologie namens \u201eCookies\u201c verwenden kann, um Informationen \u00fcber die Nutzung der Website zu sammeln. Wir informieren Sie dar\u00fcber, dass wir Cookies verwenden k\u00f6nnen, um Ihnen die Navigation auf der Website zu erleichtern, um Sie von anderen Nutzern zu unterscheiden, [&hellip;]<\/p>\n","protected":false},"author":3,"featured_media":0,"parent":0,"menu_order":100,"comment_status":"closed","ping_status":"closed","template":"","meta":{"_acf_changed":false,"_et_pb_use_builder":"on","_et_pb_old_content":"","_et_gb_content_width":"","footnotes":""},"class_list":["post-23687","page","type-page","status-publish","hentry"],"acf":[],"_links":{"self":[{"href":"https:\/\/monkeysoil.com\/de\/wp-json\/wp\/v2\/pages\/23687","targetHints":{"allow":["GET"]}}],"collection":[{"href":"https:\/\/monkeysoil.com\/de\/wp-json\/wp\/v2\/pages"}],"about":[{"href":"https:\/\/monkeysoil.com\/de\/wp-json\/wp\/v2\/types\/page"}],"author":[{"embeddable":true,"href":"https:\/\/monkeysoil.com\/de\/wp-json\/wp\/v2\/users\/3"}],"replies":[{"embeddable":true,"href":"https:\/\/monkeysoil.com\/de\/wp-json\/wp\/v2\/comments?post=23687"}],"version-history":[{"count":0,"href":"https:\/\/monkeysoil.com\/de\/wp-json\/wp\/v2\/pages\/23687\/revisions"}],"wp:attachment":[{"href":"https:\/\/monkeysoil.com\/de\/wp-json\/wp\/v2\/media?parent=23687"}],"curies":[{"name":"wp","href":"https:\/\/api.w.org\/{rel}","templated":true}]}}