{"id":23674,"date":"2024-06-11T11:04:42","date_gmt":"2024-06-11T09:04:42","guid":{"rendered":"https:\/\/www.monkeysoil.com\/bedingungen-fur-die-nutzung\/"},"modified":"2025-08-06T18:08:27","modified_gmt":"2025-08-06T16:08:27","slug":"bedingungen-fur-die-nutzung","status":"publish","type":"page","link":"https:\/\/monkeysoil.com\/de\/bedingungen-fur-die-nutzung\/","title":{"rendered":"Bedingungen f\u00fcr die Nutzung"},"content":{"rendered":"<p>[et_pb_section fb_built=&#8221;1&#8243; custom_padding_last_edited=&#8221;on|desktop&#8221; admin_label=&#8221;section&#8221; _builder_version=&#8221;3.22&#8243; background_color=&#8221;rgba(255,255,255,0)&#8221; custom_padding_tablet=&#8221;50px|0|50px|0&#8243; custom_padding_phone=&#8221;&#8221; transparent_background=&#8221;on&#8221; padding_mobile=&#8221;off&#8221; make_fullwidth=&#8221;off&#8221; use_custom_width=&#8221;off&#8221; width_unit=&#8221;on&#8221; global_colors_info=&#8221;{}&#8221;][et_pb_row admin_label=&#8221;row&#8221; _builder_version=&#8221;3.25&#8243; background_size=&#8221;initial&#8221; background_position=&#8221;top_left&#8221; background_repeat=&#8221;repeat&#8221; global_colors_info=&#8221;{}&#8221;][et_pb_column type=&#8221;4_4&#8243; _builder_version=&#8221;3.25&#8243; custom_padding=&#8221;|||&#8221; global_colors_info=&#8221;{}&#8221; custom_padding__hover=&#8221;|||&#8221;][et_pb_blurb content_max_width=&#8221;1100px&#8221; admin_label=&#8221;Condiciones de uso&#8221; module_class=&#8221;anuncio_basico politica-privacidad&#8221; _builder_version=&#8221;4.14.1&#8243; header_text_color=&#8221;#3a3a3a&#8221; body_text_color=&#8221;#6b6b6b&#8221; background_size=&#8221;initial&#8221; background_position=&#8221;top_left&#8221; background_repeat=&#8221;repeat&#8221; background_layout=&#8221;dark&#8221; max_width_tablet=&#8221;50px&#8221; hover_enabled=&#8221;0&#8243; use_border_color=&#8221;off&#8221; global_colors_info=&#8221;{}&#8221; sticky_enabled=&#8221;0&#8243;]          <\/p>\n<div class=\"rte\">\n<p>    <strong>BEDINGUNGEN F\u00dcR DIE NUTZUNG DER WEBSITE<\/strong><\/p>\n<ol>\n<li><strong> SCOPE:<\/strong><\/li>\n<\/ol>\n<p> Diese Nutzungsbedingungen der Website legen die allgemeinen Bedingungen fest, die sowohl den Zugang und das Surfen als auch die Nutzung der Inhalte dieser Website regeln.<\/p>\n<p> Die auf dieser Website enthaltenen Informationen beziehen sich auf die von Monkey Fertilizers SL unter der Marke MONKEY SOIL (im Folgenden MONKEYSOIL) vertriebenen Produkte.<strong>.<\/strong> Diese Informationen dienen lediglich der Veranschaulichung und stellen in keiner Weise ein verbindliches Angebot dar, das den Nutzer zum Kauf der ver\u00f6ffentlichten Produkte verpflichtet. MONKEYSOIL beh\u00e4lt sich das Recht vor, die hierin enthaltenen Informationen nach eigenem Ermessen und ohne vorherige Ank\u00fcndigung zu \u00e4ndern, und haftet nicht f\u00fcr die Richtigkeit, Unzul\u00e4nglichkeit oder Authentizit\u00e4t der bereitgestellten Informationen. Die Bedingungen f\u00fcr die R\u00fcckgabe der von Ihnen gekauften Produkte finden Sie, indem Sie auf den entsprechenden Link auf dieser Website klicken.<\/p>\n<p> MONKEYSOIL beh\u00e4lt sich seinerseits das Recht vor, den Inhalt der vorliegenden Nutzungsbedingungen f\u00fcr die Website zu \u00e4ndern. Der Nutzer muss daher dieses Dokument jedes Mal, wenn er die Website nutzen m\u00f6chte, sorgf\u00e4ltig lesen, da die Website und ihre in diesem Dokument dargelegten Nutzungsbedingungen \u00c4nderungen unterliegen k\u00f6nnen.<\/p>\n<p> Die Bereitstellung des Dienstes dieser Website ist auf die Zeit beschr\u00e4nkt, in der der Nutzer mit der Website oder einem der \u00fcber sie angebotenen Dienste verbunden ist.<\/p>\n<ol start=\"2\">\n<li><strong>BEDINGUNGEN F\u00dcR DIE NUTZUNG DER WEBSITE:<\/strong><\/li>\n<\/ol>\n<p> Durch den einfachen Zugriff auf die Website, das Browsen oder die Nutzung der Website werden Sie zum Nutzer. Der Nutzer akzeptiert vollst\u00e4ndig und vorbehaltlos die in diesen Nutzungsbedingungen der Website enthaltenen Bedingungen.<\/p>\n<p> Der Nutzer verpflichtet sich, die Website sowie ihre Dienste und Inhalte in rechtm\u00e4\u00dfiger Weise zu nutzen, in \u00dcbereinstimmung mit der geltenden Gesetzgebung, den allgemein anerkannten Gepflogenheiten, dem guten Glauben und der \u00f6ffentlichen Ordnung.<\/p>\n<p> Der Nutzer verpflichtet sich, keine Handlungen vorzunehmen, die der Website Schaden zuf\u00fcgen, sie unbrauchbar machen, \u00fcberlasten oder in irgendeiner Weise beeintr\u00e4chtigen oder andere Nutzer daran hindern, ungehindert auf die Website zuzugreifen, sie zu nutzen oder zu genie\u00dfen.<\/p>\n<ol start=\"3\">\n<li><strong>GEISTIGES EIGENTUM UND NUTZUNG VON INHALTEN:<\/strong><\/li>\n<\/ol>\n<p> Monkey Fertilizers SL ist Eigent\u00fcmer der geistigen und gewerblichen Eigentumsrechte dieser Website und aller ihrer Inhalte (einschlie\u00dflich, aber nicht beschr\u00e4nkt auf: die Marke und das Logo MONKEYSOIL, Texte, Fotos und andere audiovisuelle Inhalte, Software, grafische Gestaltung usw.) oder verf\u00fcgt \u00fcber die entsprechende Lizenz oder Genehmigung f\u00fcr deren Nutzung. Der Zugang zum Browsen und die Nutzung dieser Website durch den Nutzer bedeutet in keiner Weise einen Verzicht, eine \u00dcbertragung, eine Lizenz oder eine vollst\u00e4ndige oder teilweise \u00dcbertragung derselben.<\/p>\n<p> Es ist verboten, den Inhalt dieser Website ganz oder teilweise ohne die ausdr\u00fcckliche schriftliche Genehmigung von MONKEYSOIL f\u00fcr \u00f6ffentliche oder kommerzielle Zwecke zu vervielf\u00e4ltigen, zu \u00e4ndern, wiederzuverwenden, zu nutzen, \u00f6ffentlich zu kommunizieren, Dateien hochzuladen, per Post zu versenden, zu \u00fcbertragen, zu verwenden, zu bearbeiten oder zu verteilen.<\/p>\n<ol start=\"4\">\n<li><strong>LINKS<\/strong><\/li>\n<\/ol>\n<p>    <strong>4.1. LINKS ZU ANDEREN EXTERNEN WEBSITES:<\/strong><\/p>\n<p> MONKEYSOIL lehnt jede Verantwortung f\u00fcr Informationen im World Wide Web ab, die nicht von MONKEYSOIL stammen oder nicht unter seinem Namen ver\u00f6ffentlicht wurden. Die Website kann Hypertext-Links zu anderen Websites im World Wide Web enthalten, die von dieser Website v\u00f6llig unabh\u00e4ngig sind. MONKEYSOIL \u00fcbernimmt keinerlei Verantwortung oder Garantie f\u00fcr die Richtigkeit, Unzul\u00e4nglichkeit oder Authentizit\u00e4t der Informationen, die von nat\u00fcrlichen oder juristischen Personen mit oder ohne eigene Rechtspers\u00f6nlichkeit \u00fcber diese Hypertext-Links bereitgestellt werden.<\/p>\n<p>    <strong>4.2. EXTERNE LINKS ZU DEN WEBSITES VON <\/strong><strong>MONKEYSOIL<\/strong>:<\/p>\n<p> Wenn eine andere Website, ein Benutzer oder eine Einrichtung einen Link zu https:\/\/monkeysoil.com einrichten m\u00f6chte, muss dieser Link den nachstehenden Bedingungen unterliegen:<\/p>\n<ol>\n<li>Der Link f\u00fchrt zur Startseite oder zu einer ihrer Rubriken. Der Link muss in jedem Fall absolut und vollst\u00e4ndig sein und den Nutzer mit einem einzigen Klick zur URL der Homepage oder zu der URL einer ihrer Rubriken f\u00fchren. Der Link sollte die gesamte Bildschirmgr\u00f6\u00dfe der Website https:\/\/monkeysoil.com einnehmen.<\/li>\n<li>In keinem Fall, au\u00dfer mit ausdr\u00fccklicher schriftlicher Genehmigung von MONKEYSOIL, darf die Website, die den Link herstellt, https:\/\/monkeysoil.com in irgendeiner Weise wiedergeben, auch nicht als integralen Bestandteil ihrer Website, unter Verwendung von Frames, Umleitungen oder anderen Ma\u00dfnahmen, die die Herkunft der Informationen verschleiern.<\/li>\n<li>Die Einrichtung eines Links zu https:\/\/monkeysoil.com von Websites mit illegalen, entw\u00fcrdigenden oder obsz\u00f6nen Inhalten, die gegen die Moral oder die \u00f6ffentliche Ordnung versto\u00dfen, ist nicht gestattet.<\/li>\n<\/ol>\n<p> Der Dienst f\u00fcr den Zugang zur Website umfasst technische Vorrichtungen zur Verkn\u00fcpfung, Verzeichnisse und sogar Suchwerkzeuge, die es dem Nutzer erm\u00f6glichen, auf andere Internetseiten und Portale zuzugreifen (nachstehend \u201everlinkte Seiten\u201c). In diesen F\u00e4llen handelt MONKEYSOIL als Vermittlungsdienstleister im Sinne des Gesetzes \u00fcber Informationsdienste und elektronischen Gesch\u00e4ftsverkehr und ist f\u00fcr die auf den verlinkten Seiten angebotenen Inhalte und Dienstleistungen nur insoweit verantwortlich, als sie von der Rechtswidrigkeit tats\u00e4chlich Kenntnis hat und den Link nicht mit der gebotenen Sorgfalt deaktiviert hat. Falls der Nutzer der Meinung ist, dass eine verlinkte Seite rechtswidrige oder unangemessene Inhalte hat, kann er MONKEYSOIL dar\u00fcber informieren, indem er eine Nachricht an <a href=\"mailto:info@monkeysoil.com\">info@monkeysoil.com<\/a> schickt, ohne dass diese Benachrichtigung in jedem Fall die Verpflichtung mit sich bringt, den entsprechenden Link zu entfernen.<\/p>\n<p> Das Vorhandensein von verlinkten Seiten bedeutet keinesfalls, dass Vereinbarungen mit den Betreibern oder Eigent\u00fcmern dieser Seiten bestehen, noch dass MONKEYSOIL die Aussagen, Inhalte oder Dienstleistungen empfiehlt, bewirbt oder sich damit identifiziert.<\/p>\n<p> MONKEYSOIL hat keine Kenntnis von den Inhalten und Dienstleistungen der verlinkten Seiten und kann daher nicht f\u00fcr Sch\u00e4den verantwortlich gemacht werden, die durch die Rechtswidrigkeit, die Qualit\u00e4t, die Nichtaktualisierung, die Nichtverf\u00fcgbarkeit, den Fehler oder die Unbrauchbarkeit der Inhalte und\/oder Dienstleistungen der verlinkten Seiten verursacht werden oder f\u00fcr andere Sch\u00e4den, die nicht direkt MONKEYSOIL zuzuschreiben sind.<\/p>\n<ol start=\"5\">\n<li><strong>AUSSCHLUSS DER HAFTUNG: <\/strong><\/li>\n<\/ol>\n<p> Die alleinige und ausschlie\u00dfliche Verantwortung f\u00fcr die Nutzung dieser Website liegt beim Nutzer.<\/p>\n<p> MONKEYSOIL ist in keinem Fall verantwortlich f\u00fcr Sch\u00e4den jeglicher Art, die dadurch verursacht werden k\u00f6nnen:<\/p>\n<ol>\n<li>Die Nichtverf\u00fcgbarkeit, die Wartung und der Betrieb der Website oder ihrer Dienstleistungen oder Inhalte, da sie Lieferungen und Leistungen von Dritten erfordert.<\/li>\n<li>Fehler und Auslassungen in den ver\u00f6ffentlichten Informationen sowie die mangelnde N\u00fctzlichkeit, Eignung oder G\u00fcltigkeit der Website oder ihrer Dienste oder Inhalte, um die Bed\u00fcrfnisse, Aktivit\u00e4ten oder spezifischen Ergebnisse oder Erwartungen der Nutzer zu erf\u00fcllen.<\/li>\n<\/ol>\n<p> Der Zugang zum Portal verpflichtet MONKEYSOIL nicht dazu, die Abwesenheit von Viren oder anderen sch\u00e4dlichen Computerelementen zu \u00fcberpr\u00fcfen. Es liegt in jedem Fall in der Verantwortung des Nutzers, daf\u00fcr zu sorgen, dass geeignete Instrumente zur Erkennung und Desinfektion von sch\u00e4dlichen Computerprogrammen zur Verf\u00fcgung stehen. MONKEYSOIL haftet nicht f\u00fcr Sch\u00e4den, die durch die Nutzung der Website an der Computerausr\u00fcstung der Nutzer oder Dritter entstehen.<\/p>\n<ol start=\"6\">\n<li><strong> GESETZGEBUNG UND RECHTSPRECHUNG<\/strong><\/li>\n<\/ol>\n<p> Die Nutzungsbedingungen der Website unterliegen in allen ihren Aspekten dem spanischen Recht und der Allgemeinen Datenschutzverordnung der Europ\u00e4ischen Union. F\u00fcr alle Streitigkeiten im Zusammenhang mit dieser Website sind ausschlie\u00dflich die Gerichte der Stadt Barcelona zust\u00e4ndig.<\/p>\n<ol start=\"7\">\n<li><strong> Update<\/strong><\/li>\n<\/ol>\n<p> Das Dokument wurde zuletzt im <strong>September<\/strong> <strong>2020<\/strong> \u00fcberarbeitet.<\/p><\/div>\n<p>[\/et_pb_blurb][\/et_pb_column][\/et_pb_row][\/et_pb_section]<\/p>\n","protected":false},"excerpt":{"rendered":"<p>BEDINGUNGEN F\u00dcR DIE NUTZUNG DER WEBSITE SCOPE: Diese Nutzungsbedingungen der Website legen die allgemeinen Bedingungen fest, die sowohl den Zugang und das Surfen als auch die Nutzung der Inhalte dieser Website regeln. Die auf dieser Website enthaltenen Informationen beziehen sich auf die von Monkey Fertilizers SL unter der Marke MONKEY SOIL (im Folgenden MONKEYSOIL) vertriebenen [&hellip;]<\/p>\n","protected":false},"author":3,"featured_media":0,"parent":0,"menu_order":100,"comment_status":"closed","ping_status":"closed","template":"","meta":{"_acf_changed":false,"_et_pb_use_builder":"on","_et_pb_old_content":"","_et_gb_content_width":"","footnotes":""},"class_list":["post-23674","page","type-page","status-publish","hentry"],"acf":[],"_links":{"self":[{"href":"https:\/\/monkeysoil.com\/de\/wp-json\/wp\/v2\/pages\/23674","targetHints":{"allow":["GET"]}}],"collection":[{"href":"https:\/\/monkeysoil.com\/de\/wp-json\/wp\/v2\/pages"}],"about":[{"href":"https:\/\/monkeysoil.com\/de\/wp-json\/wp\/v2\/types\/page"}],"author":[{"embeddable":true,"href":"https:\/\/monkeysoil.com\/de\/wp-json\/wp\/v2\/users\/3"}],"replies":[{"embeddable":true,"href":"https:\/\/monkeysoil.com\/de\/wp-json\/wp\/v2\/comments?post=23674"}],"version-history":[{"count":0,"href":"https:\/\/monkeysoil.com\/de\/wp-json\/wp\/v2\/pages\/23674\/revisions"}],"wp:attachment":[{"href":"https:\/\/monkeysoil.com\/de\/wp-json\/wp\/v2\/media?parent=23674"}],"curies":[{"name":"wp","href":"https:\/\/api.w.org\/{rel}","templated":true}]}}