{"id":23659,"date":"2024-06-10T14:49:02","date_gmt":"2024-06-10T12:49:02","guid":{"rendered":"https:\/\/www.monkeysoil.com\/rechtlicher-hinweis\/"},"modified":"2025-08-06T18:06:19","modified_gmt":"2025-08-06T16:06:19","slug":"rechtlicher-hinweis","status":"publish","type":"page","link":"https:\/\/monkeysoil.com\/de\/rechtlicher-hinweis\/","title":{"rendered":"Rechtlicher Hinweis"},"content":{"rendered":"<p>[et_pb_section fb_built=&#8221;1&#8243; custom_padding_last_edited=&#8221;on|desktop&#8221; admin_label=&#8221;section&#8221; _builder_version=&#8221;3.22&#8243; background_color=&#8221;rgba(255,255,255,0)&#8221; custom_padding_tablet=&#8221;50px|0|50px|0&#8243; custom_padding_phone=&#8221;&#8221; transparent_background=&#8221;on&#8221; padding_mobile=&#8221;off&#8221; make_fullwidth=&#8221;off&#8221; use_custom_width=&#8221;off&#8221; width_unit=&#8221;on&#8221; global_colors_info=&#8221;{}&#8221;][et_pb_row admin_label=&#8221;row&#8221; _builder_version=&#8221;3.25&#8243; background_size=&#8221;initial&#8221; background_position=&#8221;top_left&#8221; background_repeat=&#8221;repeat&#8221; global_colors_info=&#8221;{}&#8221;][et_pb_column type=&#8221;4_4&#8243; _builder_version=&#8221;3.25&#8243; custom_padding=&#8221;|||&#8221; global_colors_info=&#8221;{}&#8221; custom_padding__hover=&#8221;|||&#8221;][et_pb_blurb title=&#8221;Rechtlicher Hinweis&#8221; content_max_width=&#8221;100%&#8221; admin_label=&#8221;Aviso Legal&#8221; module_class=&#8221;anuncio_basico aviso-legal&#8221; _builder_version=&#8221;4.14.1&#8243; header_text_color=&#8221;#3a3a3a&#8221; body_text_color=&#8221;#6b6b6b&#8221; background_size=&#8221;initial&#8221; background_position=&#8221;top_left&#8221; background_repeat=&#8221;repeat&#8221; background_layout=&#8221;dark&#8221; max_width_tablet=&#8221;50px&#8221; hover_enabled=&#8221;0&#8243; use_border_color=&#8221;off&#8221; global_colors_info=&#8221;{}&#8221; sticky_enabled=&#8221;0&#8243;]          <\/p>\n<div class=\"rte\">\n<table class=\"aviso-legal\">\n<tbody>\n<tr>\n<td class=\"columna-1\">\n<p><strong class=\"num\"><em><span>1 &#8211; <\/span><\/em><\/strong><strong><span>Verantwortlicher f\u00fcr die Datenverarbeitung:<\/span><\/strong><\/p>\n<\/td>\n<td>\n<p><strong><span>MONKEY FERTILIZERS SL<\/span><\/strong><\/p>\n<\/td>\n<td>\n<p class=\"enlace\"><a href=\"https:\/\/monkeysoil.com\/politica-de-privacidad\/#responsable\">Mehr Infos<\/a><\/p>\n<\/td>\n<\/tr>\n<tr>\n<td class=\"columna-1\">\n<p><strong class=\"num\"><em><span>2 &#8211; <\/span><\/em><\/strong><strong><span>Zweck der Verarbeitung:<\/span><\/strong><\/p>\n<\/td>\n<td>\n<p><span>Beantwortung der angeforderten Informationen, Verwaltung der auf beliebigem Wege oder \u00fcber die Website erteilten Auftr\u00e4ge. <\/span><a href=\"https:\/\/monkeysoil.com\"><span>https:\/\/monkeysoil.com<\/span><\/a><span>,<\/span><span>die kaufm\u00e4nnische und administrative Leitung der Gesellschaft.<\/span><\/p>\n<\/td>\n<td>\n<p class=\"enlace\"><a href=\"https:\/\/monkeysoil.com\/politica-de-privacidad\/#tratamiento\">Mehr Infos<\/a><\/p>\n<\/td>\n<\/tr>\n<tr>\n<td class=\"columna-1\">\n<p><strong class=\"num\"><em><span>3 &#8211; <\/span><\/em><\/strong><strong><span>Legitimation der Verarbeitung:<\/span><\/strong><\/p>\n<\/td>\n<td>\n<p><strong><span><\/span><\/strong><span>Die Zustimmung der Nutzer, die Erf\u00fcllung gesetzlicher Verpflichtungen, die Ausf\u00fchrung von Vertr\u00e4gen zwischen dem Unternehmen und seinen Kunden oder Dritten und gegebenenfalls die berechtigten Interessen des Unternehmens.<\/span><\/p>\n<\/td>\n<td>\n<p class=\"enlace\"><a href=\"https:\/\/monkeysoil.com\/politica-de-privacidad\/#legitimacion\">Mehr Infos<\/a><\/p>\n<\/td>\n<\/tr>\n<tr>\n<td class=\"columna-1\">\n<p><strong class=\"num\"><em><span>4 &#8211; <\/span><\/em><\/strong><strong><span>Konservierungszeitraum:<\/span><\/strong><\/p>\n<\/td>\n<td>\n<p><span>F\u00fcr die Dauer der Legitimation durch Einwilligung, Vertragsverh\u00e4ltnis, rechtliche Verpflichtung oder berechtigtes Interesse.<\/span><\/p>\n<\/td>\n<td>\n<p class=\"enlace\"><a href=\"https:\/\/monkeysoil.com\/politica-de-privacidad\/#conservacion\">Mehr Infos<\/a><\/p>\n<\/td>\n<\/tr>\n<tr>\n<td class=\"columna-1\">\n<p><strong class=\"num\"><em><span>5 &#8211; <\/span><\/em><\/strong><strong><span>Adressaten:<\/span><\/strong><\/p>\n<\/td>\n<td>\n<p><span>Die Daten, die Sie uns zur Verf\u00fcgung stellen, werden in eine Datenbank aufgenommen, die der <\/span><strong><span>MONKEY FERTILIZERS SL<\/span><\/strong><span> und werden nicht an Dritte weitergegeben, au\u00dfer an diejenigen, die notwendigerweise an der Erbringung unserer Dienstleistungen beteiligt sind.<\/span><\/p>\n<\/td>\n<td>\n<p class=\"enlace\"><a href=\"https:\/\/monkeysoil.com\/politica-de-privacidad\/#destinatarios\">Mehr Infos<\/a><\/p>\n<\/td>\n<\/tr>\n<tr>\n<td class=\"columna-1\">\n<p><strong class=\"num\"><em><span>6 &#8211; <\/span><\/em><\/strong><strong><span>Aus\u00fcbung der Rechte:<\/span><\/strong><\/p>\n<\/td>\n<td>\n<p><span>Zugang, Berichtigung und L\u00f6schung Ihrer Daten sowie die anderen in den geltenden Rechtsvorschriften vorgesehenen Rechte.<\/span><\/p>\n<\/td>\n<td>\n<p class=\"enlace\"><a href=\"https:\/\/monkeysoil.com\/politica-de-privacidad\/#derechos\">Mehr Infos<\/a><\/p>\n<\/td>\n<\/tr>\n<tr>\n<td class=\"columna-1\">\n<p><strong class=\"num\"><em><span>7 &#8211; <\/span><\/em><\/strong><strong><span>Beschwerde bei der Aufsichtsbeh\u00f6rde:<\/span><\/strong><\/p>\n<\/td>\n<td>\n<p><span>Sie k\u00f6nnen sich mit allen Anspr\u00fcchen, die sich aus der Verarbeitung Ihrer pers\u00f6nlichen Daten ergeben, an die spanische Datenschutzbeh\u00f6rde wenden (<\/span><a href=\"http:\/\/www.aepd.es\"><span>www.aepd.es<\/span><\/a><span>)<\/span><\/p>\n<\/td>\n<td>\n<p class=\"enlace\"><a href=\"https:\/\/monkeysoil.com\/politica-de-privacidad\/#reclamacion\">Mehr Infos<\/a><\/p>\n<\/td>\n<\/tr>\n<tr>\n<td class=\"columna-1\">\n<p><strong class=\"num\"><em><span>8 &#8211; <\/span><\/em><\/strong><strong><span>Gesetzgebung und Rechtsprechung<\/span><\/strong><\/p>\n<\/td>\n<td>\n<p><span>Die vorliegende Datenschutzerkl\u00e4rung unterliegt in allen ihren Aspekten der Allgemeinen Datenschutzverordnung der Europ\u00e4ischen Union und anderen damit verbundenen spanischen Rechtsvorschriften.<\/span><\/p>\n<\/td>\n<td>\n<p class=\"enlace\"><a href=\"https:\/\/monkeysoil.com\/politica-de-privacidad\/#legislacion\">Mehr Infos<\/a><\/p>\n<\/td>\n<\/tr>\n<tr>\n<td class=\"columna-1\">\n<p><strong class=\"num\"><em><span>9 &#8211; <\/span><\/em><\/strong><strong><span>Update:<\/span><\/strong><\/p>\n<\/td>\n<td>\n<p><a name=\"Fecha_Actual_Texto_1\"><\/a><strong><span>September 2020<\/span><\/strong><\/p>\n<\/td>\n<td>\n<p class=\"enlace\"><a href=\"https:\/\/monkeysoil.com\/politica-de-privacidad\/#actualizacion\">Mehr Infos<\/a><\/p>\n<\/td>\n<\/tr>\n<\/tbody>\n<\/table>\n<\/div>\n<p>[\/et_pb_blurb][\/et_pb_column][\/et_pb_row][\/et_pb_section]<\/p>\n","protected":false},"excerpt":{"rendered":"<p>1 &#8211; Verantwortlicher f\u00fcr die Datenverarbeitung: MONKEY FERTILIZERS SL Mehr Infos 2 &#8211; Zweck der Verarbeitung: Beantwortung der angeforderten Informationen, Verwaltung der auf beliebigem Wege oder \u00fcber die Website erteilten Auftr\u00e4ge. https:\/\/monkeysoil.com,die kaufm\u00e4nnische und administrative Leitung der Gesellschaft. Mehr Infos 3 &#8211; Legitimation der Verarbeitung: Die Zustimmung der Nutzer, die Erf\u00fcllung gesetzlicher Verpflichtungen, die Ausf\u00fchrung [&hellip;]<\/p>\n","protected":false},"author":3,"featured_media":0,"parent":0,"menu_order":100,"comment_status":"closed","ping_status":"closed","template":"","meta":{"_acf_changed":false,"_et_pb_use_builder":"on","_et_pb_old_content":"","_et_gb_content_width":"","footnotes":""},"class_list":["post-23659","page","type-page","status-publish","hentry"],"acf":[],"_links":{"self":[{"href":"https:\/\/monkeysoil.com\/de\/wp-json\/wp\/v2\/pages\/23659","targetHints":{"allow":["GET"]}}],"collection":[{"href":"https:\/\/monkeysoil.com\/de\/wp-json\/wp\/v2\/pages"}],"about":[{"href":"https:\/\/monkeysoil.com\/de\/wp-json\/wp\/v2\/types\/page"}],"author":[{"embeddable":true,"href":"https:\/\/monkeysoil.com\/de\/wp-json\/wp\/v2\/users\/3"}],"replies":[{"embeddable":true,"href":"https:\/\/monkeysoil.com\/de\/wp-json\/wp\/v2\/comments?post=23659"}],"version-history":[{"count":0,"href":"https:\/\/monkeysoil.com\/de\/wp-json\/wp\/v2\/pages\/23659\/revisions"}],"wp:attachment":[{"href":"https:\/\/monkeysoil.com\/de\/wp-json\/wp\/v2\/media?parent=23659"}],"curies":[{"name":"wp","href":"https:\/\/api.w.org\/{rel}","templated":true}]}}