{"id":23558,"date":"2024-06-07T13:46:37","date_gmt":"2024-06-07T11:46:37","guid":{"rendered":"https:\/\/www.monkeysoil.com\/monkey-soil-2\/"},"modified":"2024-06-07T13:46:41","modified_gmt":"2024-06-07T11:46:41","slug":"monkey-soil-2","status":"publish","type":"page","link":"https:\/\/monkeysoil.com\/de\/monkey-soil-2\/","title":{"rendered":"Monkey Soil"},"content":{"rendered":"<p>[et_pb_section fb_built=&#8221;1&#8243; custom_padding_last_edited=&#8221;on|desktop&#8221; admin_label=&#8221;section&#8221; _builder_version=&#8221;4.14.1&#8243; background_color=&#8221;rgba(255,255,255,0)&#8221; module_alignment=&#8221;center&#8221; custom_padding_tablet=&#8221;50px|0|50px|0&#8243; custom_padding_phone=&#8221;&#8221; transparent_background=&#8221;on&#8221; padding_mobile=&#8221;off&#8221; make_fullwidth=&#8221;off&#8221; use_custom_width=&#8221;off&#8221; width_unit=&#8221;on&#8221; global_colors_info=&#8221;{}&#8221;][et_pb_row column_structure=&#8221;1_4,3_4&#8243; admin_label=&#8221;row&#8221; _builder_version=&#8221;4.14.1&#8243; background_size=&#8221;initial&#8221; background_position=&#8221;top_left&#8221; background_repeat=&#8221;repeat&#8221; width=&#8221;875px&#8221; module_alignment=&#8221;center&#8221; global_colors_info=&#8221;{}&#8221;][et_pb_column type=&#8221;1_4&#8243; _builder_version=&#8221;3.25&#8243; custom_padding=&#8221;|||&#8221; global_colors_info=&#8221;{}&#8221; custom_padding__hover=&#8221;|||&#8221;][\/et_pb_column][et_pb_column type=&#8221;3_4&#8243; _builder_version=&#8221;3.25&#8243; custom_padding=&#8221;|||&#8221; global_colors_info=&#8221;{}&#8221; custom_padding__hover=&#8221;|||&#8221;][et_pb_text _builder_version=&#8221;4.14.1&#8243; _module_preset=&#8221;default&#8221; width_tablet=&#8221;80%&#8221; width_phone=&#8221;40%&#8221; width_last_edited=&#8221;on|phone&#8221; custom_margin_tablet=&#8221;|||20px|false|false&#8221; custom_margin_phone=&#8221;|||20px|false|false&#8221; custom_margin_last_edited=&#8221;on|desktop&#8221; global_colors_info=&#8221;{}&#8221;]<\/p>\n<h1>MONKEY SOIL<\/h1>\n<p><strong>Monkey Soil<\/strong> erm\u00f6glicht nat\u00fcrliches Wachstum, indem wir den Prinzipien folgen, die wir in den <strong>biologischen Zyklen<\/strong> der Natur beobachten. Auf diese Weise machen wir es m\u00f6glich, die Eigenschaften jeder Genetik und Spezies zu sch\u00e4tzen.<\/p>\n<p>Wir glauben an die <strong>Nachhaltigkeit<\/strong> von Nutzpflanzen und <strong>den Umweltschutz<\/strong>. Aus diesem <strong>Grund stellen wir hochwertige Produkte<\/strong> aus der <strong>Kreislaufwirtschaft<\/strong> her und verwenden in den meisten unserer Rezepturen <strong>100 % organische <\/strong> Verbindungen.<\/p>\n<p>St\u00f6bern Sie im umfangreichen Katalog von Monkey Soil, in dem Sie L\u00f6sungen und Produkte f\u00fcr alle Wachstumstrends entdecken k\u00f6nnen. Egal welche Art von Anbauer Sie sind, Sie werden eine <em>Monkey-Formel<\/em> f\u00fcr sich finden!<\/p>\n<p>[\/et_pb_text][\/et_pb_column][\/et_pb_row][et_pb_row column_structure=&#8221;1_4,3_4&#8243; admin_label=&#8221;row&#8221; _builder_version=&#8221;4.14.1&#8243; background_size=&#8221;initial&#8221; background_position=&#8221;top_left&#8221; background_repeat=&#8221;repeat&#8221; width=&#8221;875px&#8221; module_alignment=&#8221;center&#8221; global_colors_info=&#8221;{}&#8221;][et_pb_column type=&#8221;1_4&#8243; _builder_version=&#8221;3.25&#8243; custom_padding=&#8221;|||&#8221; global_colors_info=&#8221;{}&#8221; custom_padding__hover=&#8221;|||&#8221;][et_pb_image src=&#8221;https:\/\/monkeysoil.com\/wp-content\/uploads\/formula-pro.png&#8221; title_text=&#8221;formula-pro&#8221; align_tablet=&#8221;center&#8221; align_phone=&#8221;&#8221; align_last_edited=&#8221;on|desktop&#8221; disabled_on=&#8221;on|on|off&#8221; _builder_version=&#8221;4.14.1&#8243; hover_enabled=&#8221;0&#8243; always_center_on_mobile=&#8221;on&#8221; global_colors_info=&#8221;{}&#8221; sticky_enabled=&#8221;0&#8243;][\/et_pb_image][\/et_pb_column][et_pb_column type=&#8221;3_4&#8243; _builder_version=&#8221;3.25&#8243; custom_padding=&#8221;|||&#8221; global_colors_info=&#8221;{}&#8221; custom_padding__hover=&#8221;|||&#8221;][et_pb_text _builder_version=&#8221;4.14.1&#8243; _module_preset=&#8221;default&#8221; width_tablet=&#8221;80%&#8221; width_phone=&#8221;40%&#8221; width_last_edited=&#8221;on|phone&#8221; custom_margin_tablet=&#8221;|||20px|false|false&#8221; custom_margin_phone=&#8221;|||20px|false|false&#8221; custom_margin_last_edited=&#8221;on|tablet&#8221; global_colors_info=&#8221;{}&#8221;]<\/p>\n<h2>FORM\u00daLA PRO<\/h2>\n<h3>MIT AMINOS\u00c4UREN FORMULIERTE FL\u00dcSSIGD\u00dcNGER<\/h3>\n<p>Monkey Soil bringt seine neue N\u00e4hrstofflinie auf den Markt, die entwickelt wurde, um Pflanzen mit <strong>fl\u00fcssigen Produkten<\/strong> zu ern\u00e4hren, die der Wachstumsphilosophie von Monkey folgen. Seine revolution\u00e4re Formel enth\u00e4lt <strong>essentielle Mineralien<\/strong>, <strong>Probiotika<\/strong>, <strong>Spurenelemente<\/strong> und <strong>freie Aminos\u00e4uren<\/strong>.<\/p>\n<p><strong>Aminos\u00e4uren<\/strong> stabilisieren die Pflanze in <strong>Stresssituationen<\/strong> und <strong>verbessern die F\u00e4higkeit der Pflanze<\/strong>, N\u00e4hrstoffe und Wasser aufzunehmen. Jedes Produkt hat in seiner Zusammensetzung einen h\u00f6heren Anteil an Aminos\u00e4uren, als die Pflanze in jeder Phase synthetisieren w\u00fcrde. Diese freien Aminos\u00e4uren sind von der Pflanze vollst\u00e4ndig verwertbar.<\/p>\n<p>[\/et_pb_text][et_pb_button button_url=&#8221;https:\/\/monkeysoil.com\/productos\/#fertilizantes-liquidos&#8221; button_text=&#8221;ZU FL\u00dcSSIGD\u00dcNGER GEHEN&#8221; _builder_version=&#8221;4.14.1&#8243; _module_preset=&#8221;default&#8221; custom_button=&#8221;on&#8221; button_text_size=&#8221;16px&#8221; button_border_radius=&#8221;0px&#8221; button_use_icon=&#8221;off&#8221; custom_margin_tablet=&#8221;|||20px|false|false&#8221; custom_margin_phone=&#8221;|||20px|false|false&#8221; custom_margin_last_edited=&#8221;on|desktop&#8221; global_colors_info=&#8221;{}&#8221;][\/et_pb_button][\/et_pb_column][\/et_pb_row][et_pb_row column_structure=&#8221;1_4,3_4&#8243; admin_label=&#8221;row&#8221; _builder_version=&#8221;4.14.1&#8243; background_size=&#8221;initial&#8221; background_position=&#8221;top_left&#8221; background_repeat=&#8221;repeat&#8221; width=&#8221;875px&#8221; module_alignment=&#8221;center&#8221; global_colors_info=&#8221;{}&#8221;][et_pb_column type=&#8221;1_4&#8243; _builder_version=&#8221;3.25&#8243; custom_padding=&#8221;|||&#8221; global_colors_info=&#8221;{}&#8221; custom_padding__hover=&#8221;|||&#8221;][et_pb_image src=&#8221;https:\/\/monkeysoil.com\/wp-content\/uploads\/super-soil-web.png&#8221; title_text=&#8221;super-soil-web&#8221; align_tablet=&#8221;center&#8221; align_phone=&#8221;&#8221; align_last_edited=&#8221;on|desktop&#8221; disabled_on=&#8221;on|on|off&#8221; _builder_version=&#8221;4.14.1&#8243; hover_enabled=&#8221;0&#8243; always_center_on_mobile=&#8221;on&#8221; global_colors_info=&#8221;{}&#8221; sticky_enabled=&#8221;0&#8243;][\/et_pb_image][\/et_pb_column][et_pb_column type=&#8221;3_4&#8243; _builder_version=&#8221;3.25&#8243; custom_padding=&#8221;|||&#8221; global_colors_info=&#8221;{}&#8221; custom_padding__hover=&#8221;|||&#8221;][et_pb_text admin_label=&#8221;super soil text&#8221; _builder_version=&#8221;4.14.1&#8243; _module_preset=&#8221;default&#8221; width_tablet=&#8221;80%&#8221; width_phone=&#8221;40%&#8221; width_last_edited=&#8221;on|phone&#8221; custom_margin_tablet=&#8221;|||20px|false|false&#8221; custom_margin_phone=&#8221;|||20px|false|false&#8221; custom_margin_last_edited=&#8221;on|phone&#8221; global_colors_info=&#8221;{}&#8221;]<\/p>\n<h2>SUPER SOIL<\/h2>\n<h3>ORGANISCHE FESTE N\u00c4HRSTOFFE<\/h3>\n<p>Das Konzept von <strong>Super Soil<\/strong> besteht darin, ein Supersubstrat zu schaffen, das die Eigenschaften eines nat\u00fcrlichen und zu <strong>100 % nachhaltigen<\/strong> fruchtbaren Bodens hat, auf dem die Pflanze die optimale Nahrung erh\u00e4lt, um w\u00e4hrend ihres gesamten Lebenszyklus kr\u00e4ftig und gesund zu wachsen. Durch die D\u00fcngung des Substrats mit organischen Produkten, <strong>die langsam aufgenommen werden, kann die Pflanze je nach Bedarf und in der genau ben\u00f6tigten Menge auf verschiedene N\u00e4hrstoffe zugreifen<\/strong>.<\/p>\n<p>Ausgewogene fruchtbare B\u00f6den bilden ein \u00d6kosystem, das aus Mineralien, organischen Stoffen, Luft, Wasser, kleiner Fauna sowie pflanzlichen und tierischen Mikroorganismen besteht.<br \/>All diese Elemente sind miteinander verbunden und f\u00fcr die <strong>Freisetzung von N\u00e4hrstoffen<\/strong>, die Aufrechterhaltung einer <strong>guten Bodenstruktur<\/strong> und <strong>den Schutz vor Krankheiten verantwortlich<\/strong>.<\/p>\n<p>[\/et_pb_text][et_pb_button button_url=&#8221;https:\/\/monkeysoil.com\/productos\/#fertilizantes-solidos&#8221; button_text=&#8221;ZU SUPER SOIL&#8221; _builder_version=&#8221;4.14.1&#8243; _module_preset=&#8221;default&#8221; custom_button=&#8221;on&#8221; button_text_size=&#8221;16px&#8221; button_border_radius=&#8221;0px&#8221; button_use_icon=&#8221;off&#8221; custom_margin_tablet=&#8221;|||20px|false|false&#8221; custom_margin_phone=&#8221;|||20px|false|false&#8221; custom_margin_last_edited=&#8221;on|tablet&#8221; global_colors_info=&#8221;{}&#8221;][\/et_pb_button][\/et_pb_column][\/et_pb_row][et_pb_row column_structure=&#8221;1_4,3_4&#8243; admin_label=&#8221;row&#8221; _builder_version=&#8221;4.14.1&#8243; background_size=&#8221;initial&#8221; background_position=&#8221;top_left&#8221; background_repeat=&#8221;repeat&#8221; width=&#8221;875px&#8221; module_alignment=&#8221;center&#8221; global_colors_info=&#8221;{}&#8221;][et_pb_column type=&#8221;1_4&#8243; _builder_version=&#8221;3.25&#8243; custom_padding=&#8221;|||&#8221; global_colors_info=&#8221;{}&#8221; custom_padding__hover=&#8221;|||&#8221;][et_pb_image src=&#8221;https:\/\/monkeysoil.com\/wp-content\/uploads\/living-soil-web.png&#8221; title_text=&#8221;living-soil-web&#8221; align_tablet=&#8221;center&#8221; align_phone=&#8221;&#8221; align_last_edited=&#8221;on|desktop&#8221; disabled_on=&#8221;on|on|off&#8221; _builder_version=&#8221;4.14.1&#8243; hover_enabled=&#8221;0&#8243; always_center_on_mobile=&#8221;on&#8221; global_colors_info=&#8221;{}&#8221; sticky_enabled=&#8221;0&#8243;][\/et_pb_image][\/et_pb_column][et_pb_column type=&#8221;3_4&#8243; _builder_version=&#8221;3.25&#8243; custom_padding=&#8221;|||&#8221; global_colors_info=&#8221;{}&#8221; custom_padding__hover=&#8221;|||&#8221;][et_pb_text admin_label=&#8221;living soil Text&#8221; _builder_version=&#8221;4.14.1&#8243; _module_preset=&#8221;default&#8221; width_tablet=&#8221;80%&#8221; width_phone=&#8221;40%&#8221; width_last_edited=&#8221;on|phone&#8221; custom_margin_tablet=&#8221;|||20px|false|false&#8221; custom_margin_phone=&#8221;|||20px|false|false&#8221; custom_margin_last_edited=&#8221;on|tablet&#8221; global_colors_info=&#8221;{}&#8221;]<\/p>\n<h2>LIVING SOIL<\/h2>\n<h3>WACHSEN MIT LEBENDEN SUBSTRATEN<\/h3>\n<p><strong>Living Soil<\/strong> ist ein lebendes Substrat, in dem <strong>Mikroorganismen<\/strong> die Hauptakteure sind. Sie leben im Boden und pflegen eine symbiotische Beziehung zu Pflanzen, in der sich beide gegenseitig beim \u00dcberleben helfen. <strong>Mikrolebewesen<\/strong> sch\u00fctzen Pflanzen vor Krankheiten, Sch\u00e4dlingen und Wasserstress und tragen zur Erhaltung der Gesundheit und Struktur der B\u00f6den bei.<\/p>\n<p><strong>Mikroorganismen<\/strong> bauen organische Stoffe im Boden ab und wandeln sie in einfache anorganische Molek\u00fcle um, die Pflanzen leicht verstoffwechseln k\u00f6nnen Pilze helfen den Wurzeln dabei, N\u00e4hrstoffe und Wasser besser aufzunehmen, den pH-Wert des Bodens zu regulieren und den Boden mit Sauerstoff zu versorgen. Im Gegenzug versorgen <strong>Pflanzen <\/strong> sie mit N\u00e4hrstoffen in Form von Zucker und Kohlenstoff, die sie in Form von CO2 aus der Atmosph\u00e4re aufnehmen.<\/p>\n<p>[\/et_pb_text][et_pb_button button_url=&#8221;https:\/\/monkeysoil.com\/productos\/#microvida&#8221; button_text=&#8221;ZU LIVING SOIL&#8221; _builder_version=&#8221;4.14.1&#8243; _module_preset=&#8221;default&#8221; custom_button=&#8221;on&#8221; button_text_size=&#8221;16px&#8221; button_border_radius=&#8221;0px&#8221; button_use_icon=&#8221;off&#8221; custom_margin_tablet=&#8221;|||20px|false|false&#8221; custom_margin_phone=&#8221;|||20px|false|false&#8221; custom_margin_last_edited=&#8221;on|desktop&#8221; custom_padding=&#8221;||||false|false&#8221; global_colors_info=&#8221;{}&#8221;][\/et_pb_button][\/et_pb_column][\/et_pb_row][et_pb_row column_structure=&#8221;1_4,3_4&#8243; admin_label=&#8221;row&#8221; _builder_version=&#8221;4.14.1&#8243; background_size=&#8221;initial&#8221; background_position=&#8221;top_left&#8221; background_repeat=&#8221;repeat&#8221; width=&#8221;875px&#8221; module_alignment=&#8221;center&#8221; global_colors_info=&#8221;{}&#8221;][et_pb_column type=&#8221;1_4&#8243; _builder_version=&#8221;3.25&#8243; custom_padding=&#8221;|||&#8221; global_colors_info=&#8221;{}&#8221; custom_padding__hover=&#8221;|||&#8221;][et_pb_image src=&#8221;https:\/\/monkeysoil.com\/wp-content\/uploads\/premium-substrates-web.png&#8221; title_text=&#8221;premium-substrates-web&#8221; align_tablet=&#8221;center&#8221; align_phone=&#8221;&#8221; align_last_edited=&#8221;on|desktop&#8221; disabled_on=&#8221;on|on|off&#8221; _builder_version=&#8221;4.14.1&#8243; hover_enabled=&#8221;0&#8243; always_center_on_mobile=&#8221;on&#8221; global_colors_info=&#8221;{}&#8221; sticky_enabled=&#8221;0&#8243;][\/et_pb_image][\/et_pb_column][et_pb_column type=&#8221;3_4&#8243; _builder_version=&#8221;3.25&#8243; custom_padding=&#8221;|||&#8221; global_colors_info=&#8221;{}&#8221; custom_padding__hover=&#8221;|||&#8221;][et_pb_text admin_label=&#8221;premium substrates Text&#8221; _builder_version=&#8221;4.14.1&#8243; _module_preset=&#8221;default&#8221; width_tablet=&#8221;80%&#8221; width_phone=&#8221;40%&#8221; width_last_edited=&#8221;on|phone&#8221; custom_margin_tablet=&#8221;|||20px|false|false&#8221; custom_margin_phone=&#8221;|||20px|false|false&#8221; custom_margin_last_edited=&#8221;on|phone&#8221; global_colors_info=&#8221;{}&#8221;]<\/p>\n<h2>HOCHWERTIGE SUBSTRATE<\/h2>\n<h3>MEISTERHAFT FORMULIERTE B\u00d6DEN<\/h3>\n<p>Bei <strong>Monkey Soil<\/strong> betrachten wir den <strong>Boden<\/strong> als die <strong>Mutter der Pflanzen.<\/strong> Das Substrat ist die Basis, auf der sie sich w\u00e4hrend ihres gesamten Lebenszyklus ansiedeln und entwickeln. Die Wahl des richtigen N\u00e4hrmediums ist der erste Schritt zur Schaffung guter Bedingungen, unter denen jede Genetik und jede Pflanzenart ihre urspr\u00fcnglichen Eigenschaften entfalten kann.<\/p>\n<p><strong>Substrate<\/strong> sind eine der Spezialit\u00e4ten von Monkey Soil Seit Jahren entwickeln und erforschen wir <strong>neue Bodenrezepte<\/strong>, um die anspruchsvollsten Anbauer zufrieden zu stellen.. F\u00fcr sie legen wir gro\u00dfen Wert auf die Auswahl der <strong>Rohstoffe<\/strong> und verwenden nur <strong>hochwertige Inhaltsstoffe<\/strong>, die mit umweltvertr\u00e4glichen Verfahren gewonnen wurden.<\/p>\n<p>[\/et_pb_text][et_pb_button button_url=&#8221;https:\/\/monkeysoil.com\/productos\/#sustratos&#8221; button_text=&#8221;ZU SUBSTRATE&#8221; _builder_version=&#8221;4.14.1&#8243; _module_preset=&#8221;default&#8221; custom_button=&#8221;on&#8221; button_text_size=&#8221;16px&#8221; button_border_radius=&#8221;0px&#8221; button_use_icon=&#8221;off&#8221; custom_margin_tablet=&#8221;|||20px|false|false&#8221; custom_margin_phone=&#8221;|||20px|false|false&#8221; custom_margin_last_edited=&#8221;on|tablet&#8221; global_colors_info=&#8221;{}&#8221;][\/et_pb_button][\/et_pb_column][\/et_pb_row][\/et_pb_section]<\/p>\n","protected":false},"excerpt":{"rendered":"<p>MONKEY SOIL Monkey Soil erm\u00f6glicht nat\u00fcrliches Wachstum, indem wir den Prinzipien folgen, die wir in den biologischen Zyklen der Natur beobachten. Auf diese Weise machen wir es m\u00f6glich, die Eigenschaften jeder Genetik und Spezies zu sch\u00e4tzen. Wir glauben an die Nachhaltigkeit von Nutzpflanzen und den Umweltschutz. Aus diesem Grund stellen wir hochwertige Produkte aus der [&hellip;]<\/p>\n","protected":false},"author":3,"featured_media":0,"parent":0,"menu_order":10,"comment_status":"closed","ping_status":"closed","template":"","meta":{"_acf_changed":false,"_et_pb_use_builder":"on","_et_pb_old_content":"","_et_gb_content_width":"","footnotes":""},"class_list":["post-23558","page","type-page","status-publish","hentry"],"acf":[],"_links":{"self":[{"href":"https:\/\/monkeysoil.com\/de\/wp-json\/wp\/v2\/pages\/23558","targetHints":{"allow":["GET"]}}],"collection":[{"href":"https:\/\/monkeysoil.com\/de\/wp-json\/wp\/v2\/pages"}],"about":[{"href":"https:\/\/monkeysoil.com\/de\/wp-json\/wp\/v2\/types\/page"}],"author":[{"embeddable":true,"href":"https:\/\/monkeysoil.com\/de\/wp-json\/wp\/v2\/users\/3"}],"replies":[{"embeddable":true,"href":"https:\/\/monkeysoil.com\/de\/wp-json\/wp\/v2\/comments?post=23558"}],"version-history":[{"count":0,"href":"https:\/\/monkeysoil.com\/de\/wp-json\/wp\/v2\/pages\/23558\/revisions"}],"wp:attachment":[{"href":"https:\/\/monkeysoil.com\/de\/wp-json\/wp\/v2\/media?parent=23558"}],"curies":[{"name":"wp","href":"https:\/\/api.w.org\/{rel}","templated":true}]}}