{"id":23541,"date":"2024-06-06T16:10:06","date_gmt":"2024-06-06T14:10:06","guid":{"rendered":"https:\/\/www.monkeysoil.com\/produkte\/"},"modified":"2024-09-09T17:05:07","modified_gmt":"2024-09-09T15:05:07","slug":"produkte","status":"publish","type":"page","link":"https:\/\/monkeysoil.com\/de\/produkte\/","title":{"rendered":"Produkte"},"content":{"rendered":"<p>[et_pb_section fb_built=&#8221;1&#8243; custom_padding_last_edited=&#8221;on|desktop&#8221; admin_label=&#8221;section&#8221; _builder_version=&#8221;4.14.1&#8243; background_color=&#8221;rgba(255,255,255,0)&#8221; custom_padding_tablet=&#8221;50px|0|50px|0&#8243; custom_padding_phone=&#8221;&#8221; transparent_background=&#8221;on&#8221; padding_mobile=&#8221;off&#8221; make_fullwidth=&#8221;off&#8221; use_custom_width=&#8221;off&#8221; width_unit=&#8221;on&#8221; global_colors_info=&#8221;{}&#8221;][et_pb_row admin_label=&#8221;SUSTRATOS ORG\u00c1NICOS row&#8221; module_id=&#8221;substrate&#8221; _builder_version=&#8221;4.14.1&#8243; background_size=&#8221;initial&#8221; background_position=&#8221;top_left&#8221; background_repeat=&#8221;repeat&#8221; global_colors_info=&#8221;{}&#8221;][et_pb_column type=&#8221;4_4&#8243; _builder_version=&#8221;3.25&#8243; custom_padding=&#8221;|||&#8221; global_colors_info=&#8221;{}&#8221; custom_padding__hover=&#8221;|||&#8221;][et_pb_text admin_label=&#8221;SUSTRATOS ORG\u00c1NICOS Texto&#8221; _builder_version=&#8221;4.14.1&#8243; text_text_color=&#8221;#3a3a3a&#8221; header_text_color=&#8221;#3a3a3a&#8221; header_2_text_color=&#8221;#ffffff&#8221; text_orientation=&#8221;center&#8221; background_layout=&#8221;dark&#8221; global_colors_info=&#8221;{}&#8221;]<\/p>\n<h1>ORGANISCHE SUBSTRATE<\/h1>\n<p>Verschiedene Arten von organischen Substraten aus ausgew\u00e4hlten, hochwertigen Rohstoffen.<\/p>\n<p>[\/et_pb_text][et_pb_shop type=&#8221;product_category&#8221; posts_number=&#8221;999&#8243; include_categories=&#8221;169&#8243; columns_number=&#8221;4&#8243; orderby=&#8221;menu_order&#8221; hover_overlay_color=&#8221;rgba(0,0,0,0.5)&#8221; show_sale_badge=&#8221;off&#8221; admin_label=&#8221;SUSTRATOS ORG\u00c1NICOS Woo Products&#8221; _builder_version=&#8221;4.14.1&#8243; width=&#8221;100%&#8221; width_tablet=&#8221;100%&#8221; width_phone=&#8221;100%&#8221; width_last_edited=&#8221;on|tablet&#8221; max_width=&#8221;100%&#8221; module_alignment=&#8221;center&#8221; global_colors_info=&#8221;{}&#8221; custom_css_before_last_edited=&#8221;on|phone&#8221;]&nbsp;<br \/>\n[\/et_pb_shop][\/et_pb_column][\/et_pb_row][et_pb_row admin_label=&#8221;FERTILIZANTES Liquidos Row&#8221; module_id=&#8221;flussigdunger&#8221; _builder_version=&#8221;4.14.1&#8243; background_size=&#8221;initial&#8221; background_position=&#8221;top_left&#8221; background_repeat=&#8221;repeat&#8221; global_colors_info=&#8221;{}&#8221;][et_pb_column type=&#8221;4_4&#8243; _builder_version=&#8221;3.25&#8243; custom_padding=&#8221;|||&#8221; global_colors_info=&#8221;{}&#8221; custom_padding__hover=&#8221;|||&#8221;][et_pb_text admin_label=&#8221;FERTILIZANTES Liquidos Texto&#8221; _builder_version=&#8221;4.14.1&#8243; text_text_color=&#8221;#3a3a3a&#8221; header_text_color=&#8221;#3a3a3a&#8221; header_2_text_color=&#8221;#ffffff&#8221; text_orientation=&#8221;center&#8221; background_layout=&#8221;dark&#8221; global_colors_info=&#8221;{}&#8221;]<\/p>\n<h1>FL\u00dcSSIGD\u00dcNGER<\/h1>\n<p>Fl\u00fcssigd\u00fcnger mit Aminos\u00e4uren, essentiellen Mineralien, Probiotika und Spurenelementen.<\/p>\n<p>[\/et_pb_text][et_pb_shop type=&#8221;product_category&#8221; posts_number=&#8221;999&#8243; include_categories=&#8221;504&#8243; columns_number=&#8221;4&#8243; orderby=&#8221;menu_order&#8221; hover_overlay_color=&#8221;rgba(0,0,0,0.5)&#8221; admin_label=&#8221;FERTILIZANTES Liquidos Woo Products&#8221; _builder_version=&#8221;4.14.1&#8243; global_colors_info=&#8221;{}&#8221;]&nbsp;<br \/>\n[\/et_pb_shop][\/et_pb_column][\/et_pb_row][et_pb_row admin_label=&#8221;FERTILIZANTES Solidos Row&#8221; module_id=&#8221;festdunger&#8221; _builder_version=&#8221;4.14.1&#8243; background_size=&#8221;initial&#8221; background_position=&#8221;top_left&#8221; background_repeat=&#8221;repeat&#8221; global_colors_info=&#8221;{}&#8221;][et_pb_column type=&#8221;4_4&#8243; _builder_version=&#8221;3.25&#8243; custom_padding=&#8221;|||&#8221; global_colors_info=&#8221;{}&#8221; custom_padding__hover=&#8221;|||&#8221;][et_pb_text admin_label=&#8221;FERTILIZANTES SOLIDOS Texto&#8221; _builder_version=&#8221;4.14.1&#8243; text_text_color=&#8221;#3a3a3a&#8221; header_text_color=&#8221;#3a3a3a&#8221; header_2_text_color=&#8221;#ffffff&#8221; text_orientation=&#8221;center&#8221; background_layout=&#8221;dark&#8221; global_colors_info=&#8221;{}&#8221;]<\/p>\n<h1>FESTE D\u00dcNGEMITTEL<\/h1>\n<p>Feste organische D\u00fcngemittel, die die Pflanzen mit nat\u00fcrlich vorkommenden N\u00e4hrstoffen versorgen.<\/p>\n<p>[\/et_pb_text][et_pb_shop type=&#8221;product_category&#8221; posts_number=&#8221;999&#8243; include_categories=&#8221;513&#8243; columns_number=&#8221;4&#8243; orderby=&#8221;menu_order&#8221; hover_overlay_color=&#8221;rgba(0,0,0,0.5)&#8221; admin_label=&#8221;FERTILIZANTES SOLIDOS Woo Products&#8221; _builder_version=&#8221;4.14.1&#8243; global_colors_info=&#8221;{}&#8221;]&nbsp;<br \/>\n[\/et_pb_shop][\/et_pb_column][\/et_pb_row][et_pb_row admin_label=&#8221;BANDEJAS DE GERMINACI\u00d3N Row&#8221; module_id=&#8221;keimschalen&#8221; _builder_version=&#8221;4.14.1&#8243; background_size=&#8221;initial&#8221; background_position=&#8221;top_left&#8221; background_repeat=&#8221;repeat&#8221; hover_enabled=&#8221;0&#8243; global_colors_info=&#8221;{}&#8221; sticky_enabled=&#8221;0&#8243;][et_pb_column type=&#8221;4_4&#8243; _builder_version=&#8221;3.25&#8243; custom_padding=&#8221;|||&#8221; global_colors_info=&#8221;{}&#8221; custom_padding__hover=&#8221;|||&#8221;][et_pb_text admin_label=&#8221;BANDEJAS DE GERMINACI\u00d3N Texto&#8221; _builder_version=&#8221;4.14.1&#8243; text_text_color=&#8221;#3a3a3a&#8221; header_text_color=&#8221;#3a3a3a&#8221; header_2_text_color=&#8221;#ffffff&#8221; text_orientation=&#8221;center&#8221; background_layout=&#8221;dark&#8221; global_colors_info=&#8221;{}&#8221;]<\/p>\n<h1>KEIMSCHALEN<\/h1>\n<p>Einstecktabletts, ideal f\u00fcr die Keimung von Samen und das Klonen von Pflanzen. <\/p>\n<p>[\/et_pb_text][et_pb_shop type=&#8221;product_category&#8221; posts_number=&#8221;999&#8243; include_categories=&#8221;531&#8243; columns_number=&#8221;4&#8243; orderby=&#8221;menu_order&#8221; hover_overlay_color=&#8221;rgba(0,0,0,0.5)&#8221; admin_label=&#8221;BANDEJAS DE GERMINACI\u00d3N Woo Products&#8221; _builder_version=&#8221;4.14.1&#8243; global_colors_info=&#8221;{}&#8221;]&nbsp;<br \/>\n[\/et_pb_shop][\/et_pb_column][\/et_pb_row][et_pb_row admin_label=&#8221;MICROVIDA Row&#8221; module_id=&#8221;microlife&#8221; _builder_version=&#8221;4.14.1&#8243; background_size=&#8221;initial&#8221; background_position=&#8221;top_left&#8221; background_repeat=&#8221;repeat&#8221; hover_enabled=&#8221;0&#8243; global_colors_info=&#8221;{}&#8221; sticky_enabled=&#8221;0&#8243;][et_pb_column type=&#8221;4_4&#8243; _builder_version=&#8221;3.25&#8243; custom_padding=&#8221;|||&#8221; global_colors_info=&#8221;{}&#8221; custom_padding__hover=&#8221;|||&#8221;][et_pb_text admin_label=&#8221;MICROVIDA Texto&#8221; _builder_version=&#8221;4.14.1&#8243; text_text_color=&#8221;#3a3a3a&#8221; header_text_color=&#8221;#3a3a3a&#8221; header_2_text_color=&#8221;#ffffff&#8221; text_orientation=&#8221;center&#8221; background_layout=&#8221;dark&#8221; global_colors_info=&#8221;{}&#8221;]<\/p>\n<h1>MICROLIFE<\/h1>\n<p>Mikroorganismen, die Pflanzen vor Krankheiten, Sch\u00e4dlingen und Wasserstress sch\u00fctzen.<\/p>\n<p>[\/et_pb_text][et_pb_shop type=&#8221;product_category&#8221; posts_number=&#8221;999&#8243; include_categories=&#8221;532&#8243; columns_number=&#8221;4&#8243; orderby=&#8221;menu_order&#8221; hover_overlay_color=&#8221;rgba(0,0,0,0.5)&#8221; admin_label=&#8221;MICROVIDA Woo Products&#8221; _builder_version=&#8221;4.14.1&#8243; module_alignment=&#8221;center&#8221; global_colors_info=&#8221;{}&#8221;]&nbsp;<br \/>\n[\/et_pb_shop][\/et_pb_column][\/et_pb_row][\/et_pb_section]<\/p>\n","protected":false},"excerpt":{"rendered":"<p>ORGANISCHE SUBSTRATE Verschiedene Arten von organischen Substraten aus ausgew\u00e4hlten, hochwertigen Rohstoffen.&nbsp; FL\u00dcSSIGD\u00dcNGER Fl\u00fcssigd\u00fcnger mit Aminos\u00e4uren, essentiellen Mineralien, Probiotika und Spurenelementen.&nbsp; FESTE D\u00dcNGEMITTEL Feste organische D\u00fcngemittel, die die Pflanzen mit nat\u00fcrlich vorkommenden N\u00e4hrstoffen versorgen.&nbsp; KEIMSCHALEN Einstecktabletts, ideal f\u00fcr die Keimung von Samen und das Klonen von Pflanzen. &nbsp; MICROLIFE Mikroorganismen, die Pflanzen vor Krankheiten, Sch\u00e4dlingen und [&hellip;]<\/p>\n","protected":false},"author":3,"featured_media":0,"parent":0,"menu_order":2,"comment_status":"closed","ping_status":"closed","template":"","meta":{"_acf_changed":false,"_et_pb_use_builder":"on","_et_pb_old_content":"","_et_gb_content_width":"","footnotes":""},"class_list":["post-23541","page","type-page","status-publish","hentry"],"acf":[],"_links":{"self":[{"href":"https:\/\/monkeysoil.com\/de\/wp-json\/wp\/v2\/pages\/23541","targetHints":{"allow":["GET"]}}],"collection":[{"href":"https:\/\/monkeysoil.com\/de\/wp-json\/wp\/v2\/pages"}],"about":[{"href":"https:\/\/monkeysoil.com\/de\/wp-json\/wp\/v2\/types\/page"}],"author":[{"embeddable":true,"href":"https:\/\/monkeysoil.com\/de\/wp-json\/wp\/v2\/users\/3"}],"replies":[{"embeddable":true,"href":"https:\/\/monkeysoil.com\/de\/wp-json\/wp\/v2\/comments?post=23541"}],"version-history":[{"count":0,"href":"https:\/\/monkeysoil.com\/de\/wp-json\/wp\/v2\/pages\/23541\/revisions"}],"wp:attachment":[{"href":"https:\/\/monkeysoil.com\/de\/wp-json\/wp\/v2\/media?parent=23541"}],"curies":[{"name":"wp","href":"https:\/\/api.w.org\/{rel}","templated":true}]}}